{"id":22810,"date":"2025-04-10T12:05:09","date_gmt":"2025-04-10T10:05:09","guid":{"rendered":"https:\/\/myspainfood.com\/producto\/partida-de-la-abuela-900-gr-chicon\/"},"modified":"2026-01-29T11:29:45","modified_gmt":"2026-01-29T10:29:45","slug":"partida-de-la-abuela-900-gr-chicon","status":"publish","type":"product","link":"https:\/\/myspainfood.com\/et\/producto\/partida-de-la-abuela-900-gr-chicon\/","title":{"rendered":"Partida de la Abuela 900 gr Chicon"},"content":{"rendered":"<p>Chicon Grandmother&#8217;s Split Olives&#8217;i eelised<\/p>\n<p>Vanaema l\u00f5hutud oliividest on palju kasu ja lisaks nende suurep\u00e4rasele maitsele on nende omadused ka tervisele v\u00e4ga kasulikud.<\/p>\n<p>Nad v\u00e4hendavad kolesterooli. T\u00e4nu oleiinhappele aitavad vanaema l\u00f5hestatud oliivid hoida kolesterooli. <\/p>\n<p>Need aitavad seedimist. T\u00e4nu oma k\u00f5rgele kiudainesisaldusele aitavad need oliivid k\u00f5rvaldada toksiine ja parandada \u00fcldist seedimist. <\/p>\n<p>Naha kasu. A- ja E-vitamiinid on nahale kasulikud ja vananemisvastased. <\/p>\n<p>Nad annavad energiat. Nad sisaldavad palju rauda, mis aitab s\u00fcnteesida karnitiini ja toota energiat. <\/p>\n<p>Osta oma oliivid vanaema peolt<\/p>\n<p>Grandma&#8217;s Olives paistavad silma oma magusa, kuid intensiivse maitse ja iseloomuliku maitsestuse poolest, mis on loodud looduslike v\u00fcrtside abil.<\/p>\n<p>P\u00e4rast 5-aastast s\u00e4ilitamist leotatakse oliivipuu vilju, kuni need saavutavad meie <a href=\"https:\/\/latiendadesami.com\/categoria-producto\/encurtidos\/\" target=\"_blank\" rel=\"noopener noreferrer nofollow\">&#8220;Encurtidos Aceitunas de la Abuela&#8221; (vanaema oliivide marineeritud hapukurgid<\/a> ) meeldiva tekstuuri.<\/p>\n<p>Need terved, k\u00f5va viljalihaga oliivid, mis on kergelt purustatud ja <a href=\"https:\/\/es.wikipedia.org\/wiki\/Aceitunas_ali%C3%B1adas\" target=\"_blank\" rel=\"noopener noreferrer nofollow\">maitsestatud<\/a> vanaema retsepti j\u00e4rgi, on pika peretraditsiooni tulemus, algselt p\u00e4rit Antequerast, Malagast.<\/p>\n","protected":false},"excerpt":{"rendered":"<p>Chicon Grandmother&#8217;s Split Olives&#8217;i eelised Vanaema l\u00f5hutud oliividest on palju kasu ja lisaks nende suurep\u00e4rasele maitsele on nende omadused ka tervisele v\u00e4ga kasulikud. Nad v\u00e4hendavad kolesterooli. T\u00e4nu oleiinhappele aitavad vanaema l\u00f5hestatud oliivid hoida kolesterooli. Need aitavad seedimist. T\u00e4nu oma k\u00f5rgele kiudainesisaldusele aitavad need oliivid k\u00f5rvaldada toksiine ja parandada \u00fcldist seedimist. Naha kasu. A- ja E-vitamiinid [&hellip;]<\/p>\n","protected":false},"featured_media":22817,"template":"","meta":{"_et_pb_use_builder":"","_et_pb_old_content":"","_et_gb_content_width":""},"product_brand":[1036],"product_cat":[1790,1793],"product_tag":[1797,1795],"class_list":{"0":"post-22810","1":"product","2":"type-product","3":"status-publish","4":"has-post-thumbnail","6":"product_brand-chicon","7":"product_cat-kurgid","8":"product_cat-oliivid","9":"product_tag-punkti","10":"product_tag-vanaema","12":"first","13":"instock","14":"featured","15":"taxable","16":"shipping-taxable","17":"purchasable","18":"product-type-variable"},"_links":{"self":[{"href":"https:\/\/myspainfood.com\/et\/wp-json\/wp\/v2\/product\/22810","targetHints":{"allow":["GET"]}}],"collection":[{"href":"https:\/\/myspainfood.com\/et\/wp-json\/wp\/v2\/product"}],"about":[{"href":"https:\/\/myspainfood.com\/et\/wp-json\/wp\/v2\/types\/product"}],"wp:featuredmedia":[{"embeddable":true,"href":"https:\/\/myspainfood.com\/et\/wp-json\/wp\/v2\/media\/22817"}],"wp:attachment":[{"href":"https:\/\/myspainfood.com\/et\/wp-json\/wp\/v2\/media?parent=22810"}],"wp:term":[{"taxonomy":"product_brand","embeddable":true,"href":"https:\/\/myspainfood.com\/et\/wp-json\/wp\/v2\/product_brand?post=22810"},{"taxonomy":"product_cat","embeddable":true,"href":"https:\/\/myspainfood.com\/et\/wp-json\/wp\/v2\/product_cat?post=22810"},{"taxonomy":"product_tag","embeddable":true,"href":"https:\/\/myspainfood.com\/et\/wp-json\/wp\/v2\/product_tag?post=22810"}],"curies":[{"name":"wp","href":"https:\/\/api.w.org\/{rel}","templated":true}]}}