{"id":23240,"date":"2025-04-10T12:05:54","date_gmt":"2025-04-10T10:05:54","guid":{"rendered":"https:\/\/myspainfood.com\/producto\/sardinillas-oti-925gr\/"},"modified":"2025-04-10T12:05:54","modified_gmt":"2025-04-10T10:05:54","slug":"sardinillas-oti-925gr","status":"publish","type":"product","link":"https:\/\/myspainfood.com\/et\/producto\/sardinillas-oti-925gr\/","title":{"rendered":"Sardinillas Oti 925gr"},"content":{"rendered":"<p>Conservas Oti valib v\u00e4lja parimad sardiinid, mis l\u00f5igatakse k\u00e4sitsi, ilma peata ja puhastatakse, seej\u00e4rel auruga r\u00f6stitakse ja pakendatakse p\u00e4evalille\u00f5lisse. Need paistavad sardiinid paistavad silma atraktiivse h\u00f5bedase v\u00e4limuse, kreemja tekstuuri, intensiivse kalamaitse ja suurep\u00e4rase esitluse poolest. T\u00e4nu k\u00f5rgele Omega 3 sisaldusele aitavad nad kaasa Vahemere piirkonna toitumisele.  <\/p>\n","protected":false},"excerpt":{"rendered":"<p>Conservas Oti valib v\u00e4lja parimad sardiinid, mis l\u00f5igatakse k\u00e4sitsi, ilma peata ja puhastatakse, seej\u00e4rel auruga r\u00f6stitakse ja pakendatakse p\u00e4evalille\u00f5lisse. Need paistavad sardiinid paistavad silma atraktiivse h\u00f5bedase v\u00e4limuse, kreemja tekstuuri, intensiivse kalamaitse ja suurep\u00e4rase esitluse poolest. T\u00e4nu k\u00f5rgele Omega 3 sisaldusele aitavad nad kaasa Vahemere piirkonna toitumisele.<\/p>\n","protected":false},"featured_media":23246,"template":"","meta":{"_et_pb_use_builder":"","_et_pb_old_content":"","_et_gb_content_width":""},"product_brand":[1075],"product_cat":[1938,3786],"product_tag":[],"class_list":{"0":"post-23240","1":"product","2":"type-product","3":"status-publish","4":"has-post-thumbnail","6":"product_brand-oti","7":"product_cat-sailitab","8":"product_cat-sardinillas-et","10":"first","11":"outofstock","12":"taxable","13":"shipping-taxable","14":"purchasable","15":"product-type-variable"},"_links":{"self":[{"href":"https:\/\/myspainfood.com\/et\/wp-json\/wp\/v2\/product\/23240","targetHints":{"allow":["GET"]}}],"collection":[{"href":"https:\/\/myspainfood.com\/et\/wp-json\/wp\/v2\/product"}],"about":[{"href":"https:\/\/myspainfood.com\/et\/wp-json\/wp\/v2\/types\/product"}],"wp:featuredmedia":[{"embeddable":true,"href":"https:\/\/myspainfood.com\/et\/wp-json\/wp\/v2\/media\/23246"}],"wp:attachment":[{"href":"https:\/\/myspainfood.com\/et\/wp-json\/wp\/v2\/media?parent=23240"}],"wp:term":[{"taxonomy":"product_brand","embeddable":true,"href":"https:\/\/myspainfood.com\/et\/wp-json\/wp\/v2\/product_brand?post=23240"},{"taxonomy":"product_cat","embeddable":true,"href":"https:\/\/myspainfood.com\/et\/wp-json\/wp\/v2\/product_cat?post=23240"},{"taxonomy":"product_tag","embeddable":true,"href":"https:\/\/myspainfood.com\/et\/wp-json\/wp\/v2\/product_tag?post=23240"}],"curies":[{"name":"wp","href":"https:\/\/api.w.org\/{rel}","templated":true}]}}