{"id":23470,"date":"2025-04-10T12:06:37","date_gmt":"2025-04-10T10:06:37","guid":{"rendered":"https:\/\/myspainfood.com\/producto\/tuunikala-oliivioli-220-gr\/"},"modified":"2025-04-10T12:06:37","modified_gmt":"2025-04-10T10:06:37","slug":"tuunikala-oliivioli-220-gr","status":"publish","type":"product","link":"https:\/\/myspainfood.com\/et\/producto\/tuunikala-oliivioli-220-gr\/","title":{"rendered":"Tuunikala oliivi\u00f5li 220 gr"},"content":{"rendered":"<p><a href=\"https:\/\/conservasarlequin.com\/arlequin\/\" target=\"_blank\" rel=\"noopener noreferrer nofollow\">Arlequ\u00edn<\/a> Olive Oil Tuna on traditsioonilisel viisil valmistatud konserveeritud toode.<\/p>\n<p><strong>Netokaal\/ kuivatatud:<\/strong> 220g\/150g<\/p>\n<p><strong>\u00dchikud\/karp:<\/strong> 12<\/p>\n<p><strong>Karbid\/pakett:<\/strong> 168<\/p>\n<p><strong>S\u00e4ilivusaeg:<\/strong> 5 aastat<\/p>\n<p><strong>Looduskaitse:<\/strong> keskkond<\/p>\n<p>Conservas <a href=\"https:\/\/latiendadesami.com\/marca\/arlequin\/\" target=\"_blank\" rel=\"noopener noreferrer nofollow\">Arlequ\u00edni<\/a> missiooniks on pakkuda suurep\u00e4rast toodet, parimat teenindust ja laia valikut kalakonserve parima hinnaga.<\/p>\n<p>Nad on spetsialiseerunud ka an\u0161oovisele, an\u0161oovisele, an\u0161oovisele, bonito&#8217;le, hariliku tuuni, oliivi\u00f5lis tuuni, merimugulate, makrellide ja sardiinide valmistamisele.<\/p>\n<p>N\u00e4iteks \u00fctles ajalehes El Pa\u00eds ilmunud Comidista ventresca kohta: &#8220;See on nii \u00f5rn, peaaegu kreemjas, et see paneb sind tahtma abielluda ja elada \u00f5nnelikult, kuni Issand sind v\u00f5tab&#8221;.<\/p>\n<h4>Konservide peamised eelised<\/h4>\n<ol>\n<li>Nad s\u00e4ilitavad k\u00f5ik toidu enda toitumisomadused. Toit s\u00e4ilitab oma v\u00e4rskuse. <\/li>\n<li>Kasutatavad toiduained on tervislikud ja sobivad seet\u00f5ttu optimaalseks toitumiseks t\u00e4nu nende k\u00f5rgele vitamiini- ja valgusisaldusele.<\/li>\n<li>Nende toodete eluiga on pikem (tavaliselt 2-5 aastat).<\/li>\n<li>Konserve on v\u00e4ga lihtne s\u00e4ilitada, sest nende pakend on kergesti kasutatav.<\/li>\n<\/ol>\n<p>Kui soovite osta tuunikala v\u00f5i mis tahes muud liiki <a href=\"https:\/\/latiendadesami.com\/categoria-producto\/conservas\/\" rel=\"noopener noreferrer nofollow\" target=\"_blank\">konservi<\/a>, siis vaadake julgelt meie veebikataloogi, et n\u00e4ha meie <a href=\"https:\/\/latiendadesami.com\/categoria-producto\/conservas\/atun-y-bonito\/\" target=\"_blank\" rel=\"noopener noreferrer nofollow\">tuunikala<\/a> suurt valikut.<\/p>\n<p>Lisateabe saamiseks kirjutage meile.<\/p>\n","protected":false},"excerpt":{"rendered":"<p>harlekin tuunikala oliivi\u00f5lis 220 g<\/p>\n","protected":false},"featured_media":23478,"template":"","meta":{"_et_pb_use_builder":"","_et_pb_old_content":"","_et_gb_content_width":""},"product_brand":[1162],"product_cat":[1938,4300],"product_tag":[],"class_list":{"0":"post-23470","1":"product","2":"type-product","3":"status-publish","4":"has-post-thumbnail","6":"product_brand-arlequin","7":"product_cat-sailitab","8":"product_cat-tuun-ja-bonito","10":"first","11":"onbackorder","12":"taxable","13":"shipping-taxable","14":"purchasable","15":"product-type-variable"},"_links":{"self":[{"href":"https:\/\/myspainfood.com\/et\/wp-json\/wp\/v2\/product\/23470","targetHints":{"allow":["GET"]}}],"collection":[{"href":"https:\/\/myspainfood.com\/et\/wp-json\/wp\/v2\/product"}],"about":[{"href":"https:\/\/myspainfood.com\/et\/wp-json\/wp\/v2\/types\/product"}],"wp:featuredmedia":[{"embeddable":true,"href":"https:\/\/myspainfood.com\/et\/wp-json\/wp\/v2\/media\/23478"}],"wp:attachment":[{"href":"https:\/\/myspainfood.com\/et\/wp-json\/wp\/v2\/media?parent=23470"}],"wp:term":[{"taxonomy":"product_brand","embeddable":true,"href":"https:\/\/myspainfood.com\/et\/wp-json\/wp\/v2\/product_brand?post=23470"},{"taxonomy":"product_cat","embeddable":true,"href":"https:\/\/myspainfood.com\/et\/wp-json\/wp\/v2\/product_cat?post=23470"},{"taxonomy":"product_tag","embeddable":true,"href":"https:\/\/myspainfood.com\/et\/wp-json\/wp\/v2\/product_tag?post=23470"}],"curies":[{"name":"wp","href":"https:\/\/api.w.org\/{rel}","templated":true}]}}