{"id":25190,"date":"2025-04-10T12:05:46","date_gmt":"2025-04-10T10:05:46","guid":{"rendered":"https:\/\/myspainfood.com\/producto\/ansoovisega-taidetud-kornisonge-2-kg-ei\/"},"modified":"2025-06-25T12:21:37","modified_gmt":"2025-06-25T10:21:37","slug":"ansoovisega-taidetud-kornisonge-2-kg-ei","status":"publish","type":"product","link":"https:\/\/myspainfood.com\/et\/producto\/ansoovisega-taidetud-kornisonge-2-kg-ei\/","title":{"rendered":"An\u0161oovisega t\u00e4idetud korni\u0161onge 2 kg ei"},"content":{"rendered":"<p>An\u0161oovisega t\u00e4idetud kurk 2kg - kurk, an\u0161oovis, sibul, oliiv, pipar, sool. Nautida <a href=\"https:\/\/www.google.com\/search?q=pepinillos+rellenos+de+anchoa&amp;sxsrf=APq-WBt_i-Tka1Uv3POveVZqwLAkAbPIVg:1644316240904&amp;source=lnms&amp;tbm=isch&amp;sa=X&amp;ved=2ahUKEwj7or-r8-_1AhXO57sIHTYYAU0Q_AUoAXoECAEQAw&amp;biw=1577&amp;bih=780&amp;dpr=1\" target=\"_blank\" rel=\"noopener noreferrer nofollow\">eelroana<\/a>. <\/p>\n<p>Koostisosadest tulenev maitsesegu koos \u00e4\u00e4dikaga annab sellele erilise maitse, mis on maitsele v\u00e4ga meeldiv.<\/p>\n<p>Kurgid on suupiste, mis tugevdab immuuns\u00fcsteemi, mis t\u00e4hendab, et need toetavad organismi kaitsev\u00f5imet ja \u00fcldist tervist.<\/p>\n<h3><strong>An\u0161oovisega t\u00e4idetud kurkide eelised 2kg<\/strong><\/h3>\n<p>Kas teadsid, et hapukurkide kasulikkus on \u00fcldiselt kasulik? Siin on nimekiri k\u00f5ige olulisematest: <\/p>\n<ul>\n<li>Rikkalikult probiootikume.<\/li>\n<li>Nad aitavad seedimist.<\/li>\n<li>Nad tugevdavad immuuns\u00fcsteemi.<\/li>\n<li>Nad v\u00e4hendavad suhkru isu.<\/li>\n<li>Soodne sapip\u00f5ie jaoks.<\/li>\n<\/ul>\n<p>Kui soovite osta oliive v\u00f5i mis tahes muud t\u00fc\u00fcpi <a href=\"https:\/\/latiendadesami.com\/categoria-producto\/encurtidos\/\" rel=\"noopener noreferrer nofollow\" target=\"_blank\">hapukurki<\/a>, siis vaadake julgelt meie veebikataloogi, et n\u00e4ha, kui suur on meie <a href=\"https:\/\/latiendadesami.com\/categoria-producto\/encurtidos\/pepinillos\/\" target=\"_blank\" rel=\"noopener noreferrer nofollow\">hapukurkide<\/a> valik.<\/p>\n","protected":false},"excerpt":{"rendered":"<p>An\u0161oovisega t\u00e4idetud kurk 2kg - kurk, an\u0161oovis, sibul, oliiv, pipar, sool. Nautida eelroana. Koostisosadest tulenev maitsesegu koos \u00e4\u00e4dikaga annab sellele erilise maitse, mis on maitsele v\u00e4ga meeldiv. Kurgid on suupiste, mis tugevdab immuuns\u00fcsteemi, mis t\u00e4hendab, et need toetavad organismi kaitsev\u00f5imet ja \u00fcldist tervist. An\u0161oovisega t\u00e4idetud kurkide eelised 2kg Kas teadsid, et hapukurkide kasulikkus on \u00fcldiselt [&hellip;]<\/p>\n","protected":false},"featured_media":25193,"template":"","meta":{"_et_pb_use_builder":"","_et_pb_old_content":"","_et_gb_content_width":""},"product_brand":[1069],"product_cat":[1880,1995,1790],"product_tag":[5064,2021],"class_list":{"0":"post-25190","1":"product","2":"type-product","3":"status-publish","4":"has-post-thumbnail","6":"product_brand-sangar","7":"product_cat-cold-et","8":"product_cat-kurgid-et","9":"product_cat-kurgid","10":"product_tag-ansoovis","11":"product_tag-gherkin-et","12":"product_shipping_class-kulmaveo-vedu","14":"first","15":"instock","16":"taxable","17":"shipping-taxable","18":"purchasable","19":"product-type-simple"},"_links":{"self":[{"href":"https:\/\/myspainfood.com\/et\/wp-json\/wp\/v2\/product\/25190","targetHints":{"allow":["GET"]}}],"collection":[{"href":"https:\/\/myspainfood.com\/et\/wp-json\/wp\/v2\/product"}],"about":[{"href":"https:\/\/myspainfood.com\/et\/wp-json\/wp\/v2\/types\/product"}],"wp:featuredmedia":[{"embeddable":true,"href":"https:\/\/myspainfood.com\/et\/wp-json\/wp\/v2\/media\/25193"}],"wp:attachment":[{"href":"https:\/\/myspainfood.com\/et\/wp-json\/wp\/v2\/media?parent=25190"}],"wp:term":[{"taxonomy":"product_brand","embeddable":true,"href":"https:\/\/myspainfood.com\/et\/wp-json\/wp\/v2\/product_brand?post=25190"},{"taxonomy":"product_cat","embeddable":true,"href":"https:\/\/myspainfood.com\/et\/wp-json\/wp\/v2\/product_cat?post=25190"},{"taxonomy":"product_tag","embeddable":true,"href":"https:\/\/myspainfood.com\/et\/wp-json\/wp\/v2\/product_tag?post=25190"}],"curies":[{"name":"wp","href":"https:\/\/api.w.org\/{rel}","templated":true}]}}