{"id":25358,"date":"2025-04-10T12:05:46","date_gmt":"2025-04-10T10:05:46","guid":{"rendered":"https:\/\/myspainfood.com\/producto\/kondita-45-kg\/"},"modified":"2025-05-08T20:42:28","modified_gmt":"2025-05-08T18:42:28","slug":"kondita-45-kg","status":"publish","type":"product","link":"https:\/\/myspainfood.com\/et\/producto\/kondita-45-kg\/","title":{"rendered":"Kondita 4,5 kg"},"content":{"rendered":"<p>Pitted Olive 4,5 kg on rohelist v\u00e4rvi ja <a href=\"https:\/\/www.google.com\/search?q=aceitunas+deshuesadas&amp;sxsrf=APq-WBvbn4FM7rlwj2SbPE3GYq4nrKA1Ug:1644314369924&amp;source=lnms&amp;tbm=isch&amp;sa=X&amp;ved=2ahUKEwjE56uv7O_1AhWrgf0HHWvsDTUQ_AUoAXoECAEQAw&amp;biw=1577&amp;bih=780&amp;dpr=1\" target=\"_blank\" rel=\"noopener noreferrer nofollow\">kivideta<\/a>. See s\u00e4ilitab oma algse kuju. <\/p>\n<p>See on v\u00e4ga tervislik t\u00e4iendus meie traditsioonilisele toitev\u00e4\u00e4rtuslikule Vahemere piirkonna toitumisele.<\/p>\n<p>Hispaanias leiame oliive, korni\u0161onge, bakla\u017eaane, porgandeid, sibulat, v\u00e4ga traditsioonilisi kappari, k\u00fc\u00fcslauku v\u00f5i isegi nende segu.<\/p>\n<p>Neid serveeritakse sageli tapasena \u00f5llega (mitte veiniga, kuna need sisaldavad \u00e4\u00e4dikat).<\/p>\n<p>Marineeritud hapukurgid on kogu maailmas muutunud iidsetest toidu s\u00e4ilitamise meetoditest \u00fcheks k\u00f5ige populaarsemaks tapaks v\u00f5i eelroaks Hispaania gastronoomias.<\/p>\n<h3>Pitted Olives 4.5 kg eelised<\/h3>\n<p>Kas teadsite nende oliivide mitmek\u00fclgset kasu? Nad on v\u00e4ga t\u00f5husad s\u00fcdame- ja vereringehaiguste ennetamisel \u00fcldiselt. <\/p>\n<p>See on tingitud selle suurest k\u00fcllastumata rasvade sisaldusest. Lisaks sellele sisaldab see toit palju rauda ja kiudaineid ning on v\u00e4ga k\u00fcllastav, mist\u00f5ttu on see ideaalne vahepala. <\/p>\n<p>Kui soovite osta oliive v\u00f5i mis tahes muud liiki <a href=\"https:\/\/latiendadesami.com\/categoria-producto\/encurtidos\/\" rel=\"noopener noreferrer nofollow\" target=\"_blank\">marineeritud toiduaineid<\/a>, siis vaadake julgelt meie veebikataloogi, et n\u00e4ha meie <a href=\"https:\/\/latiendadesami.com\/categoria-producto\/encurtidos\/aceitunas\/\" target=\"_blank\" rel=\"noopener noreferrer nofollow\">oliivide<\/a> suurt valikut.<\/p>\n<p>V\u00f5ite kirjutada meile, et saada lisateavet kogu meie n\u00e4idiskollektsiooni kohta.<\/p>\n","protected":false},"excerpt":{"rendered":"<p>Pitted Olive 4,5 kg on rohelist v\u00e4rvi ja kivideta. See s\u00e4ilitab oma algse kuju. See on v\u00e4ga tervislik t\u00e4iendus meie traditsioonilisele toitev\u00e4\u00e4rtuslikule Vahemere piirkonna toitumisele. Hispaanias leiame oliive, korni\u0161onge, bakla\u017eaane, porgandeid, sibulat, v\u00e4ga traditsioonilisi kappari, k\u00fc\u00fcslauku v\u00f5i isegi nende segu. Neid serveeritakse sageli tapasena \u00f5llega (mitte veiniga, kuna need sisaldavad \u00e4\u00e4dikat). Marineeritud hapukurgid on kogu [&hellip;]<\/p>\n","protected":false},"featured_media":25366,"template":"","meta":{"_et_pb_use_builder":"","_et_pb_old_content":"","_et_gb_content_width":""},"product_brand":[1069],"product_cat":[1790,1793],"product_tag":[5214],"class_list":{"0":"post-25358","1":"product","2":"type-product","3":"status-publish","4":"has-post-thumbnail","6":"product_brand-sangar","7":"product_cat-kurgid","8":"product_cat-oliivid","9":"product_tag-kondita","11":"first","12":"outofstock","13":"taxable","14":"shipping-taxable","15":"product-type-variable"},"_links":{"self":[{"href":"https:\/\/myspainfood.com\/et\/wp-json\/wp\/v2\/product\/25358","targetHints":{"allow":["GET"]}}],"collection":[{"href":"https:\/\/myspainfood.com\/et\/wp-json\/wp\/v2\/product"}],"about":[{"href":"https:\/\/myspainfood.com\/et\/wp-json\/wp\/v2\/types\/product"}],"wp:featuredmedia":[{"embeddable":true,"href":"https:\/\/myspainfood.com\/et\/wp-json\/wp\/v2\/media\/25366"}],"wp:attachment":[{"href":"https:\/\/myspainfood.com\/et\/wp-json\/wp\/v2\/media?parent=25358"}],"wp:term":[{"taxonomy":"product_brand","embeddable":true,"href":"https:\/\/myspainfood.com\/et\/wp-json\/wp\/v2\/product_brand?post=25358"},{"taxonomy":"product_cat","embeddable":true,"href":"https:\/\/myspainfood.com\/et\/wp-json\/wp\/v2\/product_cat?post=25358"},{"taxonomy":"product_tag","embeddable":true,"href":"https:\/\/myspainfood.com\/et\/wp-json\/wp\/v2\/product_tag?post=25358"}],"curies":[{"name":"wp","href":"https:\/\/api.w.org\/{rel}","templated":true}]}}