{"id":25386,"date":"2025-04-10T12:06:25","date_gmt":"2025-04-10T10:06:25","guid":{"rendered":"https:\/\/myspainfood.com\/producto\/kantaabria-ansoovised-300-g\/"},"modified":"2025-06-24T16:19:11","modified_gmt":"2025-06-24T14:19:11","slug":"kantaabria-ansoovised-300-g","status":"publish","type":"product","link":"https:\/\/myspainfood.com\/et\/producto\/kantaabria-ansoovised-300-g\/","title":{"rendered":"Kantaabria an\u0161oovised 300 g"},"content":{"rendered":"<p>Kantaabria an\u0161oovised on turul k\u00f5ige hinnatumad ja hinnatumad, mis paistavad silma oma peene tekstuuri ja intensiivse maitse poolest. Arroyabe Cantabria an\u0161oovised on k\u00f5rgema kvaliteediga, p\u00fc\u00fctud ainult Kantabrias, liigist &#8220;Engraulis Encrasicholus&#8221; ja toodetud traditsiooniliste meetoditega. <\/p>\n<p>On olemas kahte liiki poolkonserveeritud an\u0161ooviseid: an\u0161oovisfileed \u00f5lis ja soolatud an\u0161oovised. Soolatud an\u0161oovised pakitakse kevadise rannikuhooaja jooksul soolaga purki ja j\u00e4etakse seej\u00e4rel 9 kuuks k\u00fcpsema. Need on parim lahendus neile, kes soovivad valmistada an\u0161ooviseid oma maitse j\u00e4rgi, ning soolatud an\u0161ooviseid saab osta 2,5, 5 ja 10 kg purkides.  <\/p>\n<p>Oliivi\u00f5lis an\u0161oovisfileede eeliseks on see, et p\u00e4rast laagerdumist puhastatakse ja fileeritakse need k\u00e4sitsi, j\u00e4rgides traditsioonilist an\u0161oovise t\u00f6\u00f6tlemise tehnikat.<\/p>\n","protected":false},"excerpt":{"rendered":"<p>Kantaabria an\u0161oovised on turul k\u00f5ige hinnatumad ja hinnatumad, mis paistavad silma oma peene tekstuuri ja intensiivse maitse poolest. Arroyabe Cantabria an\u0161oovised on k\u00f5rgema kvaliteediga, p\u00fc\u00fctud ainult Kantabrias, liigist &#8220;Engraulis Encrasicholus&#8221; ja toodetud traditsiooniliste meetoditega. On olemas kahte liiki poolkonserveeritud an\u0161ooviseid: an\u0161oovisfileed \u00f5lis ja soolatud an\u0161oovised. Soolatud an\u0161oovised pakitakse kevadise rannikuhooaja jooksul soolaga purki ja j\u00e4etakse [&hellip;]<\/p>\n","protected":false},"featured_media":25392,"template":"","meta":{"_et_pb_use_builder":"","_et_pb_old_content":"","_et_gb_content_width":""},"product_brand":[1127],"product_cat":[1881,1880],"product_tag":[],"class_list":{"0":"post-25386","1":"product","2":"type-product","3":"status-publish","4":"has-post-thumbnail","6":"product_brand-picarpicar","7":"product_cat-ansoovised","8":"product_cat-cold-et","9":"product_shipping_class-kulmaveo-vedu","11":"first","12":"outofstock","13":"taxable","14":"shipping-taxable","15":"purchasable","16":"product-type-simple"},"_links":{"self":[{"href":"https:\/\/myspainfood.com\/et\/wp-json\/wp\/v2\/product\/25386","targetHints":{"allow":["GET"]}}],"collection":[{"href":"https:\/\/myspainfood.com\/et\/wp-json\/wp\/v2\/product"}],"about":[{"href":"https:\/\/myspainfood.com\/et\/wp-json\/wp\/v2\/types\/product"}],"wp:featuredmedia":[{"embeddable":true,"href":"https:\/\/myspainfood.com\/et\/wp-json\/wp\/v2\/media\/25392"}],"wp:attachment":[{"href":"https:\/\/myspainfood.com\/et\/wp-json\/wp\/v2\/media?parent=25386"}],"wp:term":[{"taxonomy":"product_brand","embeddable":true,"href":"https:\/\/myspainfood.com\/et\/wp-json\/wp\/v2\/product_brand?post=25386"},{"taxonomy":"product_cat","embeddable":true,"href":"https:\/\/myspainfood.com\/et\/wp-json\/wp\/v2\/product_cat?post=25386"},{"taxonomy":"product_tag","embeddable":true,"href":"https:\/\/myspainfood.com\/et\/wp-json\/wp\/v2\/product_tag?post=25386"}],"curies":[{"name":"wp","href":"https:\/\/api.w.org\/{rel}","templated":true}]}}