{"id":25507,"date":"2025-04-10T12:06:29","date_gmt":"2025-04-10T10:06:29","guid":{"rendered":"https:\/\/myspainfood.com\/producto\/senorio-de-las-ventas-rioja-crianza-vein-villimees-antonio-escribano-pascual\/"},"modified":"2025-04-10T12:06:29","modified_gmt":"2025-04-10T10:06:29","slug":"senorio-de-las-ventas-rioja-crianza-vein-villimees-antonio-escribano-pascual","status":"publish","type":"product","link":"https:\/\/myspainfood.com\/et\/producto\/senorio-de-las-ventas-rioja-crianza-vein-villimees-antonio-escribano-pascual\/","title":{"rendered":"Se\u00f1orio de las Ventas, Rioja Crianza vein, villimees Antonio Escribano Pascual"},"content":{"rendered":"<p>Kasvatus<\/p>\n<p>Vastab v\u00e4hemalt kolmandat aastat veinidele, mis on v\u00e4hemalt \u00fche aasta tammevaatides veetnud.<\/p>\n<p>Rubiinpunane v\u00e4rvus, intensiivne k\u00fcpsete puuviljade aroom, mis on h\u00e4sti kombineeritud r\u00f6stse ja vaniljanootidega. Suu on rikkalik ja tasakaalustatud, peente tanniinide vahel valitseb t\u00e4iuslik harmoonia. Maitsekas ja t\u00e4idlane, s\u00e4ilitades samas oma peenuse ja elegantsi.  <\/p>\n","protected":false},"excerpt":{"rendered":"<p>Kasvatus Vastab v\u00e4hemalt kolmandat aastat veinidele, mis on v\u00e4hemalt \u00fche aasta tammevaatides veetnud. Rubiinpunane v\u00e4rvus, intensiivne k\u00fcpsete puuviljade aroom, mis on h\u00e4sti kombineeritud r\u00f6stse ja vaniljanootidega. Suu on rikkalik ja tasakaalustatud, peente tanniinide vahel valitseb t\u00e4iuslik harmoonia. Maitsekas ja t\u00e4idlane, s\u00e4ilitades samas oma peenuse ja elegantsi.<\/p>\n","protected":false},"featured_media":25513,"template":"","meta":{"_et_pb_use_builder":"","_et_pb_old_content":"","_et_gb_content_width":""},"product_brand":[1139],"product_cat":[4915,4916],"product_tag":[4917,5268],"class_list":{"0":"post-25507","1":"product","2":"type-product","3":"status-publish","4":"has-post-thumbnail","6":"product_brand-antonio-escribano","7":"product_cat-joogid","8":"product_cat-vein","9":"product_tag-antonio-escribano-et","10":"product_tag-kasvatus-et","12":"first","13":"outofstock","14":"taxable","15":"shipping-taxable","16":"product-type-variable"},"_links":{"self":[{"href":"https:\/\/myspainfood.com\/et\/wp-json\/wp\/v2\/product\/25507","targetHints":{"allow":["GET"]}}],"collection":[{"href":"https:\/\/myspainfood.com\/et\/wp-json\/wp\/v2\/product"}],"about":[{"href":"https:\/\/myspainfood.com\/et\/wp-json\/wp\/v2\/types\/product"}],"wp:featuredmedia":[{"embeddable":true,"href":"https:\/\/myspainfood.com\/et\/wp-json\/wp\/v2\/media\/25513"}],"wp:attachment":[{"href":"https:\/\/myspainfood.com\/et\/wp-json\/wp\/v2\/media?parent=25507"}],"wp:term":[{"taxonomy":"product_brand","embeddable":true,"href":"https:\/\/myspainfood.com\/et\/wp-json\/wp\/v2\/product_brand?post=25507"},{"taxonomy":"product_cat","embeddable":true,"href":"https:\/\/myspainfood.com\/et\/wp-json\/wp\/v2\/product_cat?post=25507"},{"taxonomy":"product_tag","embeddable":true,"href":"https:\/\/myspainfood.com\/et\/wp-json\/wp\/v2\/product_tag?post=25507"}],"curies":[{"name":"wp","href":"https:\/\/api.w.org\/{rel}","templated":true}]}}