{"id":26244,"date":"2025-04-10T12:06:59","date_gmt":"2025-04-10T10:06:59","guid":{"rendered":"https:\/\/myspainfood.com\/producto\/kantaabria-ansoovis-oro-00-seeria\/"},"modified":"2025-06-24T16:20:18","modified_gmt":"2025-06-24T14:20:18","slug":"kantaabria-ansoovis-oro-00-seeria","status":"publish","type":"product","link":"https:\/\/myspainfood.com\/et\/producto\/kantaabria-ansoovis-oro-00-seeria\/","title":{"rendered":"Kantaabria an\u0161oovis ORO 00 seeria"},"content":{"rendered":"<p>Arlequin Anchovy <a href=\"https:\/\/conservasarlequin.com\/serie-oro\/\" target=\"_blank\" rel=\"noopener noreferrer nofollow\">Arlequin<\/a> Serie Oro 00 on k\u00e4sit\u00f6\u00f6nduslik konserveeritud toode.<\/p>\n<p><strong>Netokaal\/ Escu:<\/strong> 120g\/58g<\/p>\n<p><strong>S\u00e4ilivusaeg:<\/strong> 9 kuud<\/p>\n<p><strong>S\u00e4ilitamine:<\/strong> k\u00fclm<\/p>\n<p><strong>Fileede arv\/ t\u00fckkide arv:<\/strong> 8<\/p>\n<p>Conservas <a href=\"https:\/\/latiendadesami.com\/marca\/arlequin\/\" target=\"_blank\" rel=\"noopener noreferrer nofollow\">Arlequ\u00edni<\/a> missiooniks on pakkuda suurep\u00e4rast toodet, parimat teenindust ja laia valikut kalakonserve parima hinnaga.<\/p>\n<p>Samuti on nad spetsialiseerunud an\u0161oovisele, an\u0161oovisele Arlequin Serie Oro 00, an\u0161oovisele, bonito&#8217;le, harilikule tuunile, rannakarpidele, makrellile ja sardiinidele.<\/p>\n<p>N\u00e4iteks \u00fctles ajalehes El Pa\u00eds ilmunud Comidista ventresca kohta: &#8220;See on nii \u00f5rn, peaaegu kreemjas, et see paneb sind tahtma abielluda ja elada \u00f5nnelikult, kuni Issand sind v\u00f5tab&#8221;.<\/p>\n<h4>Konservide peamised eelised<\/h4>\n<ol>\n<li>Nad s\u00e4ilitavad k\u00f5ik toidu enda toitumisomadused. Toit s\u00e4ilitab oma v\u00e4rskuse. <\/li>\n<li>Kasutatavad toiduained on tervislikud ja sobivad seet\u00f5ttu optimaalseks toitumiseks t\u00e4nu nende k\u00f5rgele vitamiini- ja valgusisaldusele.<\/li>\n<li>Nende toodete eluiga on pikem (tavaliselt 2-5 aastat).<\/li>\n<li>Konserve on v\u00e4ga lihtne s\u00e4ilitada, sest nende pakend on kergesti kasutatav.<\/li>\n<\/ol>\n<p>Kui soovite osta tuunikala v\u00f5i mis tahes muud liiki <a href=\"https:\/\/latiendadesami.com\/categoria-producto\/conservas\/\" rel=\"noopener noreferrer nofollow\" target=\"_blank\">konservi<\/a>, siis vaadake julgelt meie veebikataloogi, et n\u00e4ha meie <a href=\"https:\/\/latiendadesami.com\/categoria-producto\/conservas\/atun-y-bonito\/\" target=\"_blank\" rel=\"noopener noreferrer nofollow\">tuunikala<\/a> suurt valikut.<\/p>\n<p>Lisateabe saamiseks kirjutage meile.<\/p>\n","protected":false},"excerpt":{"rendered":"<p>Arlequin Anchovy Arlequin Serie Oro 00 on k\u00e4sit\u00f6\u00f6nduslik konserveeritud toode. Netokaal\/ Escu: 120g\/58g S\u00e4ilivusaeg: 9 kuud S\u00e4ilitamine: k\u00fclm Fileede arv\/ t\u00fckkide arv: 8 Conservas Arlequ\u00edni missiooniks on pakkuda suurep\u00e4rast toodet, parimat teenindust ja laia valikut kalakonserve parima hinnaga. Samuti on nad spetsialiseerunud an\u0161oovisele, an\u0161oovisele Arlequin Serie Oro 00, an\u0161oovisele, bonito&#8217;le, harilikule tuunile, rannakarpidele, makrellile ja [&hellip;]<\/p>\n","protected":false},"featured_media":26247,"template":"","meta":{"_et_pb_use_builder":"","_et_pb_old_content":"","_et_gb_content_width":""},"product_brand":[1162],"product_cat":[1881,1880],"product_tag":[5635],"class_list":{"0":"post-26244","1":"product","2":"type-product","3":"status-publish","4":"has-post-thumbnail","6":"product_brand-arlequin","7":"product_cat-ansoovised","8":"product_cat-cold-et","9":"product_tag-serieoro-et","10":"product_shipping_class-kulmaveo-vedu","12":"first","13":"outofstock","14":"sale","15":"taxable","16":"shipping-taxable","17":"purchasable","18":"product-type-variable"},"_links":{"self":[{"href":"https:\/\/myspainfood.com\/et\/wp-json\/wp\/v2\/product\/26244","targetHints":{"allow":["GET"]}}],"collection":[{"href":"https:\/\/myspainfood.com\/et\/wp-json\/wp\/v2\/product"}],"about":[{"href":"https:\/\/myspainfood.com\/et\/wp-json\/wp\/v2\/types\/product"}],"wp:featuredmedia":[{"embeddable":true,"href":"https:\/\/myspainfood.com\/et\/wp-json\/wp\/v2\/media\/26247"}],"wp:attachment":[{"href":"https:\/\/myspainfood.com\/et\/wp-json\/wp\/v2\/media?parent=26244"}],"wp:term":[{"taxonomy":"product_brand","embeddable":true,"href":"https:\/\/myspainfood.com\/et\/wp-json\/wp\/v2\/product_brand?post=26244"},{"taxonomy":"product_cat","embeddable":true,"href":"https:\/\/myspainfood.com\/et\/wp-json\/wp\/v2\/product_cat?post=26244"},{"taxonomy":"product_tag","embeddable":true,"href":"https:\/\/myspainfood.com\/et\/wp-json\/wp\/v2\/product_tag?post=26244"}],"curies":[{"name":"wp","href":"https:\/\/api.w.org\/{rel}","templated":true}]}}