{"id":26589,"date":"2025-04-10T12:07:09","date_gmt":"2025-04-10T10:07:09","guid":{"rendered":"https:\/\/myspainfood.com\/producto\/cockles-oro-seeria-20-30-tukki\/"},"modified":"2025-04-10T12:07:09","modified_gmt":"2025-04-10T10:07:09","slug":"cockles-oro-seeria-20-30-tukki","status":"publish","type":"product","link":"https:\/\/myspainfood.com\/et\/producto\/cockles-oro-seeria-20-30-tukki\/","title":{"rendered":"Cockles ORO seeria 20\/30 t\u00fckki"},"content":{"rendered":"<p><a href=\"https:\/\/conservasarlequin.com\/serie-oro\/\" target=\"_blank\" rel=\"noopener noreferrer nofollow\">Arlequ\u00edn<\/a> Golden Cockles 00 seeria on traditsioonilisel viisil valmistatud konserveeritud toode.<\/p>\n<p><strong>Netokaal\/ Escu:<\/strong> 113g\/63g<\/p>\n<p><strong>S\u00e4ilivusaeg:<\/strong> 4 aastat<\/p>\n<p><strong>Looduskaitse:<\/strong> keskkond<\/p>\n<p><strong>Fileede arv \/ t\u00fckkide arv:<\/strong> 20\/30<\/p>\n<p>Conservas Arlequ\u00edni missiooniks on pakkuda suurep\u00e4rast toodet, parimat teenindust ja laia valikut kalakonserve parima hinnaga. Conservas <a href=\"https:\/\/latiendadesami.com\/marca\/arlequin\/\" target=\"_blank\" rel=\"noopener noreferrer nofollow\">Arlequ\u00edni<\/a> missiooniks on pakkuda suurep\u00e4rast toodet, parimat teenindust ja laia valikut kalakonserve parima hinnaga.<\/p>\n<p>Nad on spetsialiseerunud ka an\u0161oovistele, kukeseenedele, an\u0161oovistele, an\u0161oovistele, tuunikalale, kergele tuunikalale, rannakarpidele, makrellidele ja sardiinidele.<\/p>\n<p>N\u00e4iteks \u00fctles ajalehes El Pa\u00eds ilmunud Comidista ventresca kohta: &#8220;See on nii \u00f5rn, peaaegu kreemjas, et see paneb sind tahtma abielluda ja elada \u00f5nnelikult, kuni Issand sind v\u00f5tab&#8221;.<\/p>\n<h4>Konservide peamised eelised<\/h4>\n<ol>\n<li>Nad s\u00e4ilitavad k\u00f5ik toidu enda toitumisomadused. Toit s\u00e4ilitab oma v\u00e4rskuse. <\/li>\n<li>Kasutatavad toiduained on tervislikud ja sobivad seet\u00f5ttu optimaalseks toitumiseks t\u00e4nu nende k\u00f5rgele vitamiini- ja valgusisaldusele.<\/li>\n<li>Nende toodete eluiga on pikem (tavaliselt 2-5 aastat).<\/li>\n<li>Konserve on v\u00e4ga lihtne s\u00e4ilitada, sest nende pakend on kergesti kasutatav.<\/li>\n<\/ol>\n<p>Kui soovite osta tuunikala v\u00f5i mis tahes muud liiki <a href=\"https:\/\/latiendadesami.com\/categoria-producto\/conservas\/\" rel=\"noopener noreferrer nofollow\" target=\"_blank\">konservi<\/a>, siis vaadake julgelt meie veebikataloogi, et n\u00e4ha meie <a href=\"https:\/\/latiendadesami.com\/categoria-producto\/conservas\/atun-y-bonito\/\" target=\"_blank\" rel=\"noopener noreferrer nofollow\">tuunikala<\/a> suurt valikut.<\/p>\n<p>Lisateabe saamiseks kirjutage meile.<\/p>\n","protected":false},"excerpt":{"rendered":"<p><strong>Alates R\u00eda de Noia<\/p>\n<p>Valitud kvaliteet<\/strong><\/p>\n<p><strong>T\u00fckkide arv:<\/strong> 15\/25 t\u00fckki<\/p>\n<p><strong>Netokaal:<\/strong> 113 g<\/p>\n<p><strong>Kuivatatud kaal: <\/strong>63 g<\/p>\n<p><strong>Koostisained: <\/strong><em>K\u00f5rvitsad,<\/em> vesi, sool, happesuse suurendaja (E330, E331) ja antioks\u00fcdant (E385).<\/p>\n<p><strong>Allergeenid:<\/strong> <em>Sisaldab molluskeid, kukeseeni.<\/em><\/p>\n<p>Hoida toatemperatuuril.<\/p>\n<p>P\u00e4rast avamist soovitatakse see tervikuna \u00e4ra tarbida.<\/p>\n","protected":false},"featured_media":26590,"template":"","meta":{"_et_pb_use_builder":"","_et_pb_old_content":"","_et_gb_content_width":""},"product_brand":[1162],"product_cat":[5672,1938],"product_tag":[5635],"class_list":{"0":"post-26589","1":"product","2":"type-product","3":"status-publish","4":"has-post-thumbnail","6":"product_brand-arlequin","7":"product_cat-cockles-et","8":"product_cat-sailitab","9":"product_tag-serieoro-et","11":"first","12":"outofstock","13":"sale","14":"taxable","15":"shipping-taxable","16":"purchasable","17":"product-type-simple"},"_links":{"self":[{"href":"https:\/\/myspainfood.com\/et\/wp-json\/wp\/v2\/product\/26589","targetHints":{"allow":["GET"]}}],"collection":[{"href":"https:\/\/myspainfood.com\/et\/wp-json\/wp\/v2\/product"}],"about":[{"href":"https:\/\/myspainfood.com\/et\/wp-json\/wp\/v2\/types\/product"}],"wp:featuredmedia":[{"embeddable":true,"href":"https:\/\/myspainfood.com\/et\/wp-json\/wp\/v2\/media\/26590"}],"wp:attachment":[{"href":"https:\/\/myspainfood.com\/et\/wp-json\/wp\/v2\/media?parent=26589"}],"wp:term":[{"taxonomy":"product_brand","embeddable":true,"href":"https:\/\/myspainfood.com\/et\/wp-json\/wp\/v2\/product_brand?post=26589"},{"taxonomy":"product_cat","embeddable":true,"href":"https:\/\/myspainfood.com\/et\/wp-json\/wp\/v2\/product_cat?post=26589"},{"taxonomy":"product_tag","embeddable":true,"href":"https:\/\/myspainfood.com\/et\/wp-json\/wp\/v2\/product_tag?post=26589"}],"curies":[{"name":"wp","href":"https:\/\/api.w.org\/{rel}","templated":true}]}}