{"id":26664,"date":"2025-04-10T12:07:15","date_gmt":"2025-04-10T10:07:15","guid":{"rendered":"https:\/\/myspainfood.com\/producto\/andaluusia-makrell-d-o-oliivioli\/"},"modified":"2025-07-31T16:41:30","modified_gmt":"2025-07-31T14:41:30","slug":"andaluusia-makrell-d-o-oliivioli","status":"publish","type":"product","link":"https:\/\/myspainfood.com\/et\/producto\/andaluusia-makrell-d-o-oliivioli\/","title":{"rendered":"Andaluusia makrell D.O. oliivi\u00f5li"},"content":{"rendered":"<p style=\"text-align: left\">Andaluusia makrelli puhas filee, pakitud klaaspurki ja metallkapslisse.<\/p>\n<p style=\"text-align: left\">Tootmine ja kvaliteet on kehtestatud <span class=\"file\">Andaluusia makrelli ja fregattmakrelli kaitstud geograafiliste t\u00e4histe reguleeriva n\u00f5ukogu<\/span> eeskirjadega, mille alla <a href=\"https:\/\/pesasur.com\/calidad\/\" target=\"_blank\" rel=\"noopener noreferrer nofollow\">Pesasur<\/a> kuulub.<\/p>\n<p style=\"text-align: left\">Hallivalge v\u00e4rvus, pehme konsistents ja meeldiv l\u00f5hn, iseloomulik ja ainulaadne maitse.<\/p>\n<p><strong>KOOSTISOSAD<\/strong><\/p>\n<ul>\n<li>Makrellid<\/li>\n<li>Oliivi\u00f5li<\/li>\n<li>Sool<\/li>\n<\/ul>\n<p>PESASUR kasutab Andaluusia makrelli (I.G.P. Andaluusia piirkonna erip\u00e4ritolunimetus), mida t\u00f6\u00f6deldakse tehases suurema osa aastast v\u00e4rskelt.<\/p>\n<p>PESASUR ei kasuta tootmisprotsessis keemiatooteid ning makrellifileega juba p\u00f5lvkondade v\u00e4ltel t\u00f6\u00f6tanud t\u00f6\u00f6j\u00f5u kogemus tagab kala t\u00e4iusliku puhtuse ja filee suurep\u00e4rase esitluse igas formaadis purkides ja purkides.<\/p>\n<h4>Konservide peamised eelised<\/h4>\n<ol>\n<li>Nad s\u00e4ilitavad k\u00f5ik toidu enda toitumisomadused. Toit s\u00e4ilitab oma v\u00e4rskuse. <\/li>\n<li>Kasutatavad toiduained on tervislikud ja sobivad seet\u00f5ttu optimaalseks toitumiseks t\u00e4nu nende k\u00f5rgele vitamiini- ja valgusisaldusele.<\/li>\n<li>Nende toodete eluiga on pikem (tavaliselt 2-5 aastat).<\/li>\n<li>Konserve on v\u00e4ga lihtne s\u00e4ilitada, sest nende pakend on kergesti kasutatav.<\/li>\n<\/ol>\n<p>Kui soovite osta Andaluusia makrelli v\u00f5i muud liiki <a href=\"https:\/\/latiendadesami.com\/categoria-producto\/conservas\/\" rel=\"noopener noreferrer nofollow\" target=\"_blank\">konservi<\/a>, siis vaadake julgelt meie veebikataloogi, et n\u00e4ha meie <a href=\"https:\/\/latiendadesami.com\/categoria-producto\/conservas\/atun-y-bonito\/\" target=\"_blank\" rel=\"noopener noreferrer nofollow\">tuunikala<\/a> suurt valikut.<\/p>\n<p>Lisateabe saamiseks kirjutage meile.<\/p>\n","protected":false},"excerpt":{"rendered":"<p>Andaluusia makrelli oliivi\u00f5li<\/p>\n","protected":false},"featured_media":26670,"template":"","meta":{"_et_pb_use_builder":"","_et_pb_old_content":"","_et_gb_content_width":""},"product_brand":[1205],"product_cat":[2687,1938],"product_tag":[],"class_list":{"0":"post-26664","1":"product","2":"type-product","3":"status-publish","4":"has-post-thumbnail","6":"product_brand-pesasur","7":"product_cat-makrell","8":"product_cat-sailitab","10":"first","11":"outofstock","12":"taxable","13":"shipping-taxable","14":"product-type-variable"},"_links":{"self":[{"href":"https:\/\/myspainfood.com\/et\/wp-json\/wp\/v2\/product\/26664","targetHints":{"allow":["GET"]}}],"collection":[{"href":"https:\/\/myspainfood.com\/et\/wp-json\/wp\/v2\/product"}],"about":[{"href":"https:\/\/myspainfood.com\/et\/wp-json\/wp\/v2\/types\/product"}],"wp:featuredmedia":[{"embeddable":true,"href":"https:\/\/myspainfood.com\/et\/wp-json\/wp\/v2\/media\/26670"}],"wp:attachment":[{"href":"https:\/\/myspainfood.com\/et\/wp-json\/wp\/v2\/media?parent=26664"}],"wp:term":[{"taxonomy":"product_brand","embeddable":true,"href":"https:\/\/myspainfood.com\/et\/wp-json\/wp\/v2\/product_brand?post=26664"},{"taxonomy":"product_cat","embeddable":true,"href":"https:\/\/myspainfood.com\/et\/wp-json\/wp\/v2\/product_cat?post=26664"},{"taxonomy":"product_tag","embeddable":true,"href":"https:\/\/myspainfood.com\/et\/wp-json\/wp\/v2\/product_tag?post=26664"}],"curies":[{"name":"wp","href":"https:\/\/api.w.org\/{rel}","templated":true}]}}