{"id":26760,"date":"2025-04-10T12:07:40","date_gmt":"2025-04-10T10:07:40","guid":{"rendered":"https:\/\/myspainfood.com\/producto\/suured-kornisonid-225-kg-kaal-n\/"},"modified":"2025-04-10T12:07:40","modified_gmt":"2025-04-10T10:07:40","slug":"suured-kornisonid-225-kg-kaal-n","status":"publish","type":"product","link":"https:\/\/myspainfood.com\/et\/producto\/suured-kornisonid-225-kg-kaal-n\/","title":{"rendered":"Suured korni\u0161onid 2,25 kg kaal n"},"content":{"rendered":"<p>Kurgikurki 2,25 kg netokaal - Ainult vee ja soolaga kurkide abil saate \u00fche k\u00f5ige maitsvama <a href=\"https:\/\/www.google.com\/search?q=pepinillos+gordos&amp;tbm=isch&amp;ved=2ahUKEwj6xNCv8-_1AhWXiP0HHcNGC0QQ2-cCegQIABAA&amp;oq=pepinillos+gordos&amp;gs_lcp=CgNpbWcQA1DZFVjlJ2DcK2gAcAB4AIABYYgB4wqSAQIxOJgBAKABAaoBC2d3cy13aXotaW1nwAEB&amp;sclient=img&amp;ei=WUYCYrq0IpeR9u8Pw42toAQ&amp;bih=780&amp;biw=1577\" target=\"_blank\" rel=\"noopener noreferrer nofollow\">suupistee<\/a>.<\/p>\n<p>Koostisosadest tulenev maitsesegu koos \u00e4\u00e4dikaga annab sellele erilise maitse, mis on maitsele v\u00e4ga meeldiv.<\/p>\n<p>Kurgid on suupiste, mis tugevdab immuuns\u00fcsteemi, mis t\u00e4hendab, et need toetavad organismi kaitsev\u00f5imet ja \u00fcldist tervist.<\/p>\n<h3><strong>Rasvaste korni\u0161onide eelised<\/strong><\/h3>\n<p>Kas teadsid, et hapukurkide kasulikkus on \u00fcldiselt kasulik? Siin on nimekiri k\u00f5ige olulisematest: <\/p>\n<ul>\n<li>Rikkalikult probiootikume.<\/li>\n<li>Nad aitavad seedimist.<\/li>\n<li>Nad tugevdavad immuuns\u00fcsteemi.<\/li>\n<li>Nad v\u00e4hendavad suhkru isu.<\/li>\n<li>Soodne sapip\u00f5ie jaoks.<\/li>\n<\/ul>\n<p>Kui soovite osta oliive v\u00f5i mis tahes muud t\u00fc\u00fcpi <a href=\"https:\/\/latiendadesami.com\/categoria-producto\/encurtidos\/\" rel=\"noopener noreferrer nofollow\" target=\"_blank\">hapukurki<\/a>, siis vaadake julgelt meie veebikataloogi, et n\u00e4ha, kui suur on meie <a href=\"https:\/\/latiendadesami.com\/categoria-producto\/encurtidos\/pepinillos\/\" target=\"_blank\" rel=\"noopener noreferrer nofollow\">hapukurkide<\/a> valik.<\/p>\n","protected":false},"excerpt":{"rendered":"<p>Kurgikurki 2,25 kg netokaal - Ainult vee ja soolaga kurkide abil saate \u00fche k\u00f5ige maitsvama suupistee. Koostisosadest tulenev maitsesegu koos \u00e4\u00e4dikaga annab sellele erilise maitse, mis on maitsele v\u00e4ga meeldiv. Kurgid on suupiste, mis tugevdab immuuns\u00fcsteemi, mis t\u00e4hendab, et need toetavad organismi kaitsev\u00f5imet ja \u00fcldist tervist. Rasvaste korni\u0161onide eelised Kas teadsid, et hapukurkide kasulikkus on [&hellip;]<\/p>\n","protected":false},"featured_media":26764,"template":"","meta":{"_et_pb_use_builder":"","_et_pb_old_content":"","_et_gb_content_width":""},"product_brand":[],"product_cat":[1790,1995],"product_tag":[2021],"class_list":{"0":"post-26760","1":"product","2":"type-product","3":"status-publish","4":"has-post-thumbnail","6":"product_cat-kurgid","7":"product_cat-kurgid-et","8":"product_tag-gherkin-et","10":"first","11":"instock","12":"taxable","13":"shipping-taxable","14":"purchasable","15":"product-type-simple"},"_links":{"self":[{"href":"https:\/\/myspainfood.com\/et\/wp-json\/wp\/v2\/product\/26760","targetHints":{"allow":["GET"]}}],"collection":[{"href":"https:\/\/myspainfood.com\/et\/wp-json\/wp\/v2\/product"}],"about":[{"href":"https:\/\/myspainfood.com\/et\/wp-json\/wp\/v2\/types\/product"}],"wp:featuredmedia":[{"embeddable":true,"href":"https:\/\/myspainfood.com\/et\/wp-json\/wp\/v2\/media\/26764"}],"wp:attachment":[{"href":"https:\/\/myspainfood.com\/et\/wp-json\/wp\/v2\/media?parent=26760"}],"wp:term":[{"taxonomy":"product_brand","embeddable":true,"href":"https:\/\/myspainfood.com\/et\/wp-json\/wp\/v2\/product_brand?post=26760"},{"taxonomy":"product_cat","embeddable":true,"href":"https:\/\/myspainfood.com\/et\/wp-json\/wp\/v2\/product_cat?post=26760"},{"taxonomy":"product_tag","embeddable":true,"href":"https:\/\/myspainfood.com\/et\/wp-json\/wp\/v2\/product_tag?post=26760"}],"curies":[{"name":"wp","href":"https:\/\/api.w.org\/{rel}","templated":true}]}}