{"id":26825,"date":"2025-04-10T12:07:39","date_gmt":"2025-04-10T10:07:39","guid":{"rendered":"https:\/\/myspainfood.com\/producto\/kupsetatud-kitsejuust-paprikaga-umbes-320gr\/"},"modified":"2025-06-24T14:09:58","modified_gmt":"2025-06-24T12:09:58","slug":"kupsetatud-kitsejuust-paprikaga-umbes-320gr","status":"publish","type":"product","link":"https:\/\/myspainfood.com\/et\/producto\/kupsetatud-kitsejuust-paprikaga-umbes-320gr\/","title":{"rendered":"K\u00fcpsetatud kitsejuust paprikaga umbes 320gr"},"content":{"rendered":"<p>K\u00fcpsetatud kitsejuust paprikaga ca 320gr on toodetud Queser\u00eda El <a href=\"https:\/\/www.facebook.com\/Queser%C3%ADa-El-Manjar-1564604537177140\/\" target=\"_blank\" rel=\"noopener noreferrer nofollow\">Manjar<\/a>.<\/p>\n<p>See juustuvabrik asub Veladas, Toledos, Talavera de la Reina l\u00e4hedal.<\/p>\n<p>See on valmistatud past\u00f6riseeritud piimast ja kaetud paprikakihiga kooriku peal, mis annab sellele erilise ja eksimatu maitse.<\/p>\n<p>Lisaks paprikak\u00fcpsetatud kitsejuustu tootmisele sisaldab tema tootekataloog ka mitmesuguseid muid juustusid, n\u00e4iteks v\u00e4rskeid juustusid.<\/p>\n<p>K\u00f5ik tooted on valmistatud traditsioonilisel viisil k\u00e4sitsi. Iga portsjoni ligikaudne kaal on 320 grammi. <\/p>\n<p>Seda toodet tuleb hoida k\u00fclmikus temperatuuril 0\u00ba kuni 8\u00ba.<\/p>\n<p>Kitsejuustu v\u00f5i \u00f5igemini kitsepiimajuustu nimetatakse ch\u00e8vre&#8217;ks (prantsuse keeles kitse) ja see on nimetus, mida antakse igale kitsepiimast valmistatud juustule.<\/p>\n<p>Kitsejuustu on valmistatud juba tuhandeid aastaid ja see oli t\u00f5en\u00e4oliselt \u00fcks esimesi valmistatavaid piimatooteid. K\u00f5ige lihtsamal kujul valmistatakse kitsejuustu, lastes toorpiimal looduslikult l\u00f5igata, seej\u00e4rel kuivatatakse ja pressitakse kalgend. <\/p>\n<p>Kui soovite osta muid juustusid v\u00f5i muud liiki <a href=\"https:\/\/latiendadesami.com\/\" rel=\"noopener noreferrer nofollow\" target=\"_blank\">toiduaineid<\/a>, siis vaadake julgelt meie veebikataloogi, et n\u00e4ha meie laia tootevalikut.<\/p>\n<p>Lisateabe saamiseks kirjutage meile.<\/p>\n","protected":false},"excerpt":{"rendered":"<p>K\u00fcpsetatud kitsejuust paprikaga ca 320gr on toodetud Queser\u00eda El Manjar. See juustuvabrik asub Veladas, Toledos, Talavera de la Reina l\u00e4hedal. See on valmistatud past\u00f6riseeritud piimast ja kaetud paprikakihiga kooriku peal, mis annab sellele erilise ja eksimatu maitse. Lisaks paprikak\u00fcpsetatud kitsejuustu tootmisele sisaldab tema tootekataloog ka mitmesuguseid muid juustusid, n\u00e4iteks v\u00e4rskeid juustusid. K\u00f5ik tooted on valmistatud [&hellip;]<\/p>\n","protected":false},"featured_media":26827,"template":"","meta":{"_et_pb_use_builder":"","_et_pb_old_content":"","_et_gb_content_width":""},"product_brand":[1246],"product_cat":[1880,2261,5737],"product_tag":[],"class_list":{"0":"post-26825","1":"product","2":"type-product","3":"status-publish","4":"has-post-thumbnail","6":"product_brand-el-manjar","7":"product_cat-cold-et","8":"product_cat-juust-ja-vorst","9":"product_cat-ravimine-et","10":"product_shipping_class-kulmaveo-vedu","12":"first","13":"instock","14":"taxable","15":"shipping-taxable","16":"purchasable","17":"product-type-simple"},"_links":{"self":[{"href":"https:\/\/myspainfood.com\/et\/wp-json\/wp\/v2\/product\/26825","targetHints":{"allow":["GET"]}}],"collection":[{"href":"https:\/\/myspainfood.com\/et\/wp-json\/wp\/v2\/product"}],"about":[{"href":"https:\/\/myspainfood.com\/et\/wp-json\/wp\/v2\/types\/product"}],"wp:featuredmedia":[{"embeddable":true,"href":"https:\/\/myspainfood.com\/et\/wp-json\/wp\/v2\/media\/26827"}],"wp:attachment":[{"href":"https:\/\/myspainfood.com\/et\/wp-json\/wp\/v2\/media?parent=26825"}],"wp:term":[{"taxonomy":"product_brand","embeddable":true,"href":"https:\/\/myspainfood.com\/et\/wp-json\/wp\/v2\/product_brand?post=26825"},{"taxonomy":"product_cat","embeddable":true,"href":"https:\/\/myspainfood.com\/et\/wp-json\/wp\/v2\/product_cat?post=26825"},{"taxonomy":"product_tag","embeddable":true,"href":"https:\/\/myspainfood.com\/et\/wp-json\/wp\/v2\/product_tag?post=26825"}],"curies":[{"name":"wp","href":"https:\/\/api.w.org\/{rel}","templated":true}]}}