{"id":26849,"date":"2025-04-10T12:07:31","date_gmt":"2025-04-10T10:07:31","guid":{"rendered":"https:\/\/myspainfood.com\/producto\/campo-real-oliivid-45-kg\/"},"modified":"2025-04-10T12:07:31","modified_gmt":"2025-04-10T10:07:31","slug":"campo-real-oliivid-45-kg","status":"publish","type":"product","link":"https:\/\/myspainfood.com\/et\/producto\/campo-real-oliivid-45-kg\/","title":{"rendered":"Campo Real oliivid 4,5 kg"},"content":{"rendered":"<p>Kui Campo Reali vald on millegi poolest tuntud, siis kuulsate Campo Reali oliivide 4,5 kg poolest.<\/p>\n<p>Manzanilla de Campo Real ja cacere\u00f1a sordid, mille oliivide saladus seisneb sajandivanustes oliivipuudes, millest need p\u00e4rinevad, oliivikasvatajate kogemuses ja oliivide maitsestamises.<\/p>\n<p>See oliivide ja hapukurkide <a href=\"https:\/\/www.google.com\/search?q=revuelto+aceitunas+s%C3%A1ngar&amp;sxsrf=APq-WBt1wkTZta0IAEDoueZPBxEuaY8Dtw:1644308614563&amp;source=lnms&amp;tbm=isch&amp;sa=X&amp;ved=2ahUKEwjouvz21u_1AhVV_rsIHacjBd0Q_AUoAXoECAEQAw&amp;biw=1577&amp;bih=780&amp;dpr=1\" target=\"_blank\" rel=\"noopener noreferrer nofollow\">kombinatsioon<\/a> v\u00f5imaldab nautida tapas- v\u00f5i eelroogades v\u00f5rratut maitset.<\/p>\n<p>See on v\u00e4ga tervislik t\u00e4iendus meie traditsioonilisele toitev\u00e4\u00e4rtuslikule Vahemere piirkonna toitumisele.<\/p>\n<p>Hispaanias leiame oliive, korni\u0161onge, bakla\u017eaane, porgandeid, sibulat, v\u00e4ga traditsioonilisi kappari, k\u00fc\u00fcslauku v\u00f5i isegi nende segu.<\/p>\n<p>Neid serveeritakse sageli tapasena \u00f5llega (mitte veiniga, kuna need sisaldavad \u00e4\u00e4dikat).<\/p>\n<p>Marineeritud hapukurgid on kogu maailmas muutunud iidsetest toidu s\u00e4ilitamise meetoditest \u00fcheks k\u00f5ige populaarsemaks tapaks v\u00f5i eelroaks Hispaania gastronoomias.<\/p>\n<h3><strong>Campo Real Olive 4,5 kg eelised<\/strong><\/h3>\n<p>Kas teadsid Campo Real Olives 4,5 kg ja \u00fcldse marineeritud hapukurkide kasulikkust? Siin on nimekiri k\u00f5ige olulisematest: <\/p>\n<ul>\n<li>Rikkalikult probiootikume.<\/li>\n<li>Nad aitavad seedimist.<\/li>\n<li>Nad tugevdavad immuuns\u00fcsteemi.<\/li>\n<li>Nad v\u00e4hendavad suhkru isu.<\/li>\n<li>Soodne sapip\u00f5ie jaoks.<\/li>\n<\/ul>\n<p>Kui soovite osta oliive v\u00f5i mis tahes muud liiki <a href=\"https:\/\/latiendadesami.com\/categoria-producto\/encurtidos\/\" rel=\"noopener noreferrer nofollow\" target=\"_blank\">marineeritud toiduaineid<\/a>, siis vaadake julgelt meie veebikataloogi, et n\u00e4ha meie <a href=\"https:\/\/latiendadesami.com\/categoria-producto\/encurtidos\/aceitunas\/\" target=\"_blank\" rel=\"noopener noreferrer nofollow\">oliivide<\/a> suurt valikut.<\/p>\n<p>Lisateabe saamiseks kirjutage meile.<\/p>\n","protected":false},"excerpt":{"rendered":"<p>Kui Campo Reali vald on millegi poolest tuntud, siis kuulsate Campo Reali oliivide 4,5 kg poolest. Manzanilla de Campo Real ja cacere\u00f1a sordid, mille oliivide saladus seisneb sajandivanustes oliivipuudes, millest need p\u00e4rinevad, oliivikasvatajate kogemuses ja oliivide maitsestamises. See oliivide ja hapukurkide kombinatsioon v\u00f5imaldab nautida tapas- v\u00f5i eelroogades v\u00f5rratut maitset. See on v\u00e4ga tervislik t\u00e4iendus meie [&hellip;]<\/p>\n","protected":false},"featured_media":20456,"template":"","meta":{"_et_pb_use_builder":"","_et_pb_old_content":"","_et_gb_content_width":""},"product_brand":[],"product_cat":[1790,1793],"product_tag":[3151],"class_list":{"0":"post-26849","1":"product","2":"type-product","3":"status-publish","4":"has-post-thumbnail","6":"product_cat-kurgid","7":"product_cat-oliivid","8":"product_tag-campo-real-et","10":"first","11":"outofstock","12":"taxable","13":"shipping-taxable","14":"purchasable","15":"product-type-simple"},"_links":{"self":[{"href":"https:\/\/myspainfood.com\/et\/wp-json\/wp\/v2\/product\/26849","targetHints":{"allow":["GET"]}}],"collection":[{"href":"https:\/\/myspainfood.com\/et\/wp-json\/wp\/v2\/product"}],"about":[{"href":"https:\/\/myspainfood.com\/et\/wp-json\/wp\/v2\/types\/product"}],"wp:featuredmedia":[{"embeddable":true,"href":"https:\/\/myspainfood.com\/et\/wp-json\/wp\/v2\/media\/20456"}],"wp:attachment":[{"href":"https:\/\/myspainfood.com\/et\/wp-json\/wp\/v2\/media?parent=26849"}],"wp:term":[{"taxonomy":"product_brand","embeddable":true,"href":"https:\/\/myspainfood.com\/et\/wp-json\/wp\/v2\/product_brand?post=26849"},{"taxonomy":"product_cat","embeddable":true,"href":"https:\/\/myspainfood.com\/et\/wp-json\/wp\/v2\/product_cat?post=26849"},{"taxonomy":"product_tag","embeddable":true,"href":"https:\/\/myspainfood.com\/et\/wp-json\/wp\/v2\/product_tag?post=26849"}],"curies":[{"name":"wp","href":"https:\/\/api.w.org\/{rel}","templated":true}]}}