{"id":26909,"date":"2025-04-10T12:07:32","date_gmt":"2025-04-10T10:07:32","guid":{"rendered":"https:\/\/myspainfood.com\/producto\/kuivatatud-juustu-neli-pulgakest-25kg-umbes\/"},"modified":"2025-06-24T13:51:15","modified_gmt":"2025-06-24T11:51:15","slug":"kuivatatud-juustu-neli-pulgakest-25kg-umbes","status":"publish","type":"product","link":"https:\/\/myspainfood.com\/et\/producto\/kuivatatud-juustu-neli-pulgakest-25kg-umbes\/","title":{"rendered":"Kuivatatud juustu neli pulgakest 2,5kg umbes."},"content":{"rendered":"<p>Cuatro barras juustu valmistatakse <a href=\"https:\/\/es.wikipedia.org\/wiki\/Queso_de_leche_de_oveja\" target=\"_blank\" rel=\"noopener noreferrer nofollow\">lambapiimast<\/a> ja seda laagerdatakse umbes 12 kuud.<\/p>\n<p>Kogu t\u00fckk kaalub umbes 2,5 kilo.<\/p>\n<p>Past\u00f6riseeritud lambapiimast (v\u00e4hemalt 65%) ja lehmapiimast valmistatud juust, mis on suurep\u00e4rase maitsega ja mille tugev tekstuur r\u00f5hutab selle intensiivset maitset. Suurep\u00e4rane juust, mis ei j\u00e4ta teid \u00fcksk\u00f5ikseks. <\/p>\n<p>Soovitame hoida kuivas ja jahedas kohas, vahemikus 4-8 \u00baC, et parandada selle s\u00e4ilivust.<\/p>\n<p>Lammastel on ainult kaks nisakat ja nad toodavad palju v\u00e4iksema koguse piima kui lehmad.<\/p>\n<p>Kuna lambapiim sisaldab aga palju rohkem rasva, tahkeid aineid ja mineraalaineid kui lehmapiim, on see juustu valmistamiseks ideaalne.<\/p>\n<p>Samuti talub see t\u00e4nu oma palju suuremale kaltsiumisisaldusele paremini saastumist jahutamise ajal.<\/p>\n<p>Kuigi lambapiima v\u00f5ib juua v\u00e4rskelt, kasutatakse seda t\u00e4nap\u00e4eval peamiselt juustu ja jogurti tootmiseks.<\/p>\n<p>Kui soovite osta Queso Curado Cuatro barras&#8217;t v\u00f5i mis tahes muud t\u00fc\u00fcpi <a href=\"https:\/\/latiendadesami.com\/categoria-producto\/queso-embutido\/\" rel=\"noopener noreferrer nofollow\" target=\"_blank\">juustu v\u00f5i k\u00fclmutatud liha<\/a>, siis vaadake julgelt meie veebikataloogi. Meil on k\u00f5rgeim kvaliteet parima hinnaga.<\/p>\n<p>Kirjutage meile, kui soovite lisateavet v\u00f5i kui teil on k\u00fcsimusi selle v\u00f5i m\u00f5ne muu toote kohta.<\/p>\n","protected":false},"excerpt":{"rendered":"<p>Cuatro barras juustu valmistatakse lambapiimast ja seda laagerdatakse umbes 12 kuud. Kogu t\u00fckk kaalub umbes 2,5 kilo. Past\u00f6riseeritud lambapiimast (v\u00e4hemalt 65%) ja lehmapiimast valmistatud juust, mis on suurep\u00e4rase maitsega ja mille tugev tekstuur r\u00f5hutab selle intensiivset maitset. Suurep\u00e4rane juust, mis ei j\u00e4ta teid \u00fcksk\u00f5ikseks. Soovitame hoida kuivas ja jahedas kohas, vahemikus 4-8 \u00baC, et parandada [&hellip;]<\/p>\n","protected":false},"featured_media":26914,"template":"","meta":{"_et_pb_use_builder":"","_et_pb_old_content":"","_et_gb_content_width":""},"product_brand":[1234],"product_cat":[1880,2261,5737],"product_tag":[],"class_list":{"0":"post-26909","1":"product","2":"type-product","3":"status-publish","4":"has-post-thumbnail","6":"product_brand-cuatro-barras","7":"product_cat-cold-et","8":"product_cat-juust-ja-vorst","9":"product_cat-ravimine-et","10":"product_shipping_class-kulmaveo-vedu","12":"first","13":"outofstock","14":"taxable","15":"shipping-taxable","16":"product-type-variable"},"_links":{"self":[{"href":"https:\/\/myspainfood.com\/et\/wp-json\/wp\/v2\/product\/26909","targetHints":{"allow":["GET"]}}],"collection":[{"href":"https:\/\/myspainfood.com\/et\/wp-json\/wp\/v2\/product"}],"about":[{"href":"https:\/\/myspainfood.com\/et\/wp-json\/wp\/v2\/types\/product"}],"wp:featuredmedia":[{"embeddable":true,"href":"https:\/\/myspainfood.com\/et\/wp-json\/wp\/v2\/media\/26914"}],"wp:attachment":[{"href":"https:\/\/myspainfood.com\/et\/wp-json\/wp\/v2\/media?parent=26909"}],"wp:term":[{"taxonomy":"product_brand","embeddable":true,"href":"https:\/\/myspainfood.com\/et\/wp-json\/wp\/v2\/product_brand?post=26909"},{"taxonomy":"product_cat","embeddable":true,"href":"https:\/\/myspainfood.com\/et\/wp-json\/wp\/v2\/product_cat?post=26909"},{"taxonomy":"product_tag","embeddable":true,"href":"https:\/\/myspainfood.com\/et\/wp-json\/wp\/v2\/product_tag?post=26909"}],"curies":[{"name":"wp","href":"https:\/\/api.w.org\/{rel}","templated":true}]}}