{"id":27693,"date":"2025-04-10T12:07:50","date_gmt":"2025-04-10T10:07:50","guid":{"rendered":"https:\/\/myspainfood.com\/producto\/carzorlas-gourmet-musta-puding-320-gr\/"},"modified":"2025-08-18T15:55:36","modified_gmt":"2025-08-18T13:55:36","slug":"carzorlas-gourmet-musta-puding-320-gr","status":"publish","type":"product","link":"https:\/\/myspainfood.com\/et\/producto\/carzorlas-gourmet-musta-puding-320-gr\/","title":{"rendered":"Carzorla&#8217;s Gourmet musta puding 320 gr"},"content":{"rendered":"<pre>Morcilla de caldera Gourmet de Carzorla<\/pre>\n<p>See ei ole midagi muud kui katlas keedetud t\u00e4itmata mustapudrutaigen. Seda v\u00f5ib kasutada pastakate, pelmeenide, r\u00f6stitud leiva t\u00e4idisena v\u00f5i roogana, millesse saab leiba &#8220;kastma&#8221;. <\/p>\n","protected":false},"excerpt":{"rendered":"<p>Morcilla de caldera Gourmet de Carzorla See ei ole midagi muud kui katlas keedetud t\u00e4itmata mustapudrutaigen. Seda v\u00f5ib kasutada pastakate, pelmeenide, r\u00f6stitud leiva t\u00e4idisena v\u00f5i roogana, millesse saab leiba &#8220;kastma&#8221;.<\/p>\n","protected":false},"featured_media":27700,"template":"","meta":{"_et_pb_use_builder":"","_et_pb_old_content":"","_et_gb_content_width":""},"product_brand":[1252],"product_cat":[3722,1938],"product_tag":[],"class_list":{"0":"post-27693","1":"product","2":"type-product","3":"status-publish","4":"has-post-thumbnail","6":"product_brand-gourmet-de-cazorla","7":"product_cat-koogiviljad","8":"product_cat-sailitab","10":"first","11":"instock","12":"taxable","13":"shipping-taxable","14":"purchasable","15":"product-type-variable"},"_links":{"self":[{"href":"https:\/\/myspainfood.com\/et\/wp-json\/wp\/v2\/product\/27693","targetHints":{"allow":["GET"]}}],"collection":[{"href":"https:\/\/myspainfood.com\/et\/wp-json\/wp\/v2\/product"}],"about":[{"href":"https:\/\/myspainfood.com\/et\/wp-json\/wp\/v2\/types\/product"}],"wp:featuredmedia":[{"embeddable":true,"href":"https:\/\/myspainfood.com\/et\/wp-json\/wp\/v2\/media\/27700"}],"wp:attachment":[{"href":"https:\/\/myspainfood.com\/et\/wp-json\/wp\/v2\/media?parent=27693"}],"wp:term":[{"taxonomy":"product_brand","embeddable":true,"href":"https:\/\/myspainfood.com\/et\/wp-json\/wp\/v2\/product_brand?post=27693"},{"taxonomy":"product_cat","embeddable":true,"href":"https:\/\/myspainfood.com\/et\/wp-json\/wp\/v2\/product_cat?post=27693"},{"taxonomy":"product_tag","embeddable":true,"href":"https:\/\/myspainfood.com\/et\/wp-json\/wp\/v2\/product_tag?post=27693"}],"curies":[{"name":"wp","href":"https:\/\/api.w.org\/{rel}","templated":true}]}}