{"id":27934,"date":"2025-04-10T12:07:50","date_gmt":"2025-04-10T10:07:50","guid":{"rendered":"https:\/\/myspainfood.com\/producto\/oti-marineeritud-rannakarbid-40-50-tukki\/"},"modified":"2025-04-10T12:07:50","modified_gmt":"2025-04-10T10:07:50","slug":"oti-marineeritud-rannakarbid-40-50-tukki","status":"publish","type":"product","link":"https:\/\/myspainfood.com\/et\/producto\/oti-marineeritud-rannakarbid-40-50-tukki\/","title":{"rendered":"Oti marineeritud rannakarbid 40\/50 t\u00fckki"},"content":{"rendered":"<p>Parima kvaliteediga ja suurimad eksemplarid v\u00f5etakse optimaalsel hetkel parimatest pannidest. Suurep\u00e4rase v\u00e4limusega, \u00fchtlase v\u00e4rvusega, habemetest puhtad ja v\u00e4ga isu\u00e4ratavad, on nad hoolika valiku ja t\u00f6\u00f6tlemise tulemus. Tippkvaliteedilisi koostisosi kasutatakse maitsva marineeritud kastme valmistamiseks, mis on ideaalne lisand sellele molluskile.  <\/p>\n","protected":false},"excerpt":{"rendered":"<p>Parima kvaliteediga ja suurimad eksemplarid v\u00f5etakse optimaalsel hetkel parimatest pannidest. Suurep\u00e4rase v\u00e4limusega, \u00fchtlase v\u00e4rvusega, habemetest puhtad ja v\u00e4ga isu\u00e4ratavad, on nad hoolika valiku ja t\u00f6\u00f6tlemise tulemus. Tippkvaliteedilisi koostisosi kasutatakse maitsva marineeritud kastme valmistamiseks, mis on ideaalne lisand sellele molluskile.<\/p>\n","protected":false},"featured_media":27942,"template":"","meta":{"_et_pb_use_builder":"","_et_pb_old_content":"","_et_gb_content_width":""},"product_brand":[1075],"product_cat":[4072,1938],"product_tag":[],"class_list":{"0":"post-27934","1":"product","2":"type-product","3":"status-publish","4":"has-post-thumbnail","6":"product_brand-oti","7":"product_cat-rannakarbid-et","8":"product_cat-sailitab","10":"first","11":"outofstock","12":"taxable","13":"shipping-taxable","14":"product-type-variable"},"_links":{"self":[{"href":"https:\/\/myspainfood.com\/et\/wp-json\/wp\/v2\/product\/27934","targetHints":{"allow":["GET"]}}],"collection":[{"href":"https:\/\/myspainfood.com\/et\/wp-json\/wp\/v2\/product"}],"about":[{"href":"https:\/\/myspainfood.com\/et\/wp-json\/wp\/v2\/types\/product"}],"wp:featuredmedia":[{"embeddable":true,"href":"https:\/\/myspainfood.com\/et\/wp-json\/wp\/v2\/media\/27942"}],"wp:attachment":[{"href":"https:\/\/myspainfood.com\/et\/wp-json\/wp\/v2\/media?parent=27934"}],"wp:term":[{"taxonomy":"product_brand","embeddable":true,"href":"https:\/\/myspainfood.com\/et\/wp-json\/wp\/v2\/product_brand?post=27934"},{"taxonomy":"product_cat","embeddable":true,"href":"https:\/\/myspainfood.com\/et\/wp-json\/wp\/v2\/product_cat?post=27934"},{"taxonomy":"product_tag","embeddable":true,"href":"https:\/\/myspainfood.com\/et\/wp-json\/wp\/v2\/product_tag?post=27934"}],"curies":[{"name":"wp","href":"https:\/\/api.w.org\/{rel}","templated":true}]}}