{"id":28508,"date":"2025-04-10T12:07:50","date_gmt":"2025-04-10T10:07:50","guid":{"rendered":"https:\/\/myspainfood.com\/producto\/virsik-siirupis-oti-530-gr-12-uksikuid\/"},"modified":"2025-04-10T12:07:50","modified_gmt":"2025-04-10T10:07:50","slug":"virsik-siirupis-oti-530-gr-12-uksikuid","status":"publish","type":"product","link":"https:\/\/myspainfood.com\/et\/producto\/virsik-siirupis-oti-530-gr-12-uksikuid\/","title":{"rendered":"Virsik siirupis Oti 530 gr 12 \u00dcKSIKUID"},"content":{"rendered":"<p>Siirupis puuviljad on moosiliik1 , mida saadakse puuviljat\u00fckkidest (t\u00fckid v\u00f5ivad olla ruut, poolitatud, veerand, viilud, juuliennes), mida keedetakse siirupis v\u00f5i siirupis, kuni see pakseneb. Selle protsessi k\u00e4igus toimub vee vahetus v\u00f5i v\u00e4ljat\u00f5rjumine h\u00fcpotoonilisest keskkonnast (kus on v\u00e4hem lahustunud aineid) h\u00fcpertoonilisse keskkonda (kus on rohkem lahustunud aineid), mis asendatakse h\u00fcpertoonilises keskkonnas leiduvate lahustunud ainetega (lahustuvad tahked ained s.s), st puuviljalehtedes sisalduv vesi ja siirupis v\u00f5i siirupis sisalduvad suhkrud sisenevad sellesse. Seda protsessi kasutatakse puuviljade s\u00e4ilitamiseks, et neid saaks tarbida pika aja p\u00e4rast.    <\/p>\n","protected":false},"excerpt":{"rendered":"<p>Siirupis puuviljad on moosiliik1 , mida saadakse puuviljat\u00fckkidest (t\u00fckid v\u00f5ivad olla ruut, poolitatud, veerand, viilud, juuliennes), mida keedetakse siirupis v\u00f5i siirupis, kuni see pakseneb. Selle protsessi k\u00e4igus toimub vee vahetus v\u00f5i v\u00e4ljat\u00f5rjumine h\u00fcpotoonilisest keskkonnast (kus on v\u00e4hem lahustunud aineid) h\u00fcpertoonilisse keskkonda (kus on rohkem lahustunud aineid), mis asendatakse h\u00fcpertoonilises keskkonnas leiduvate lahustunud ainetega (lahustuvad tahked [&hellip;]<\/p>\n","protected":false},"featured_media":25232,"template":"","meta":{"_et_pb_use_builder":"","_et_pb_old_content":"","_et_gb_content_width":""},"product_brand":[1075],"product_cat":[1938,5113],"product_tag":[3220],"class_list":{"0":"post-28508","1":"product","2":"type-product","3":"status-publish","4":"has-post-thumbnail","6":"product_brand-oti","7":"product_cat-sailitab","8":"product_cat-virsik","9":"product_tag-siirup","11":"first","12":"outofstock","13":"sale","14":"taxable","15":"shipping-taxable","16":"purchasable","17":"product-type-simple"},"_links":{"self":[{"href":"https:\/\/myspainfood.com\/et\/wp-json\/wp\/v2\/product\/28508","targetHints":{"allow":["GET"]}}],"collection":[{"href":"https:\/\/myspainfood.com\/et\/wp-json\/wp\/v2\/product"}],"about":[{"href":"https:\/\/myspainfood.com\/et\/wp-json\/wp\/v2\/types\/product"}],"wp:featuredmedia":[{"embeddable":true,"href":"https:\/\/myspainfood.com\/et\/wp-json\/wp\/v2\/media\/25232"}],"wp:attachment":[{"href":"https:\/\/myspainfood.com\/et\/wp-json\/wp\/v2\/media?parent=28508"}],"wp:term":[{"taxonomy":"product_brand","embeddable":true,"href":"https:\/\/myspainfood.com\/et\/wp-json\/wp\/v2\/product_brand?post=28508"},{"taxonomy":"product_cat","embeddable":true,"href":"https:\/\/myspainfood.com\/et\/wp-json\/wp\/v2\/product_cat?post=28508"},{"taxonomy":"product_tag","embeddable":true,"href":"https:\/\/myspainfood.com\/et\/wp-json\/wp\/v2\/product_tag?post=28508"}],"curies":[{"name":"wp","href":"https:\/\/api.w.org\/{rel}","templated":true}]}}