{"id":29229,"date":"2025-04-10T12:08:22","date_gmt":"2025-04-10T10:08:22","guid":{"rendered":"https:\/\/myspainfood.com\/producto\/tursk-30-40-terve-terve-soolatud-faari-saarte-tursk\/"},"modified":"2026-04-24T07:43:45","modified_gmt":"2026-04-24T05:43:45","slug":"tursk-30-40-terve-terve-soolatud-faari-saarte-tursk","status":"publish","type":"product","link":"https:\/\/myspainfood.com\/et\/producto\/tursk-30-40-terve-terve-soolatud-faari-saarte-tursk\/","title":{"rendered":"Tursk 30\/40 Terve terve soolatud F\u00e4\u00e4ri saarte tursk"},"content":{"rendered":"<div class=\"et_pb_tab clearfix et_pb_active_content et-pb-active-slide\">\n<div class=\"et_pb_tab_content\">\n<p>Tursk 30\/40 Terve soolatud F\u00e4\u00e4ri saarte tursk <a href=\"https:\/\/labarajilla.es\/bacalao\/\" target=\"_blank\" rel=\"noopener noreferrer nofollow\">La Barajilla<\/a> p\u00f5hineb tervel, poolitatud, soolatud ja soolatud tursat\u00fckil.<\/p>\n<p>Alus piirkondlike roogade valmistamiseks vastavalt iga riigi traditsioonidele.<\/p>\n<ul>\n<li><strong>SUURUS<\/strong>: 30\/40<\/li>\n<li><strong>LIIK<\/strong>: Tursk ( Gadus Morhua )<u><\/u><u><\/u><\/li>\n<li><strong>P\u00fc\u00fcgipiirkond<\/strong>: Loode-Atlandi ookean ( FAO 27 )<u><\/u><u><\/u><\/li>\n<li><strong>Hoiustamine<\/strong>: vahemikus 0\u00baC kuni 5\u00baC.<\/li>\n<\/ul>\n<p>Toitumisalaselt on tursk k\u00f5rge bioloogilise v\u00e4\u00e4rtuse ja seeditavusega valgurikas toit, mille rasva- ja kalorisisaldus on madal.<\/p>\n<p>Veesisaldus on umbes 80% (v\u00e4rskes tursas).<\/p>\n<p>See tursk on hea vitamiinide (peamiselt B-r\u00fchma) ja organismile oluliste mineraalsoolade allikas.<\/p>\n<p>K\u00f5rge verer\u00f5huga inimesed v\u00f5ivad tarbida v\u00e4rsket v\u00f5i soolamata turska, kuna see sisaldab v\u00e4he naatriumi ja palju kaaliumi.<\/p>\n<p>&#8220;Tursk&#8221; on mitme perekonda Gadus kuuluva kalaliigi \u00fcldnimetus, kuigi m\u00f5nel samasse perekonda kuuluval kalal v\u00f5ivad olla ka teised nimed.<\/p>\n<p>K\u00f5ige tavalisem liik on Atlandi tursk (Gadus morhua ehk harilik tursk).<\/p>\n<p>Kui soovite osta turska 30\/40 Terve soolatud F\u00e4\u00e4ri saarte turska v\u00f5i mis tahes muud liiki <a href=\"https:\/\/latiendadesami.com\/categoria-producto\/frio\/\" rel=\"noopener noreferrer nofollow\" target=\"_blank\">k\u00fclmatoodet<\/a>, \u00e4rge kartke vaadata kogu meie veebikataloogi, et n\u00e4ha meie tursa suurt valikut.<\/p>\n<p>Lisateabe saamiseks kirjutage meile.<\/p>\n<\/div>\n<\/div>\n","protected":false},"excerpt":{"rendered":"<p>Tursk 30\/40 Terve soolatud F\u00e4\u00e4ri saarte tursk La Barajilla p\u00f5hineb tervel, poolitatud, soolatud ja soolatud tursat\u00fckil. Alus piirkondlike roogade valmistamiseks vastavalt iga riigi traditsioonidele. SUURUS: 30\/40 LIIK: Tursk ( Gadus Morhua ) P\u00fc\u00fcgipiirkond: Loode-Atlandi ookean ( FAO 27 ) Hoiustamine: vahemikus 0\u00baC kuni 5\u00baC. Toitumisalaselt on tursk k\u00f5rge bioloogilise v\u00e4\u00e4rtuse ja seeditavusega valgurikas toit, mille [&hellip;]<\/p>\n","protected":false},"featured_media":29233,"template":"","meta":{"_et_pb_use_builder":"","_et_pb_old_content":"","_et_gb_content_width":""},"product_brand":[],"product_cat":[1880,3535],"product_tag":[],"class_list":{"0":"post-29229","1":"product","2":"type-product","3":"status-publish","4":"has-post-thumbnail","6":"product_cat-cold-et","7":"product_cat-tursk","8":"product_shipping_class-kulmaveo-vedu","10":"first","11":"instock","12":"taxable","13":"shipping-taxable","14":"purchasable","15":"product-type-variable"},"_links":{"self":[{"href":"https:\/\/myspainfood.com\/et\/wp-json\/wp\/v2\/product\/29229","targetHints":{"allow":["GET"]}}],"collection":[{"href":"https:\/\/myspainfood.com\/et\/wp-json\/wp\/v2\/product"}],"about":[{"href":"https:\/\/myspainfood.com\/et\/wp-json\/wp\/v2\/types\/product"}],"wp:featuredmedia":[{"embeddable":true,"href":"https:\/\/myspainfood.com\/et\/wp-json\/wp\/v2\/media\/29233"}],"wp:attachment":[{"href":"https:\/\/myspainfood.com\/et\/wp-json\/wp\/v2\/media?parent=29229"}],"wp:term":[{"taxonomy":"product_brand","embeddable":true,"href":"https:\/\/myspainfood.com\/et\/wp-json\/wp\/v2\/product_brand?post=29229"},{"taxonomy":"product_cat","embeddable":true,"href":"https:\/\/myspainfood.com\/et\/wp-json\/wp\/v2\/product_cat?post=29229"},{"taxonomy":"product_tag","embeddable":true,"href":"https:\/\/myspainfood.com\/et\/wp-json\/wp\/v2\/product_tag?post=29229"}],"curies":[{"name":"wp","href":"https:\/\/api.w.org\/{rel}","templated":true}]}}