{"id":29380,"date":"2025-04-10T12:08:13","date_gmt":"2025-04-10T10:08:13","guid":{"rendered":"https:\/\/myspainfood.com\/producto\/munahorgutised-ansoovisega-65-uhikut\/"},"modified":"2025-07-28T13:08:02","modified_gmt":"2025-07-28T11:08:02","slug":"munahorgutised-ansoovisega-65-uhikut","status":"publish","type":"product","link":"https:\/\/myspainfood.com\/et\/producto\/munahorgutised-ansoovisega-65-uhikut\/","title":{"rendered":"Munah\u00f5rgutised an\u0161oovisega 65 \u00fchikut"},"content":{"rendered":"<p>\u00d5li (85% p\u00e4evalille\u00f5li, 15% oliivi\u00f5li), <strong>an\u0161oovisega<\/strong> t\u00e4idetud oliivid, <strong>an\u0161oovised<\/strong> \u00e4\u00e4dikas, <strong>vutimuna<\/strong>, piparra ja punane pipar.<\/p>\n","protected":false},"excerpt":{"rendered":"<p>\u00d5li (85% p\u00e4evalille\u00f5li, 15% oliivi\u00f5li), an\u0161oovisega t\u00e4idetud oliivid, an\u0161oovised \u00e4\u00e4dikas, vutimuna, piparra ja punane pipar.<\/p>\n","protected":false},"featured_media":29382,"template":"","meta":{"_et_pb_use_builder":"","_et_pb_old_content":"","_et_gb_content_width":""},"product_brand":[1277],"product_cat":[1889,1880,1790,1793,1882],"product_tag":[],"class_list":{"0":"post-29380","1":"product","2":"type-product","3":"status-publish","4":"has-post-thumbnail","6":"product_brand-bokeo","7":"product_cat-ansoovised-et","8":"product_cat-cold-et","9":"product_cat-kurgid","10":"product_cat-oliivid","11":"product_cat-pintxos-et","12":"product_shipping_class-kulmaveo-vedu","14":"first","15":"outofstock","16":"taxable","17":"shipping-taxable","18":"purchasable","19":"product-type-simple"},"_links":{"self":[{"href":"https:\/\/myspainfood.com\/et\/wp-json\/wp\/v2\/product\/29380","targetHints":{"allow":["GET"]}}],"collection":[{"href":"https:\/\/myspainfood.com\/et\/wp-json\/wp\/v2\/product"}],"about":[{"href":"https:\/\/myspainfood.com\/et\/wp-json\/wp\/v2\/types\/product"}],"wp:featuredmedia":[{"embeddable":true,"href":"https:\/\/myspainfood.com\/et\/wp-json\/wp\/v2\/media\/29382"}],"wp:attachment":[{"href":"https:\/\/myspainfood.com\/et\/wp-json\/wp\/v2\/media?parent=29380"}],"wp:term":[{"taxonomy":"product_brand","embeddable":true,"href":"https:\/\/myspainfood.com\/et\/wp-json\/wp\/v2\/product_brand?post=29380"},{"taxonomy":"product_cat","embeddable":true,"href":"https:\/\/myspainfood.com\/et\/wp-json\/wp\/v2\/product_cat?post=29380"},{"taxonomy":"product_tag","embeddable":true,"href":"https:\/\/myspainfood.com\/et\/wp-json\/wp\/v2\/product_tag?post=29380"}],"curies":[{"name":"wp","href":"https:\/\/api.w.org\/{rel}","templated":true}]}}