{"id":29483,"date":"2025-04-10T12:08:21","date_gmt":"2025-04-10T10:08:21","guid":{"rendered":"https:\/\/myspainfood.com\/producto\/lohe-kiusatused-170-gr\/"},"modified":"2025-04-10T12:08:21","modified_gmt":"2025-04-10T10:08:21","slug":"lohe-kiusatused-170-gr","status":"publish","type":"product","link":"https:\/\/myspainfood.com\/et\/producto\/lohe-kiusatused-170-gr\/","title":{"rendered":"L\u00f5he kiusatused 170 gr"},"content":{"rendered":"<p>\u00d5li (100% p\u00e4evalille\u00f5li), magus kirsipipar, toorjuust ja purustatud <strong>l\u00f5he<\/strong>.<\/p>\n","protected":false},"excerpt":{"rendered":"<p>\u00d5li (100% p\u00e4evalille\u00f5li), magus kirsipipar, toorjuust ja purustatud l\u00f5he.<\/p>\n","protected":false},"featured_media":29489,"template":"","meta":{"_et_pb_use_builder":"","_et_pb_old_content":"","_et_gb_content_width":""},"product_brand":[1277],"product_cat":[2261,2341,1938],"product_tag":[],"class_list":{"0":"post-29483","1":"product","2":"type-product","3":"status-publish","4":"has-post-thumbnail","6":"product_brand-bokeo","7":"product_cat-juust-ja-vorst","8":"product_cat-paprika-et","9":"product_cat-sailitab","10":"product_shipping_class-kulmaveo-vedu","12":"first","13":"outofstock","14":"taxable","15":"shipping-taxable","16":"product-type-variable"},"_links":{"self":[{"href":"https:\/\/myspainfood.com\/et\/wp-json\/wp\/v2\/product\/29483","targetHints":{"allow":["GET"]}}],"collection":[{"href":"https:\/\/myspainfood.com\/et\/wp-json\/wp\/v2\/product"}],"about":[{"href":"https:\/\/myspainfood.com\/et\/wp-json\/wp\/v2\/types\/product"}],"wp:featuredmedia":[{"embeddable":true,"href":"https:\/\/myspainfood.com\/et\/wp-json\/wp\/v2\/media\/29489"}],"wp:attachment":[{"href":"https:\/\/myspainfood.com\/et\/wp-json\/wp\/v2\/media?parent=29483"}],"wp:term":[{"taxonomy":"product_brand","embeddable":true,"href":"https:\/\/myspainfood.com\/et\/wp-json\/wp\/v2\/product_brand?post=29483"},{"taxonomy":"product_cat","embeddable":true,"href":"https:\/\/myspainfood.com\/et\/wp-json\/wp\/v2\/product_cat?post=29483"},{"taxonomy":"product_tag","embeddable":true,"href":"https:\/\/myspainfood.com\/et\/wp-json\/wp\/v2\/product_tag?post=29483"}],"curies":[{"name":"wp","href":"https:\/\/api.w.org\/{rel}","templated":true}]}}