{"id":29906,"date":"2025-04-10T12:08:04","date_gmt":"2025-04-10T10:08:04","guid":{"rendered":"https:\/\/myspainfood.com\/producto\/foie-gras-pasteet-90-canard-picarpicar-150-g\/"},"modified":"2025-07-28T13:06:11","modified_gmt":"2025-07-28T11:06:11","slug":"foie-gras-pasteet-90-canard-picarpicar-150-g","status":"publish","type":"product","link":"https:\/\/myspainfood.com\/et\/producto\/foie-gras-pasteet-90-canard-picarpicar-150-g\/","title":{"rendered":"Foie Gras pasteet 90% Canard Picar&amp;picar 150 g"},"content":{"rendered":"<p>PICAR&amp;PICAR pakub esmaklassilist Bloc Foie Gras&#8217;i, 150 g pakendites<\/p>\n<p><strong>Foie gras de canard<\/strong> on intensiivsema maitsega, mis sobib ideaalselt meie toitude juurde igal ajal v\u00f5i kasutamiseks k\u00f6\u00f6gis koostisosana.<\/p>\n","protected":false},"excerpt":{"rendered":"<p>PICAR&amp;PICAR pakub esmaklassilist Bloc Foie Gras&#8217;i, 150 g pakendites Foie gras de canard on intensiivsema maitsega, mis sobib ideaalselt meie toitude juurde igal ajal v\u00f5i kasutamiseks k\u00f6\u00f6gis koostisosana.<\/p>\n","protected":false},"featured_media":29908,"template":"","meta":{"_et_pb_use_builder":"","_et_pb_old_content":"","_et_gb_content_width":""},"product_brand":[1127],"product_cat":[1880,6604],"product_tag":[],"class_list":{"0":"post-29906","1":"product","2":"type-product","3":"status-publish","4":"has-post-thumbnail","6":"product_brand-picarpicar","7":"product_cat-cold-et","8":"product_cat-foie-et","9":"product_shipping_class-kulmaveo-vedu","11":"first","12":"outofstock","13":"sale","14":"featured","15":"taxable","16":"shipping-taxable","17":"purchasable","18":"product-type-simple"},"_links":{"self":[{"href":"https:\/\/myspainfood.com\/et\/wp-json\/wp\/v2\/product\/29906","targetHints":{"allow":["GET"]}}],"collection":[{"href":"https:\/\/myspainfood.com\/et\/wp-json\/wp\/v2\/product"}],"about":[{"href":"https:\/\/myspainfood.com\/et\/wp-json\/wp\/v2\/types\/product"}],"wp:featuredmedia":[{"embeddable":true,"href":"https:\/\/myspainfood.com\/et\/wp-json\/wp\/v2\/media\/29908"}],"wp:attachment":[{"href":"https:\/\/myspainfood.com\/et\/wp-json\/wp\/v2\/media?parent=29906"}],"wp:term":[{"taxonomy":"product_brand","embeddable":true,"href":"https:\/\/myspainfood.com\/et\/wp-json\/wp\/v2\/product_brand?post=29906"},{"taxonomy":"product_cat","embeddable":true,"href":"https:\/\/myspainfood.com\/et\/wp-json\/wp\/v2\/product_cat?post=29906"},{"taxonomy":"product_tag","embeddable":true,"href":"https:\/\/myspainfood.com\/et\/wp-json\/wp\/v2\/product_tag?post=29906"}],"curies":[{"name":"wp","href":"https:\/\/api.w.org\/{rel}","templated":true}]}}