{"id":29937,"date":"2025-04-10T12:08:05","date_gmt":"2025-04-10T10:08:05","guid":{"rendered":"https:\/\/myspainfood.com\/producto\/sushi-cecina-ja-juustu-80-uhikut\/"},"modified":"2025-07-28T13:06:22","modified_gmt":"2025-07-28T11:06:22","slug":"sushi-cecina-ja-juustu-80-uhikut","status":"publish","type":"product","link":"https:\/\/myspainfood.com\/et\/producto\/sushi-cecina-ja-juustu-80-uhikut\/","title":{"rendered":"Sushi Cecina ja juustu 80 \u00fchikut"},"content":{"rendered":"<p>\u00d5li (85% p\u00e4evalille\u00f5li, 15% oliivi\u00f5li),<strong> an\u0161oovisega<\/strong> t\u00e4idetud oliivi\u00f5li, <strong>vutimuna<\/strong>, juustusegu ja veiselihahakkliha.<\/p>\n","protected":false},"excerpt":{"rendered":"<p>\u00d5li (85% p\u00e4evalille\u00f5li, 15% oliivi\u00f5li), an\u0161oovisega t\u00e4idetud oliivi\u00f5li, vutimuna, juustusegu ja veiselihahakkliha.<\/p>\n","protected":false},"featured_media":29938,"template":"","meta":{"_et_pb_use_builder":"","_et_pb_old_content":"","_et_gb_content_width":""},"product_brand":[1277],"product_cat":[1880,2261,1790,1793,1882],"product_tag":[],"class_list":{"0":"post-29937","1":"product","2":"type-product","3":"status-publish","4":"has-post-thumbnail","6":"product_brand-bokeo","7":"product_cat-cold-et","8":"product_cat-juust-ja-vorst","9":"product_cat-kurgid","10":"product_cat-oliivid","11":"product_cat-pintxos-et","12":"product_shipping_class-kulmaveo-vedu","14":"first","15":"outofstock","16":"taxable","17":"shipping-taxable","18":"purchasable","19":"product-type-simple"},"_links":{"self":[{"href":"https:\/\/myspainfood.com\/et\/wp-json\/wp\/v2\/product\/29937","targetHints":{"allow":["GET"]}}],"collection":[{"href":"https:\/\/myspainfood.com\/et\/wp-json\/wp\/v2\/product"}],"about":[{"href":"https:\/\/myspainfood.com\/et\/wp-json\/wp\/v2\/types\/product"}],"wp:featuredmedia":[{"embeddable":true,"href":"https:\/\/myspainfood.com\/et\/wp-json\/wp\/v2\/media\/29938"}],"wp:attachment":[{"href":"https:\/\/myspainfood.com\/et\/wp-json\/wp\/v2\/media?parent=29937"}],"wp:term":[{"taxonomy":"product_brand","embeddable":true,"href":"https:\/\/myspainfood.com\/et\/wp-json\/wp\/v2\/product_brand?post=29937"},{"taxonomy":"product_cat","embeddable":true,"href":"https:\/\/myspainfood.com\/et\/wp-json\/wp\/v2\/product_cat?post=29937"},{"taxonomy":"product_tag","embeddable":true,"href":"https:\/\/myspainfood.com\/et\/wp-json\/wp\/v2\/product_tag?post=29937"}],"curies":[{"name":"wp","href":"https:\/\/api.w.org\/{rel}","templated":true}]}}