{"id":30017,"date":"2025-04-10T12:08:03","date_gmt":"2025-04-10T10:08:03","guid":{"rendered":"https:\/\/myspainfood.com\/producto\/kantaabria-ansoovis-gildas-5-uhikut\/"},"modified":"2025-09-02T10:41:09","modified_gmt":"2025-09-02T08:41:09","slug":"kantaabria-ansoovis-gildas-5-uhikut","status":"publish","type":"product","link":"https:\/\/myspainfood.com\/et\/producto\/kantaabria-ansoovis-gildas-5-uhikut\/","title":{"rendered":"Kantaabria an\u0161oovis Gildas 5 \u00fchikut"},"content":{"rendered":"<p>\u00d5li (85% p\u00e4evalille\u00f5li, 15% oliivi\u00f5li), <strong>an\u0161oovisefilee<\/strong> ja piparra.<\/p>\n","protected":false},"excerpt":{"rendered":"<p>\u00d5li (85% p\u00e4evalille\u00f5li, 15% oliivi\u00f5li), an\u0161oovisefilee ja piparra.<\/p>\n","protected":false},"featured_media":30023,"template":"","meta":{"_et_pb_use_builder":"","_et_pb_old_content":"","_et_gb_content_width":""},"product_brand":[1277],"product_cat":[1881,2069,1880,1790,1882,4027],"product_tag":[],"class_list":{"0":"post-30017","1":"product","2":"type-product","3":"status-publish","4":"has-post-thumbnail","6":"product_brand-bokeo","7":"product_cat-ansoovised","8":"product_cat-banderillas-et","9":"product_cat-cold-et","10":"product_cat-kurgid","11":"product_cat-pintxos-et","12":"product_cat-tsilli-paprika","13":"product_shipping_class-kulmaveo-vedu","15":"first","16":"instock","17":"taxable","18":"shipping-taxable","19":"product-type-variable"},"_links":{"self":[{"href":"https:\/\/myspainfood.com\/et\/wp-json\/wp\/v2\/product\/30017","targetHints":{"allow":["GET"]}}],"collection":[{"href":"https:\/\/myspainfood.com\/et\/wp-json\/wp\/v2\/product"}],"about":[{"href":"https:\/\/myspainfood.com\/et\/wp-json\/wp\/v2\/types\/product"}],"wp:featuredmedia":[{"embeddable":true,"href":"https:\/\/myspainfood.com\/et\/wp-json\/wp\/v2\/media\/30023"}],"wp:attachment":[{"href":"https:\/\/myspainfood.com\/et\/wp-json\/wp\/v2\/media?parent=30017"}],"wp:term":[{"taxonomy":"product_brand","embeddable":true,"href":"https:\/\/myspainfood.com\/et\/wp-json\/wp\/v2\/product_brand?post=30017"},{"taxonomy":"product_cat","embeddable":true,"href":"https:\/\/myspainfood.com\/et\/wp-json\/wp\/v2\/product_cat?post=30017"},{"taxonomy":"product_tag","embeddable":true,"href":"https:\/\/myspainfood.com\/et\/wp-json\/wp\/v2\/product_tag?post=30017"}],"curies":[{"name":"wp","href":"https:\/\/api.w.org\/{rel}","templated":true}]}}