{"id":30119,"date":"2025-04-10T12:08:03","date_gmt":"2025-04-10T10:08:03","guid":{"rendered":"https:\/\/myspainfood.com\/producto\/kantaabria-juustu-ja-ansoovise-gildas-5-uhikut\/"},"modified":"2025-06-24T16:14:09","modified_gmt":"2025-06-24T14:14:09","slug":"kantaabria-juustu-ja-ansoovise-gildas-5-uhikut","status":"publish","type":"product","link":"https:\/\/myspainfood.com\/et\/producto\/kantaabria-juustu-ja-ansoovise-gildas-5-uhikut\/","title":{"rendered":"Kantaabria juustu ja an\u0161oovise Gildas 5 \u00fchikut"},"content":{"rendered":"<p>\u00d5li (85% p\u00e4evalille\u00f5li, 15% oliivi\u00f5li), <strong>an\u0161oovisega<\/strong> t\u00e4idetud oliivid,<strong> Kantaabria an\u0161oovisfilee<\/strong>, poolk\u00f5rge juust, punane paprika ja punane pipar.<\/p>\n","protected":false},"excerpt":{"rendered":"<p>\u00d5li (85% p\u00e4evalille\u00f5li, 15% oliivi\u00f5li), an\u0161oovisega t\u00e4idetud oliivid, Kantaabria an\u0161oovisfilee, poolk\u00f5rge juust, punane paprika ja punane pipar.<\/p>\n","protected":false},"featured_media":30125,"template":"","meta":{"_et_pb_use_builder":"","_et_pb_old_content":"","_et_gb_content_width":""},"product_brand":[1277],"product_cat":[1881,1880,2261,1790,1793,2341,1882,1938,4027],"product_tag":[],"class_list":{"0":"post-30119","1":"product","2":"type-product","3":"status-publish","4":"has-post-thumbnail","6":"product_brand-bokeo","7":"product_cat-ansoovised","8":"product_cat-cold-et","9":"product_cat-juust-ja-vorst","10":"product_cat-kurgid","11":"product_cat-oliivid","12":"product_cat-paprika-et","13":"product_cat-pintxos-et","14":"product_cat-sailitab","15":"product_cat-tsilli-paprika","16":"product_shipping_class-kulmaveo-vedu","18":"first","19":"outofstock","20":"taxable","21":"shipping-taxable","22":"product-type-variable"},"_links":{"self":[{"href":"https:\/\/myspainfood.com\/et\/wp-json\/wp\/v2\/product\/30119","targetHints":{"allow":["GET"]}}],"collection":[{"href":"https:\/\/myspainfood.com\/et\/wp-json\/wp\/v2\/product"}],"about":[{"href":"https:\/\/myspainfood.com\/et\/wp-json\/wp\/v2\/types\/product"}],"wp:featuredmedia":[{"embeddable":true,"href":"https:\/\/myspainfood.com\/et\/wp-json\/wp\/v2\/media\/30125"}],"wp:attachment":[{"href":"https:\/\/myspainfood.com\/et\/wp-json\/wp\/v2\/media?parent=30119"}],"wp:term":[{"taxonomy":"product_brand","embeddable":true,"href":"https:\/\/myspainfood.com\/et\/wp-json\/wp\/v2\/product_brand?post=30119"},{"taxonomy":"product_cat","embeddable":true,"href":"https:\/\/myspainfood.com\/et\/wp-json\/wp\/v2\/product_cat?post=30119"},{"taxonomy":"product_tag","embeddable":true,"href":"https:\/\/myspainfood.com\/et\/wp-json\/wp\/v2\/product_tag?post=30119"}],"curies":[{"name":"wp","href":"https:\/\/api.w.org\/{rel}","templated":true}]}}