{"id":30632,"date":"2025-04-10T12:08:03","date_gmt":"2025-04-10T10:08:03","guid":{"rendered":"https:\/\/myspainfood.com\/producto\/cecina-ja-juustu-gildas-4-uhikut\/"},"modified":"2025-06-24T14:14:16","modified_gmt":"2025-06-24T12:14:16","slug":"cecina-ja-juustu-gildas-4-uhikut","status":"publish","type":"product","link":"https:\/\/myspainfood.com\/et\/producto\/cecina-ja-juustu-gildas-4-uhikut\/","title":{"rendered":"Cecina ja juustu Gildas 4 \u00fchikut"},"content":{"rendered":"<p>\u00d5li (85% p\u00e4evalille\u00f5li, 15% oliivi\u00f5li), poolp\u00fcstitatud juustu ja veiselihak\u00fcpsetisi.<\/p>\n","protected":false},"excerpt":{"rendered":"<p>\u00d5li (85% p\u00e4evalille\u00f5li, 15% oliivi\u00f5li), poolp\u00fcstitatud juustu ja veiselihak\u00fcpsetisi.<\/p>\n","protected":false},"featured_media":30641,"template":"","meta":{"_et_pb_use_builder":"","_et_pb_old_content":"","_et_gb_content_width":""},"product_brand":[1277],"product_cat":[2069,1880,2261,1790,1882,2742,2262],"product_tag":[],"class_list":{"0":"post-30632","1":"product","2":"type-product","3":"status-publish","4":"has-post-thumbnail","6":"product_brand-bokeo","7":"product_cat-banderillas-et","8":"product_cat-cold-et","9":"product_cat-juust-ja-vorst","10":"product_cat-kurgid","11":"product_cat-pintxos-et","12":"product_cat-ravimine","13":"product_cat-vorsti","14":"product_shipping_class-kulmaveo-vedu","16":"first","17":"outofstock","18":"taxable","19":"shipping-taxable","20":"product-type-variable"},"_links":{"self":[{"href":"https:\/\/myspainfood.com\/et\/wp-json\/wp\/v2\/product\/30632","targetHints":{"allow":["GET"]}}],"collection":[{"href":"https:\/\/myspainfood.com\/et\/wp-json\/wp\/v2\/product"}],"about":[{"href":"https:\/\/myspainfood.com\/et\/wp-json\/wp\/v2\/types\/product"}],"wp:featuredmedia":[{"embeddable":true,"href":"https:\/\/myspainfood.com\/et\/wp-json\/wp\/v2\/media\/30641"}],"wp:attachment":[{"href":"https:\/\/myspainfood.com\/et\/wp-json\/wp\/v2\/media?parent=30632"}],"wp:term":[{"taxonomy":"product_brand","embeddable":true,"href":"https:\/\/myspainfood.com\/et\/wp-json\/wp\/v2\/product_brand?post=30632"},{"taxonomy":"product_cat","embeddable":true,"href":"https:\/\/myspainfood.com\/et\/wp-json\/wp\/v2\/product_cat?post=30632"},{"taxonomy":"product_tag","embeddable":true,"href":"https:\/\/myspainfood.com\/et\/wp-json\/wp\/v2\/product_tag?post=30632"}],"curies":[{"name":"wp","href":"https:\/\/api.w.org\/{rel}","templated":true}]}}