{"id":30874,"date":"2025-04-10T12:09:09","date_gmt":"2025-04-10T10:09:09","guid":{"rendered":"https:\/\/myspainfood.com\/producto\/el-gran-cardenal-kitse-ja-lehma-paprika-juustu\/"},"modified":"2025-06-24T14:16:12","modified_gmt":"2025-06-24T12:16:12","slug":"el-gran-cardenal-kitse-ja-lehma-paprika-juustu","status":"publish","type":"product","link":"https:\/\/myspainfood.com\/et\/producto\/el-gran-cardenal-kitse-ja-lehma-paprika-juustu\/","title":{"rendered":"El Gran Cardenal kitse ja lehma paprika juustu"},"content":{"rendered":"<div class=\"et_pb_blurb_container\">\n<div class=\"et_pb_blurb_container\">\n<h4 class=\"et_pb_module_header\">Kits koos paprikaga<\/h4>\n<div class=\"et_pb_blurb_description\">Pealispinnalt kaetud naturaalse paprikaga (mida saadakse punase pipra kuivatamise ja jahvatamise teel), annab see juustule atraktiivse punaka v\u00e4rvuse ning v\u00e4ga erilise aroomi ja maitse.<\/p>\n<p>Kitsepiima kreemja ja naturaalse paprika maitse kombinatsioon on \u00fcks parimaid v\u00f5imalikke kombinatsioone juustude puhul.<\/p><\/div>\n<\/div>\n<\/div>\n","protected":false},"excerpt":{"rendered":"<p>Kits koos paprikaga Pealispinnalt kaetud naturaalse paprikaga (mida saadakse punase pipra kuivatamise ja jahvatamise teel), annab see juustule atraktiivse punaka v\u00e4rvuse ning v\u00e4ga erilise aroomi ja maitse. Kitsepiima kreemja ja naturaalse paprika maitse kombinatsioon on \u00fcks parimaid v\u00f5imalikke kombinatsioone juustude puhul.<\/p>\n","protected":false},"featured_media":30882,"template":"","meta":{"_et_pb_use_builder":"","_et_pb_old_content":"","_et_gb_content_width":""},"product_brand":[1319],"product_cat":[1880,2261,2742],"product_tag":[],"class_list":{"0":"post-30874","1":"product","2":"type-product","3":"status-publish","4":"has-post-thumbnail","6":"product_brand-el-gran-cardenal","7":"product_cat-cold-et","8":"product_cat-juust-ja-vorst","9":"product_cat-ravimine","10":"product_shipping_class-kulmaveo-vedu","12":"first","13":"outofstock","14":"taxable","15":"shipping-taxable","16":"product-type-variable"},"_links":{"self":[{"href":"https:\/\/myspainfood.com\/et\/wp-json\/wp\/v2\/product\/30874","targetHints":{"allow":["GET"]}}],"collection":[{"href":"https:\/\/myspainfood.com\/et\/wp-json\/wp\/v2\/product"}],"about":[{"href":"https:\/\/myspainfood.com\/et\/wp-json\/wp\/v2\/types\/product"}],"wp:featuredmedia":[{"embeddable":true,"href":"https:\/\/myspainfood.com\/et\/wp-json\/wp\/v2\/media\/30882"}],"wp:attachment":[{"href":"https:\/\/myspainfood.com\/et\/wp-json\/wp\/v2\/media?parent=30874"}],"wp:term":[{"taxonomy":"product_brand","embeddable":true,"href":"https:\/\/myspainfood.com\/et\/wp-json\/wp\/v2\/product_brand?post=30874"},{"taxonomy":"product_cat","embeddable":true,"href":"https:\/\/myspainfood.com\/et\/wp-json\/wp\/v2\/product_cat?post=30874"},{"taxonomy":"product_tag","embeddable":true,"href":"https:\/\/myspainfood.com\/et\/wp-json\/wp\/v2\/product_tag?post=30874"}],"curies":[{"name":"wp","href":"https:\/\/api.w.org\/{rel}","templated":true}]}}