{"id":31062,"date":"2025-04-10T12:08:39","date_gmt":"2025-04-10T10:08:39","guid":{"rendered":"https:\/\/myspainfood.com\/producto\/kokotxas-island-extra-500gr\/"},"modified":"2025-07-28T13:08:48","modified_gmt":"2025-07-28T11:08:48","slug":"kokotxas-island-extra-500gr","status":"publish","type":"product","link":"https:\/\/myspainfood.com\/et\/producto\/kokotxas-island-extra-500gr\/","title":{"rendered":"Kokotxas Island Extra 500gr"},"content":{"rendered":"<p><a href=\"https:\/\/labarajilla.es\/bacalao\/\" target=\"_blank\" rel=\"noopener noreferrer nofollow\">La Barajilla<\/a> Kokotxas Islandia Extra 500gr on v\u00e4ga hinnatud oma tekstuuri poolest.<\/p>\n<p>Neil kokotxadel on hea lihasmass, mis asub kala kahe alumise l\u00f5ualuu vahel.<\/p>\n<ul>\n<li><strong>LIIK<\/strong>: Tursk ( Gadus Morhua )<u><\/u><u><\/u><\/li>\n<li><strong>P\u00fc\u00fcgipiirkond<\/strong>: Loode-Atlandi ookean ( FAO 27 )<u><\/u><u><\/u><\/li>\n<li><strong>Hoiustamine<\/strong>: vahemikus 0\u00baC kuni 5\u00baC.<\/li>\n<\/ul>\n<p>Toitumisalaselt on tursk k\u00f5rge bioloogilise v\u00e4\u00e4rtuse ja seeditavusega valgurikas toit, mille rasva- ja kalorisisaldus on madal.<\/p>\n<p>Veesisaldus on umbes 80% (v\u00e4rskes tursas).<\/p>\n<p>See tursk on hea vitamiinide (peamiselt B-r\u00fchma) ja organismile oluliste mineraalsoolade allikas.<\/p>\n<p>K\u00f5rge verer\u00f5huga inimesed v\u00f5ivad tarbida v\u00e4rsket v\u00f5i soolamata turska, kuna see sisaldab v\u00e4he naatriumi ja palju kaaliumi.<\/p>\n<p>&#8220;Tursk&#8221; on mitme perekonda Gadus kuuluva kalaliigi \u00fcldnimetus, kuigi m\u00f5nel samasse perekonda kuuluval kalal v\u00f5ivad olla ka teised nimed.<\/p>\n<p>K\u00f5ige tavalisem liik on Atlandi tursk (Gadus morhua ehk harilik tursk).<\/p>\n<p>Kui soovite osta Kokotxas Islandia Extra 500gr v\u00f5i m\u00f5nda muud t\u00fc\u00fcpi <a href=\"https:\/\/latiendadesami.com\/categoria-producto\/frio\/\" rel=\"noopener noreferrer nofollow\" target=\"_blank\">k\u00fclmatooteid<\/a>, \u00e4rge kartke vaadata meie veebikataloogi, et n\u00e4ha meie tursa suurt valikut.<\/p>\n<p>Lisateabe saamiseks kirjutage meile.<\/p>\n","protected":false},"excerpt":{"rendered":"<p>La Barajilla Kokotxas Islandia Extra 500gr on v\u00e4ga hinnatud oma tekstuuri poolest. Neil kokotxadel on hea lihasmass, mis asub kala kahe alumise l\u00f5ualuu vahel. LIIK: Tursk ( Gadus Morhua ) P\u00fc\u00fcgipiirkond: Loode-Atlandi ookean ( FAO 27 ) Hoiustamine: vahemikus 0\u00baC kuni 5\u00baC. Toitumisalaselt on tursk k\u00f5rge bioloogilise v\u00e4\u00e4rtuse ja seeditavusega valgurikas toit, mille rasva- ja [&hellip;]<\/p>\n","protected":false},"featured_media":31064,"template":"","meta":{"_et_pb_use_builder":"","_et_pb_old_content":"","_et_gb_content_width":""},"product_brand":[1290],"product_cat":[1880,3535],"product_tag":[],"class_list":{"0":"post-31062","1":"product","2":"type-product","3":"status-publish","4":"has-post-thumbnail","6":"product_brand-la-barajilla","7":"product_cat-cold-et","8":"product_cat-tursk","9":"product_shipping_class-kulmaveo-vedu","11":"first","12":"outofstock","13":"taxable","14":"shipping-taxable","15":"purchasable","16":"product-type-simple"},"_links":{"self":[{"href":"https:\/\/myspainfood.com\/et\/wp-json\/wp\/v2\/product\/31062","targetHints":{"allow":["GET"]}}],"collection":[{"href":"https:\/\/myspainfood.com\/et\/wp-json\/wp\/v2\/product"}],"about":[{"href":"https:\/\/myspainfood.com\/et\/wp-json\/wp\/v2\/types\/product"}],"wp:featuredmedia":[{"embeddable":true,"href":"https:\/\/myspainfood.com\/et\/wp-json\/wp\/v2\/media\/31064"}],"wp:attachment":[{"href":"https:\/\/myspainfood.com\/et\/wp-json\/wp\/v2\/media?parent=31062"}],"wp:term":[{"taxonomy":"product_brand","embeddable":true,"href":"https:\/\/myspainfood.com\/et\/wp-json\/wp\/v2\/product_brand?post=31062"},{"taxonomy":"product_cat","embeddable":true,"href":"https:\/\/myspainfood.com\/et\/wp-json\/wp\/v2\/product_cat?post=31062"},{"taxonomy":"product_tag","embeddable":true,"href":"https:\/\/myspainfood.com\/et\/wp-json\/wp\/v2\/product_tag?post=31062"}],"curies":[{"name":"wp","href":"https:\/\/api.w.org\/{rel}","templated":true}]}}