{"id":31451,"date":"2025-04-10T12:08:39","date_gmt":"2025-04-10T10:08:39","guid":{"rendered":"https:\/\/myspainfood.com\/producto\/cruceiro-de-ferreiros-albarino\/"},"modified":"2025-04-10T12:08:39","modified_gmt":"2025-04-10T10:08:39","slug":"cruceiro-de-ferreiros-albarino","status":"publish","type":"product","link":"https:\/\/myspainfood.com\/et\/producto\/cruceiro-de-ferreiros-albarino\/","title":{"rendered":"Cruceiro de Ferreiros Albari\u00f1o"},"content":{"rendered":"<p>See klassikaline Galicia vein on puhas ja s\u00e4rav, peaaegu rohelise v\u00e4rvusega. Greibi aroomid laulavad lillelisel taustal, millele lisandub mineraalsust. Sellel on keha, hea struktuur ja tugev l\u00f5pp, suurep\u00e4rane vein kergete kalaroogade v\u00f5i v\u00e4rske juustu juurde.  <\/p>\n<div>Albari\u00f1o, Godello ja Loureiro viinamarjadest valmistatud vein, sai 2017. aasta rahvusvahelisel veiniauhindade konkursil h\u00f5bemedali valgete veinide kategoorias.<\/div>\n<p>Nimi\/piirkond: Ixp Do Mi\u00f1o<\/p>\n","protected":false},"excerpt":{"rendered":"<p>See klassikaline Galicia vein on puhas ja s\u00e4rav, peaaegu rohelise v\u00e4rvusega. Greibi aroomid laulavad lillelisel taustal, millele lisandub mineraalsust. Sellel on keha, hea struktuur ja tugev l\u00f5pp, suurep\u00e4rane vein kergete kalaroogade v\u00f5i v\u00e4rske juustu juurde. Albari\u00f1o, Godello ja Loureiro viinamarjadest valmistatud vein, sai 2017. aasta rahvusvahelisel veiniauhindade konkursil h\u00f5bemedali valgete veinide kategoorias. Nimi\/piirkond: Ixp Do [&hellip;]<\/p>\n","protected":false},"featured_media":31458,"template":"","meta":{"_et_pb_use_builder":"","_et_pb_old_content":"","_et_gb_content_width":""},"product_brand":[1302],"product_cat":[4915,6287],"product_tag":[7023],"class_list":{"0":"post-31451","1":"product","2":"type-product","3":"status-publish","4":"has-post-thumbnail","6":"product_brand-galiciano","7":"product_cat-joogid","8":"product_cat-vein-et-2","9":"product_tag-albarino-et","11":"first","12":"instock","13":"taxable","14":"shipping-taxable","15":"purchasable","16":"product-type-variable"},"_links":{"self":[{"href":"https:\/\/myspainfood.com\/et\/wp-json\/wp\/v2\/product\/31451","targetHints":{"allow":["GET"]}}],"collection":[{"href":"https:\/\/myspainfood.com\/et\/wp-json\/wp\/v2\/product"}],"about":[{"href":"https:\/\/myspainfood.com\/et\/wp-json\/wp\/v2\/types\/product"}],"wp:featuredmedia":[{"embeddable":true,"href":"https:\/\/myspainfood.com\/et\/wp-json\/wp\/v2\/media\/31458"}],"wp:attachment":[{"href":"https:\/\/myspainfood.com\/et\/wp-json\/wp\/v2\/media?parent=31451"}],"wp:term":[{"taxonomy":"product_brand","embeddable":true,"href":"https:\/\/myspainfood.com\/et\/wp-json\/wp\/v2\/product_brand?post=31451"},{"taxonomy":"product_cat","embeddable":true,"href":"https:\/\/myspainfood.com\/et\/wp-json\/wp\/v2\/product_cat?post=31451"},{"taxonomy":"product_tag","embeddable":true,"href":"https:\/\/myspainfood.com\/et\/wp-json\/wp\/v2\/product_tag?post=31451"}],"curies":[{"name":"wp","href":"https:\/\/api.w.org\/{rel}","templated":true}]}}