{"id":31654,"date":"2025-04-10T12:09:08","date_gmt":"2025-04-10T10:09:08","guid":{"rendered":"https:\/\/myspainfood.com\/producto\/lammaste-juust-rosmariiniga-el-gran-cardenal\/"},"modified":"2025-07-28T10:32:40","modified_gmt":"2025-07-28T08:32:40","slug":"lammaste-juust-rosmariiniga-el-gran-cardenal","status":"publish","type":"product","link":"https:\/\/myspainfood.com\/et\/producto\/lammaste-juust-rosmariiniga-el-gran-cardenal\/","title":{"rendered":"Lammaste juust rosmariiniga El Gran Cardenal"},"content":{"rendered":"<div class=\"et_pb_blurb_container\">\n<div class=\"et_pb_blurb_container\">\n<h4 class=\"et_pb_module_header\">Lammas koos rosmariiniga<\/h4>\n<div class=\"et_pb_blurb_description\">Rosmariin on Vahemere piirkonnale iseloomulik aromaatne taim. Selle aroom immutab meie Castellano de Oveja juustu, andes sellele v\u00e4ga n\u00fcansirikka l\u00f5hna ja maitse ning aidates juustu kaitsta. <\/p>\n<p>Lillekeeles on rosmariin hea usu ja avatuse s\u00fcmbol.<\/p><\/div>\n<\/div>\n<\/div>\n","protected":false},"excerpt":{"rendered":"<p>Lammas koos rosmariiniga Rosmariin on Vahemere piirkonnale iseloomulik aromaatne taim. Selle aroom immutab meie Castellano de Oveja juustu, andes sellele v\u00e4ga n\u00fcansirikka l\u00f5hna ja maitse ning aidates juustu kaitsta. Lillekeeles on rosmariin hea usu ja avatuse s\u00fcmbol.<\/p>\n","protected":false},"featured_media":31660,"template":"","meta":{"_et_pb_use_builder":"","_et_pb_old_content":"","_et_gb_content_width":""},"product_brand":[1319],"product_cat":[1880,2261,2742],"product_tag":[],"class_list":{"0":"post-31654","1":"product","2":"type-product","3":"status-publish","4":"has-post-thumbnail","6":"product_brand-el-gran-cardenal","7":"product_cat-cold-et","8":"product_cat-juust-ja-vorst","9":"product_cat-ravimine","10":"product_shipping_class-kulmaveo-vedu","12":"first","13":"outofstock","14":"taxable","15":"shipping-taxable","16":"purchasable","17":"product-type-variable"},"_links":{"self":[{"href":"https:\/\/myspainfood.com\/et\/wp-json\/wp\/v2\/product\/31654","targetHints":{"allow":["GET"]}}],"collection":[{"href":"https:\/\/myspainfood.com\/et\/wp-json\/wp\/v2\/product"}],"about":[{"href":"https:\/\/myspainfood.com\/et\/wp-json\/wp\/v2\/types\/product"}],"wp:featuredmedia":[{"embeddable":true,"href":"https:\/\/myspainfood.com\/et\/wp-json\/wp\/v2\/media\/31660"}],"wp:attachment":[{"href":"https:\/\/myspainfood.com\/et\/wp-json\/wp\/v2\/media?parent=31654"}],"wp:term":[{"taxonomy":"product_brand","embeddable":true,"href":"https:\/\/myspainfood.com\/et\/wp-json\/wp\/v2\/product_brand?post=31654"},{"taxonomy":"product_cat","embeddable":true,"href":"https:\/\/myspainfood.com\/et\/wp-json\/wp\/v2\/product_cat?post=31654"},{"taxonomy":"product_tag","embeddable":true,"href":"https:\/\/myspainfood.com\/et\/wp-json\/wp\/v2\/product_tag?post=31654"}],"curies":[{"name":"wp","href":"https:\/\/api.w.org\/{rel}","templated":true}]}}