{"id":31775,"date":"2025-04-10T12:09:10","date_gmt":"2025-04-10T10:09:10","guid":{"rendered":"https:\/\/myspainfood.com\/producto\/kitse-ja-lehmajuust-musta-kuuslauguga-el-gran-cardenal\/"},"modified":"2025-06-24T16:12:17","modified_gmt":"2025-06-24T14:12:17","slug":"kitse-ja-lehmajuust-musta-kuuslauguga-el-gran-cardenal","status":"publish","type":"product","link":"https:\/\/myspainfood.com\/et\/producto\/kitse-ja-lehmajuust-musta-kuuslauguga-el-gran-cardenal\/","title":{"rendered":"Kitse- ja lehmajuust musta k\u00fc\u00fcslauguga El Gran Cardenal"},"content":{"rendered":"<div class=\"et_pb_blurb_container\">\n<div class=\"et_pb_blurb_container\">\n<div class=\"et_pb_blurb_container\">\n<h4 class=\"et_pb_module_header\">Kitsed musta k\u00fc\u00fcslauguga<\/h4>\n<div class=\"et_pb_blurb_description\">Kitse- ja lehmapiimast valmistatud kreemjas juust, mille sees on must k\u00fc\u00fcslauk. See annab sellele kergelt magusa maitse ja antioks\u00fcdantsed omadused. <\/p>\n<p>Sellele on omistatud ka muid omadusi, n\u00e4iteks v\u00e4hiriski v\u00e4hendamine ja eluiga pikendamine. Kindel on see, et kitsepiima maitse tulemus koos musta k\u00fc\u00fcslauguga on meeldiv \u00fcllatus. <\/p><\/div>\n<\/div>\n<\/div>\n<\/div>\n","protected":false},"excerpt":{"rendered":"<p>Kitsed musta k\u00fc\u00fcslauguga Kitse- ja lehmapiimast valmistatud kreemjas juust, mille sees on must k\u00fc\u00fcslauk. See annab sellele kergelt magusa maitse ja antioks\u00fcdantsed omadused. Sellele on omistatud ka muid omadusi, n\u00e4iteks v\u00e4hiriski v\u00e4hendamine ja eluiga pikendamine. Kindel on see, et kitsepiima maitse tulemus koos musta k\u00fc\u00fcslauguga on meeldiv \u00fcllatus.<\/p>\n","protected":false},"featured_media":31781,"template":"","meta":{"_et_pb_use_builder":"","_et_pb_old_content":"","_et_gb_content_width":""},"product_brand":[1319],"product_cat":[1880,2261,2742],"product_tag":[],"class_list":{"0":"post-31775","1":"product","2":"type-product","3":"status-publish","4":"has-post-thumbnail","6":"product_brand-el-gran-cardenal","7":"product_cat-cold-et","8":"product_cat-juust-ja-vorst","9":"product_cat-ravimine","10":"product_shipping_class-kulmaveo-vedu","12":"first","13":"outofstock","14":"taxable","15":"shipping-taxable","16":"purchasable","17":"product-type-variable"},"_links":{"self":[{"href":"https:\/\/myspainfood.com\/et\/wp-json\/wp\/v2\/product\/31775","targetHints":{"allow":["GET"]}}],"collection":[{"href":"https:\/\/myspainfood.com\/et\/wp-json\/wp\/v2\/product"}],"about":[{"href":"https:\/\/myspainfood.com\/et\/wp-json\/wp\/v2\/types\/product"}],"wp:featuredmedia":[{"embeddable":true,"href":"https:\/\/myspainfood.com\/et\/wp-json\/wp\/v2\/media\/31781"}],"wp:attachment":[{"href":"https:\/\/myspainfood.com\/et\/wp-json\/wp\/v2\/media?parent=31775"}],"wp:term":[{"taxonomy":"product_brand","embeddable":true,"href":"https:\/\/myspainfood.com\/et\/wp-json\/wp\/v2\/product_brand?post=31775"},{"taxonomy":"product_cat","embeddable":true,"href":"https:\/\/myspainfood.com\/et\/wp-json\/wp\/v2\/product_cat?post=31775"},{"taxonomy":"product_tag","embeddable":true,"href":"https:\/\/myspainfood.com\/et\/wp-json\/wp\/v2\/product_tag?post=31775"}],"curies":[{"name":"wp","href":"https:\/\/api.w.org\/{rel}","templated":true}]}}