{"id":32126,"date":"2025-04-10T12:08:59","date_gmt":"2025-04-10T10:08:59","guid":{"rendered":"https:\/\/myspainfood.com\/producto\/m-jesus-de-la-hoz-monsalve-2024-verdejo\/"},"modified":"2025-04-10T12:08:59","modified_gmt":"2025-04-10T10:08:59","slug":"m-jesus-de-la-hoz-monsalve-2024-verdejo","status":"publish","type":"product","link":"https:\/\/myspainfood.com\/et\/producto\/m-jesus-de-la-hoz-monsalve-2024-verdejo\/","title":{"rendered":"M Jesus de La Hoz Monsalve 2024 Verdejo"},"content":{"rendered":"<div class=\"cs-blog-content\">\n<p>See vein on nimetatud veinivalmistamise perekondliku traditsiooni auks. Veinivalmistamise seadmed on varustatud uusima tehnoloogiaga, et tagada, et viinamarjavirre ei kaotaks midagi oma sordiehtsusest. K\u00e4\u00e4ritamine roostevabast terasest mahutites tagab absoluutse temperatuuri kontrolli, j\u00e4rgides iga protsessi ranget kvaliteedikontrolli. <\/p>\n<p><strong>V\u00e4rvus:<\/strong> heleda \u00f5lgkollase v\u00e4rvusega.<\/p>\n<p><strong>Aroom:<\/strong> v\u00e4ljendusrikas, sordiline, v\u00e4rske puuvilja <strong>l\u00f5hn<\/strong>.<\/p>\n<p><strong>Maitse:<\/strong> maitsev, puuviljane, v\u00e4rske, t\u00e4idlane.<\/p>\n<\/div>\n<h1><span class=\"vintage\"> <\/span><\/h1>\n","protected":false},"excerpt":{"rendered":"<p>See vein on nimetatud veinivalmistamise perekondliku traditsiooni auks. Veinivalmistamise seadmed on varustatud uusima tehnoloogiaga, et tagada, et viinamarjavirre ei kaotaks midagi oma sordiehtsusest. K\u00e4\u00e4ritamine roostevabast terasest mahutites tagab absoluutse temperatuuri kontrolli, j\u00e4rgides iga protsessi ranget kvaliteedikontrolli. V\u00e4rvus: heleda \u00f5lgkollase v\u00e4rvusega. Aroom: v\u00e4ljendusrikas, sordiline, v\u00e4rske puuvilja l\u00f5hn. Maitse: maitsev, puuviljane, v\u00e4rske, t\u00e4idlane.<\/p>\n","protected":false},"featured_media":32135,"template":"","meta":{"_et_pb_use_builder":"","_et_pb_old_content":"","_et_gb_content_width":""},"product_brand":[1140],"product_cat":[4915,5266],"product_tag":[7106,7107],"class_list":{"0":"post-32126","1":"product","2":"type-product","3":"status-publish","4":"has-post-thumbnail","6":"product_brand-ladera-de-los-obispos","7":"product_cat-joogid","8":"product_cat-vein-et","9":"product_tag-gothic-et","10":"product_tag-ratas","12":"first","13":"instock","14":"featured","15":"taxable","16":"shipping-taxable","17":"purchasable","18":"product-type-variable"},"_links":{"self":[{"href":"https:\/\/myspainfood.com\/et\/wp-json\/wp\/v2\/product\/32126","targetHints":{"allow":["GET"]}}],"collection":[{"href":"https:\/\/myspainfood.com\/et\/wp-json\/wp\/v2\/product"}],"about":[{"href":"https:\/\/myspainfood.com\/et\/wp-json\/wp\/v2\/types\/product"}],"wp:featuredmedia":[{"embeddable":true,"href":"https:\/\/myspainfood.com\/et\/wp-json\/wp\/v2\/media\/32135"}],"wp:attachment":[{"href":"https:\/\/myspainfood.com\/et\/wp-json\/wp\/v2\/media?parent=32126"}],"wp:term":[{"taxonomy":"product_brand","embeddable":true,"href":"https:\/\/myspainfood.com\/et\/wp-json\/wp\/v2\/product_brand?post=32126"},{"taxonomy":"product_cat","embeddable":true,"href":"https:\/\/myspainfood.com\/et\/wp-json\/wp\/v2\/product_cat?post=32126"},{"taxonomy":"product_tag","embeddable":true,"href":"https:\/\/myspainfood.com\/et\/wp-json\/wp\/v2\/product_tag?post=32126"}],"curies":[{"name":"wp","href":"https:\/\/api.w.org\/{rel}","templated":true}]}}