{"id":32352,"date":"2025-04-10T12:09:28","date_gmt":"2025-04-10T10:09:28","guid":{"rendered":"https:\/\/myspainfood.com\/producto\/el-gran-cardenal-purenee-juustu\/"},"modified":"2026-01-29T11:58:33","modified_gmt":"2026-01-29T10:58:33","slug":"el-gran-cardenal-purenee-juustu","status":"publish","type":"product","link":"https:\/\/myspainfood.com\/et\/producto\/el-gran-cardenal-purenee-juustu\/","title":{"rendered":"El Gran Cardenal P\u00fcrenee juustu"},"content":{"rendered":"<div class=\"et_pb_blurb_container\">\n<div class=\"et_pb_blurb_container\">\n<div class=\"et_pb_column et_pb_column_4_4 et_pb_column_1 et_pb_css_mix_blend_mode_passthrough et-last-child\">\n<div class=\"et_pb_module et_pb_text et_pb_text_1 et_pb_text_align_justified et_pb_bg_layout_light\">\n<div class=\"et_pb_text_inner\">Valmistatud pereretsepti j\u00e4rgi meie piimade peenestatud seguga, saavutades seel\u00e4bi suure intensiivsuse ja p\u00fcsivuse suus. Juustud, mille laagerdumisperioodid on erinevad, poolk\u00f5rge (2 kuni 4 kuud laagerdumist) ja laagerdunud (4 kuni 6 kuud laagerdumist). <\/div>\n<\/div>\n<\/div>\n<\/div>\n<\/div>\n","protected":false},"excerpt":{"rendered":"<p>Valmistatud pereretsepti j\u00e4rgi meie piimade peenestatud seguga, saavutades seel\u00e4bi suure intensiivsuse ja p\u00fcsivuse suus. Juustud, mille laagerdumisperioodid on erinevad, poolk\u00f5rge (2 kuni 4 kuud laagerdumist) ja laagerdunud (4 kuni 6 kuud laagerdumist).<\/p>\n","protected":false},"featured_media":32356,"template":"","meta":{"_et_pb_use_builder":"","_et_pb_old_content":"","_et_gb_content_width":""},"product_brand":[1319],"product_cat":[1880,2261,2742],"product_tag":[],"class_list":{"0":"post-32352","1":"product","2":"type-product","3":"status-publish","4":"has-post-thumbnail","6":"product_brand-el-gran-cardenal","7":"product_cat-cold-et","8":"product_cat-juust-ja-vorst","9":"product_cat-ravimine","10":"product_shipping_class-kulmaveo-vedu","12":"first","13":"outofstock","14":"taxable","15":"shipping-taxable","16":"product-type-variable"},"_links":{"self":[{"href":"https:\/\/myspainfood.com\/et\/wp-json\/wp\/v2\/product\/32352","targetHints":{"allow":["GET"]}}],"collection":[{"href":"https:\/\/myspainfood.com\/et\/wp-json\/wp\/v2\/product"}],"about":[{"href":"https:\/\/myspainfood.com\/et\/wp-json\/wp\/v2\/types\/product"}],"wp:featuredmedia":[{"embeddable":true,"href":"https:\/\/myspainfood.com\/et\/wp-json\/wp\/v2\/media\/32356"}],"wp:attachment":[{"href":"https:\/\/myspainfood.com\/et\/wp-json\/wp\/v2\/media?parent=32352"}],"wp:term":[{"taxonomy":"product_brand","embeddable":true,"href":"https:\/\/myspainfood.com\/et\/wp-json\/wp\/v2\/product_brand?post=32352"},{"taxonomy":"product_cat","embeddable":true,"href":"https:\/\/myspainfood.com\/et\/wp-json\/wp\/v2\/product_cat?post=32352"},{"taxonomy":"product_tag","embeddable":true,"href":"https:\/\/myspainfood.com\/et\/wp-json\/wp\/v2\/product_tag?post=32352"}],"curies":[{"name":"wp","href":"https:\/\/api.w.org\/{rel}","templated":true}]}}