{"id":32626,"date":"2025-04-10T12:09:05","date_gmt":"2025-04-10T10:09:05","guid":{"rendered":"https:\/\/myspainfood.com\/producto\/ekstra-neitsioliivioli-valdezarza-5-liitrit-2\/"},"modified":"2026-01-29T12:24:23","modified_gmt":"2026-01-29T11:24:23","slug":"ekstra-neitsioliivioli-valdezarza-5-liitrit-2","status":"publish","type":"product","link":"https:\/\/myspainfood.com\/et\/producto\/ekstra-neitsioliivioli-valdezarza-5-liitrit-2\/","title":{"rendered":"Ekstra neitsioliivi\u00f5li VALDEZARZA 5 liitrit"},"content":{"rendered":"<p>Valdezarza ekstra neitsioliivi\u00f5li 5l on k\u00f5rgema kategooria ekstra neitsioliivi\u00f5li, mis on saadud otse oliividest ja ainult mehaaniliste protseduuride abil.<\/p>\n<p>Valdezarza asub Montes de Toledo (Hispaania) s\u00fcdames ja on integreeritud oliivisalude ja looduse \u00f6kos\u00fcsteem.<\/p>\n<p>Parim oliivimahl on valmistatud oliividest: <a href=\"https:\/\/aceitesvaldezarza.com\/quienes-somos\/\" target=\"_blank\" rel=\"noopener noreferrer nofollow\">VALDEZARZA<\/a> ekstra neitsioliivi\u00f5li.<\/p>\n<p>Valdezarza m\u00f5is asub San Mart\u00edn de Montalb\u00e1ni vallas, mis on geograafiliselt integreeritud Montes de Toledo piirkonda.<\/p>\n<p>Suurem osa sellest 700 hektari suurusest alast on kaitstud Vahemere piirkonna mets ja kontrollitud \u00f6kos\u00fcsteem.<\/p>\n<p>See paik on osa P\u00fcrenee ilvese taasasustamise projektist ja siin saab nautida suurejoonelisi pilte mitmetest ilvestest, kes puhkavad oliivipuude all.<\/p>\n<p>Nende pakendamisettev\u00f5te annab neile suurema kontrolli kogu protsessi \u00fcle alates oliivipuust kuni pakendamiseni.<\/p>\n<p>Lisaks sellele on sellel ettev\u00f5ttel t\u00f5elised teadus-, arendus- ja rakendusprojektid, nagu n\u00e4iteks Messori projekt.<\/p>\n<p>Kui soovite osta <a href=\"https:\/\/latiendadesami.com\/categoria-producto\/aceite\/\" rel=\"noopener noreferrer nofollow\" target=\"_blank\">\u00f5li<\/a>, siis vaadake julgelt meie veebikataloogi, et n\u00e4ha meie laia tootevalikut, n\u00e4iteks Valdezarza ekstra neitsioliivi\u00f5li 5l.<\/p>\n<p>Kirjutage meile, kui soovite lisateavet mis tahes meie toidu kohta.<\/p>\n","protected":false},"excerpt":{"rendered":"<p>Valdezarza ekstra neitsioliivi\u00f5li 5l on k\u00f5rgema kategooria ekstra neitsioliivi\u00f5li, mis on saadud otse oliividest ja ainult mehaaniliste protseduuride abil. Valdezarza asub Montes de Toledo (Hispaania) s\u00fcdames ja on integreeritud oliivisalude ja looduse \u00f6kos\u00fcsteem. Parim oliivimahl on valmistatud oliividest: VALDEZARZA ekstra neitsioliivi\u00f5li. Valdezarza m\u00f5is asub San Mart\u00edn de Montalb\u00e1ni vallas, mis on geograafiliselt integreeritud Montes de [&hellip;]<\/p>\n","protected":false},"featured_media":32631,"template":"","meta":{"_et_pb_use_builder":"","_et_pb_old_content":"","_et_gb_content_width":""},"product_brand":[1221],"product_cat":[2522,2521],"product_tag":[2523],"class_list":{"0":"post-32626","1":"product","2":"type-product","3":"status-publish","4":"has-post-thumbnail","6":"product_brand-valdezarza","7":"product_cat-ekstra-neitsioliivi","8":"product_cat-oli","9":"product_tag-oli","11":"first","12":"outofstock","13":"featured","14":"taxable","15":"shipping-taxable","16":"purchasable","17":"product-type-simple"},"_links":{"self":[{"href":"https:\/\/myspainfood.com\/et\/wp-json\/wp\/v2\/product\/32626","targetHints":{"allow":["GET"]}}],"collection":[{"href":"https:\/\/myspainfood.com\/et\/wp-json\/wp\/v2\/product"}],"about":[{"href":"https:\/\/myspainfood.com\/et\/wp-json\/wp\/v2\/types\/product"}],"wp:featuredmedia":[{"embeddable":true,"href":"https:\/\/myspainfood.com\/et\/wp-json\/wp\/v2\/media\/32631"}],"wp:attachment":[{"href":"https:\/\/myspainfood.com\/et\/wp-json\/wp\/v2\/media?parent=32626"}],"wp:term":[{"taxonomy":"product_brand","embeddable":true,"href":"https:\/\/myspainfood.com\/et\/wp-json\/wp\/v2\/product_brand?post=32626"},{"taxonomy":"product_cat","embeddable":true,"href":"https:\/\/myspainfood.com\/et\/wp-json\/wp\/v2\/product_cat?post=32626"},{"taxonomy":"product_tag","embeddable":true,"href":"https:\/\/myspainfood.com\/et\/wp-json\/wp\/v2\/product_tag?post=32626"}],"curies":[{"name":"wp","href":"https:\/\/api.w.org\/{rel}","templated":true}]}}