{"id":32780,"date":"2025-04-10T12:09:07","date_gmt":"2025-04-10T10:09:07","guid":{"rendered":"https:\/\/myspainfood.com\/producto\/el-gran-cardenal-lambajuust-oliivioliga\/"},"modified":"2026-01-29T11:59:10","modified_gmt":"2026-01-29T10:59:10","slug":"el-gran-cardenal-lambajuust-oliivioliga","status":"publish","type":"product","link":"https:\/\/myspainfood.com\/et\/producto\/el-gran-cardenal-lambajuust-oliivioliga\/","title":{"rendered":"El Gran Cardenal lambajuust oliivi\u00f5liga"},"content":{"rendered":"<div class=\"et_pb_blurb_container\">\n<div class=\"et_pb_blurb_container\">\n<h4 class=\"et_pb_module_header\">Lambad koos \u00f5liga<\/h4>\n<div class=\"et_pb_blurb_description\">Meie 4 rahvusvahelise kuldmedali v\u00f5itnud Kastilia lambajuust koos \u00fche Vahemere piirkonna toitumise aardega, oliivi\u00f5liga.<\/p>\n<p>Selleks kasutame oma \u00f5li, mis on p\u00e4rit sajandivanustest oliivipuudest, mida kasvatatakse maadel, mida San Isidro koos oma naisega viljeles&#8230;<\/p><\/div>\n<\/div>\n<\/div>\n","protected":false},"excerpt":{"rendered":"<p>Lambad koos \u00f5liga Meie 4 rahvusvahelise kuldmedali v\u00f5itnud Kastilia lambajuust koos \u00fche Vahemere piirkonna toitumise aardega, oliivi\u00f5liga. Selleks kasutame oma \u00f5li, mis on p\u00e4rit sajandivanustest oliivipuudest, mida kasvatatakse maadel, mida San Isidro koos oma naisega viljeles&#8230;<\/p>\n","protected":false},"featured_media":32787,"template":"","meta":{"_et_pb_use_builder":"","_et_pb_old_content":"","_et_gb_content_width":""},"product_brand":[1319],"product_cat":[1880,2261,2742],"product_tag":[],"class_list":{"0":"post-32780","1":"product","2":"type-product","3":"status-publish","4":"has-post-thumbnail","6":"product_brand-el-gran-cardenal","7":"product_cat-cold-et","8":"product_cat-juust-ja-vorst","9":"product_cat-ravimine","10":"product_shipping_class-kulmaveo-vedu","12":"first","13":"outofstock","14":"taxable","15":"shipping-taxable","16":"purchasable","17":"product-type-variable"},"_links":{"self":[{"href":"https:\/\/myspainfood.com\/et\/wp-json\/wp\/v2\/product\/32780","targetHints":{"allow":["GET"]}}],"collection":[{"href":"https:\/\/myspainfood.com\/et\/wp-json\/wp\/v2\/product"}],"about":[{"href":"https:\/\/myspainfood.com\/et\/wp-json\/wp\/v2\/types\/product"}],"wp:featuredmedia":[{"embeddable":true,"href":"https:\/\/myspainfood.com\/et\/wp-json\/wp\/v2\/media\/32787"}],"wp:attachment":[{"href":"https:\/\/myspainfood.com\/et\/wp-json\/wp\/v2\/media?parent=32780"}],"wp:term":[{"taxonomy":"product_brand","embeddable":true,"href":"https:\/\/myspainfood.com\/et\/wp-json\/wp\/v2\/product_brand?post=32780"},{"taxonomy":"product_cat","embeddable":true,"href":"https:\/\/myspainfood.com\/et\/wp-json\/wp\/v2\/product_cat?post=32780"},{"taxonomy":"product_tag","embeddable":true,"href":"https:\/\/myspainfood.com\/et\/wp-json\/wp\/v2\/product_tag?post=32780"}],"curies":[{"name":"wp","href":"https:\/\/api.w.org\/{rel}","templated":true}]}}