{"id":32826,"date":"2025-04-10T12:09:28","date_gmt":"2025-04-10T10:09:28","guid":{"rendered":"https:\/\/myspainfood.com\/producto\/hispaania-lammaste-toorpiimajuust-el-gran-cardenal\/"},"modified":"2025-07-28T13:12:17","modified_gmt":"2025-07-28T11:12:17","slug":"hispaania-lammaste-toorpiimajuust-el-gran-cardenal","status":"publish","type":"product","link":"https:\/\/myspainfood.com\/et\/producto\/hispaania-lammaste-toorpiimajuust-el-gran-cardenal\/","title":{"rendered":"Hispaania lammaste toorpiimajuust El Gran Cardenal"},"content":{"rendered":"<div class=\"et_pb_blurb_container\">\n<div class=\"et_pb_blurb_container\">\n<div class=\"et_pb_blurb_container\">\n<p class=\"et_pb_module_header\">Toores lambapiim<\/p>\n<div class=\"et_pb_blurb_description\">Valmistatud k\u00f5ige v\u00e4ljavalitumast piimast, mida kogutakse iga p\u00e4ev, et tagada v\u00e4rskus ja kvaliteet, mis tagab suurema maitse ja suurep\u00e4rase aroomi.<\/div>\n<\/div>\n<\/div>\n<\/div>\n","protected":false},"excerpt":{"rendered":"<p>Toores lambapiim Valmistatud k\u00f5ige v\u00e4ljavalitumast piimast, mida kogutakse iga p\u00e4ev, et tagada v\u00e4rskus ja kvaliteet, mis tagab suurema maitse ja suurep\u00e4rase aroomi.<\/p>\n","protected":false},"featured_media":32833,"template":"","meta":{"_et_pb_use_builder":"","_et_pb_old_content":"","_et_gb_content_width":""},"product_brand":[1319],"product_cat":[1880,2261,2742],"product_tag":[],"class_list":{"0":"post-32826","1":"product","2":"type-product","3":"status-publish","4":"has-post-thumbnail","6":"product_brand-el-gran-cardenal","7":"product_cat-cold-et","8":"product_cat-juust-ja-vorst","9":"product_cat-ravimine","10":"product_shipping_class-kulmaveo-vedu","12":"first","13":"outofstock","14":"taxable","15":"shipping-taxable","16":"purchasable","17":"product-type-variable"},"_links":{"self":[{"href":"https:\/\/myspainfood.com\/et\/wp-json\/wp\/v2\/product\/32826","targetHints":{"allow":["GET"]}}],"collection":[{"href":"https:\/\/myspainfood.com\/et\/wp-json\/wp\/v2\/product"}],"about":[{"href":"https:\/\/myspainfood.com\/et\/wp-json\/wp\/v2\/types\/product"}],"wp:featuredmedia":[{"embeddable":true,"href":"https:\/\/myspainfood.com\/et\/wp-json\/wp\/v2\/media\/32833"}],"wp:attachment":[{"href":"https:\/\/myspainfood.com\/et\/wp-json\/wp\/v2\/media?parent=32826"}],"wp:term":[{"taxonomy":"product_brand","embeddable":true,"href":"https:\/\/myspainfood.com\/et\/wp-json\/wp\/v2\/product_brand?post=32826"},{"taxonomy":"product_cat","embeddable":true,"href":"https:\/\/myspainfood.com\/et\/wp-json\/wp\/v2\/product_cat?post=32826"},{"taxonomy":"product_tag","embeddable":true,"href":"https:\/\/myspainfood.com\/et\/wp-json\/wp\/v2\/product_tag?post=32826"}],"curies":[{"name":"wp","href":"https:\/\/api.w.org\/{rel}","templated":true}]}}