{"id":32957,"date":"2025-04-10T12:09:07","date_gmt":"2025-04-10T10:09:07","guid":{"rendered":"https:\/\/myspainfood.com\/producto\/el-gran-cardenal-trufeldatud-lambajuust\/"},"modified":"2025-07-28T10:32:57","modified_gmt":"2025-07-28T08:32:57","slug":"el-gran-cardenal-trufeldatud-lambajuust","status":"publish","type":"product","link":"https:\/\/myspainfood.com\/et\/producto\/el-gran-cardenal-trufeldatud-lambajuust\/","title":{"rendered":"El Gran Cardenal tr\u00fcfeldatud lambajuust"},"content":{"rendered":"<div class=\"et_pb_blurb_container\">\n<h4 class=\"et_pb_module_header\">Tr\u00fchveldatud lambad<\/h4>\n<div class=\"et_pb_blurb_description\">\n<p>K\u00f5ige eksklusiivsem meie juustudest. Super-kuldmedali v\u00f5itja rahvusvahelisel World Cheese Awards 2016-17. <\/p>\n<p>Ainult parimatest karjadest p\u00e4rit lambapiimale lisame tr\u00fchvleid juba tootmise alguses, nii et need eksisteerivad koos kogu laagerdumise ajal, andes eksimatut l\u00f5hna ja maitset, austades kastilialase lambapiimajuustu olemust.<\/p>\n<\/div>\n<\/div>\n","protected":false},"excerpt":{"rendered":"<p>Tr\u00fchveldatud lambad K\u00f5ige eksklusiivsem meie juustudest. Super-kuldmedali v\u00f5itja rahvusvahelisel World Cheese Awards 2016-17. Ainult parimatest karjadest p\u00e4rit lambapiimale lisame tr\u00fchvleid juba tootmise alguses, nii et need eksisteerivad koos kogu laagerdumise ajal, andes eksimatut l\u00f5hna ja maitset, austades kastilialase lambapiimajuustu olemust.<\/p>\n","protected":false},"featured_media":32963,"template":"","meta":{"_et_pb_use_builder":"","_et_pb_old_content":"","_et_gb_content_width":""},"product_brand":[1319],"product_cat":[1880,2261,2742],"product_tag":[],"class_list":{"0":"post-32957","1":"product","2":"type-product","3":"status-publish","4":"has-post-thumbnail","6":"product_brand-el-gran-cardenal","7":"product_cat-cold-et","8":"product_cat-juust-ja-vorst","9":"product_cat-ravimine","10":"product_shipping_class-kulmaveo-vedu","12":"first","13":"outofstock","14":"taxable","15":"shipping-taxable","16":"purchasable","17":"product-type-variable"},"_links":{"self":[{"href":"https:\/\/myspainfood.com\/et\/wp-json\/wp\/v2\/product\/32957","targetHints":{"allow":["GET"]}}],"collection":[{"href":"https:\/\/myspainfood.com\/et\/wp-json\/wp\/v2\/product"}],"about":[{"href":"https:\/\/myspainfood.com\/et\/wp-json\/wp\/v2\/types\/product"}],"wp:featuredmedia":[{"embeddable":true,"href":"https:\/\/myspainfood.com\/et\/wp-json\/wp\/v2\/media\/32963"}],"wp:attachment":[{"href":"https:\/\/myspainfood.com\/et\/wp-json\/wp\/v2\/media?parent=32957"}],"wp:term":[{"taxonomy":"product_brand","embeddable":true,"href":"https:\/\/myspainfood.com\/et\/wp-json\/wp\/v2\/product_brand?post=32957"},{"taxonomy":"product_cat","embeddable":true,"href":"https:\/\/myspainfood.com\/et\/wp-json\/wp\/v2\/product_cat?post=32957"},{"taxonomy":"product_tag","embeddable":true,"href":"https:\/\/myspainfood.com\/et\/wp-json\/wp\/v2\/product_tag?post=32957"}],"curies":[{"name":"wp","href":"https:\/\/api.w.org\/{rel}","templated":true}]}}