{"id":33062,"date":"2025-04-10T12:09:23","date_gmt":"2025-04-10T10:09:23","guid":{"rendered":"https:\/\/myspainfood.com\/producto\/mini-juustutahed-130-tukki\/"},"modified":"2025-06-24T13:42:53","modified_gmt":"2025-06-24T11:42:53","slug":"mini-juustutahed-130-tukki","status":"publish","type":"product","link":"https:\/\/myspainfood.com\/et\/producto\/mini-juustutahed-130-tukki\/","title":{"rendered":"Mini juustut\u00e4hed 130 t\u00fckki"},"content":{"rendered":"<p>\u00d5li (85% p\u00e4evalille\u00f5li, 15% oliivi\u00f5li), an\u0161oovisega t\u00e4idetud oliivid, an\u0161oovisfilee, poolk\u00f5rge juust ja punane pipar.<\/p>\n","protected":false},"excerpt":{"rendered":"<p>\u00d5li (85% p\u00e4evalille\u00f5li, 15% oliivi\u00f5li), an\u0161oovisega t\u00e4idetud oliivid, an\u0161oovisfilee, poolk\u00f5rge juust ja punane pipar.<\/p>\n","protected":false},"featured_media":33063,"template":"","meta":{"_et_pb_use_builder":"","_et_pb_old_content":"","_et_gb_content_width":""},"product_brand":[1277],"product_cat":[1881,1880,2261,1790,1793,1882],"product_tag":[],"class_list":{"0":"post-33062","1":"product","2":"type-product","3":"status-publish","4":"has-post-thumbnail","6":"product_brand-bokeo","7":"product_cat-ansoovised","8":"product_cat-cold-et","9":"product_cat-juust-ja-vorst","10":"product_cat-kurgid","11":"product_cat-oliivid","12":"product_cat-pintxos-et","13":"product_shipping_class-kulmaveo-vedu","15":"first","16":"outofstock","17":"taxable","18":"shipping-taxable","19":"purchasable","20":"product-type-simple"},"_links":{"self":[{"href":"https:\/\/myspainfood.com\/et\/wp-json\/wp\/v2\/product\/33062","targetHints":{"allow":["GET"]}}],"collection":[{"href":"https:\/\/myspainfood.com\/et\/wp-json\/wp\/v2\/product"}],"about":[{"href":"https:\/\/myspainfood.com\/et\/wp-json\/wp\/v2\/types\/product"}],"wp:featuredmedia":[{"embeddable":true,"href":"https:\/\/myspainfood.com\/et\/wp-json\/wp\/v2\/media\/33063"}],"wp:attachment":[{"href":"https:\/\/myspainfood.com\/et\/wp-json\/wp\/v2\/media?parent=33062"}],"wp:term":[{"taxonomy":"product_brand","embeddable":true,"href":"https:\/\/myspainfood.com\/et\/wp-json\/wp\/v2\/product_brand?post=33062"},{"taxonomy":"product_cat","embeddable":true,"href":"https:\/\/myspainfood.com\/et\/wp-json\/wp\/v2\/product_cat?post=33062"},{"taxonomy":"product_tag","embeddable":true,"href":"https:\/\/myspainfood.com\/et\/wp-json\/wp\/v2\/product_tag?post=33062"}],"curies":[{"name":"wp","href":"https:\/\/api.w.org\/{rel}","templated":true}]}}