{"id":33486,"date":"2025-04-10T12:10:14","date_gmt":"2025-04-10T10:10:14","guid":{"rendered":"https:\/\/myspainfood.com\/producto\/kukeseened-naturaalne-45-65-areoso\/"},"modified":"2025-04-10T12:10:14","modified_gmt":"2025-04-10T10:10:14","slug":"kukeseened-naturaalne-45-65-areoso","status":"publish","type":"product","link":"https:\/\/myspainfood.com\/et\/producto\/kukeseened-naturaalne-45-65-areoso\/","title":{"rendered":"Kukeseened naturaalne 45\/65 Areoso"},"content":{"rendered":"<p>Toode: kukeseened 45\/65 t\u00fckki.<\/p>\n<p>Koostisained: Kukeseen, vesi ja sool<\/p>\n<p>VALMISTAMISPROTSEDUUR: Kukeseened valmistatakse sarnaselt karbikarpidega, kuigi need ei ole nii \u00f5rnad tooted kui karbid. Protsess on j\u00e4rgmine: neid keedetakse vees, mis vastab h\u00fcgieenilis-h\u00fcgieenilistele n\u00f5uetele. Kogu koorimise ja sorteerimise protsess on automatiseeritud. Seej\u00e4rel pestakse neid uuesti kuumas vees ja seej\u00e4rel pakendatakse. Seej\u00e4rel lisatakse kattevedelik, mis antud juhul on looduslik vesi. See suletakse ja steriliseeritakse sellele tootele iseloomulike ja asjakohaste parameetritega. Seej\u00e4rel on see valmis ladustamiseks ja m\u00fc\u00fcgiks.      <\/p>\n","protected":false},"excerpt":{"rendered":"<p>Toode: kukeseened 45\/65 t\u00fckki. Koostisained: Kukeseen, vesi ja sool VALMISTAMISPROTSEDUUR: Kukeseened valmistatakse sarnaselt karbikarpidega, kuigi need ei ole nii \u00f5rnad tooted kui karbid. Protsess on j\u00e4rgmine: neid keedetakse vees, mis vastab h\u00fcgieenilis-h\u00fcgieenilistele n\u00f5uetele. Kogu koorimise ja sorteerimise protsess on automatiseeritud. Seej\u00e4rel pestakse neid uuesti kuumas vees ja seej\u00e4rel pakendatakse. Seej\u00e4rel lisatakse kattevedelik, mis antud juhul [&hellip;]<\/p>\n","protected":false},"featured_media":33491,"template":"","meta":{"_et_pb_use_builder":"","_et_pb_old_content":"","_et_gb_content_width":""},"product_brand":[1358,1075],"product_cat":[5672,1938],"product_tag":[],"class_list":{"0":"post-33486","1":"product","2":"type-product","3":"status-publish","4":"has-post-thumbnail","6":"product_brand-areoso","7":"product_brand-oti","8":"product_cat-cockles-et","9":"product_cat-sailitab","11":"first","12":"outofstock","13":"sale","14":"taxable","15":"shipping-taxable","16":"purchasable","17":"product-type-simple"},"_links":{"self":[{"href":"https:\/\/myspainfood.com\/et\/wp-json\/wp\/v2\/product\/33486","targetHints":{"allow":["GET"]}}],"collection":[{"href":"https:\/\/myspainfood.com\/et\/wp-json\/wp\/v2\/product"}],"about":[{"href":"https:\/\/myspainfood.com\/et\/wp-json\/wp\/v2\/types\/product"}],"wp:featuredmedia":[{"embeddable":true,"href":"https:\/\/myspainfood.com\/et\/wp-json\/wp\/v2\/media\/33491"}],"wp:attachment":[{"href":"https:\/\/myspainfood.com\/et\/wp-json\/wp\/v2\/media?parent=33486"}],"wp:term":[{"taxonomy":"product_brand","embeddable":true,"href":"https:\/\/myspainfood.com\/et\/wp-json\/wp\/v2\/product_brand?post=33486"},{"taxonomy":"product_cat","embeddable":true,"href":"https:\/\/myspainfood.com\/et\/wp-json\/wp\/v2\/product_cat?post=33486"},{"taxonomy":"product_tag","embeddable":true,"href":"https:\/\/myspainfood.com\/et\/wp-json\/wp\/v2\/product_tag?post=33486"}],"curies":[{"name":"wp","href":"https:\/\/api.w.org\/{rel}","templated":true}]}}