{"id":33614,"date":"2025-04-10T12:09:53","date_gmt":"2025-04-10T10:09:53","guid":{"rendered":"https:\/\/myspainfood.com\/producto\/lillemesi-1-kg-la-celda-real-60-uhikut\/"},"modified":"2025-04-10T12:09:53","modified_gmt":"2025-04-10T10:09:53","slug":"lillemesi-1-kg-la-celda-real-60-uhikut","status":"publish","type":"product","link":"https:\/\/myspainfood.com\/et\/producto\/lillemesi-1-kg-la-celda-real-60-uhikut\/","title":{"rendered":"Lillemesi 1 kg La Celda Real 60 \u00fchikut"},"content":{"rendered":"<p style=\"text-align: left\">Miel de Flores 1 kg on toode, mida toodetakse t\u00e4nu ulatuslikele rajatistele, mis on varustatud automatiseeritud <a href=\"https:\/\/es.wikipedia.org\/wiki\/Miel\" target=\"_blank\" rel=\"noopener noreferrer nofollow\">tootmisliinidega<\/a> ja integreeritud kvaliteedis\u00fcsteemiga.<\/p>\n<p style=\"text-align: left\">P\u00e4rast seda, kui kogenud mesinikud on kogutud, pakendatakse toode protsessi, mis tagab selle looduslike omaduste maksimaalse s\u00e4ilimise.<\/p>\n<p style=\"text-align: left\">See toode areneb t\u00e4nu k\u00f5igi nende kogemustele, teadmistele ja entusiasmile, kes selle moodustavad, tasakaalustatud p\u00fchendumisega parimatele traditsioonidele, s\u00e4ilitades mineviku head t\u00f6\u00f6d, ning tootmisprotsesside abil, mis tagavad <strong>l\u00f5pptoote kvaliteedi.<\/strong><\/p>\n<p style=\"text-align: left\">Mesi on t\u00e4ielik toit, mida mesilased toodavad \u00f5itest saadavast nektarist.<\/p>\n<p style=\"text-align: left\">See on kuldse v\u00e4rvusega, viskoosne, magus ja maitsev vedelik, mida mesilased hoiavad endale suveperioodil toiduks.<\/p>\n<h5 style=\"text-align: left\">Sellel on palju eeliseid, n\u00e4iteks:<\/h5>\n<ul style=\"text-align: left\">\n<li>See on suhkruasendaja. Looduslik ja maitsev. <\/li>\n<li>See tugevdab teie kaitsev\u00f5imet. See kaitseb teid orgaaniliselt. <\/li>\n<li>Ennetab infektsioone. Hoolitseb teie tervise eest. <\/li>\n<li>See annab teile igap\u00e4evaselt lisaelundust.<\/li>\n<li>  Aitab edendada seedimist<\/li>\n<\/ul>\n<p style=\"text-align: left\">Kui soovite osta Miel de Flores 1 kg v\u00f5i mis tahes muud liiki <a href=\"https:\/\/latiendadesami.com\/categoria-producto\/conservas\/\" rel=\"noopener noreferrer nofollow\" target=\"_blank\">konservi<\/a>, siis vaadake julgelt meie veebikataloogi, et n\u00e4ha meie laia valikut.<\/p>\n<p style=\"text-align: left\">Lisateabe saamiseks kirjutage meile.<\/p>\n","protected":false},"excerpt":{"rendered":"<p>Lillemesi 1 kg<\/p>\n","protected":false},"featured_media":33616,"template":"","meta":{"_et_pb_use_builder":"","_et_pb_old_content":"","_et_gb_content_width":""},"product_brand":[1210],"product_cat":[3016,3017],"product_tag":[],"class_list":{"0":"post-33614","1":"product","2":"type-product","3":"status-publish","4":"has-post-thumbnail","6":"product_brand-la-celda-real","7":"product_cat-hulgimuuk","8":"product_cat-sailitab-et","10":"first","11":"outofstock","12":"taxable","13":"shipping-taxable","14":"purchasable","15":"product-type-simple"},"_links":{"self":[{"href":"https:\/\/myspainfood.com\/et\/wp-json\/wp\/v2\/product\/33614","targetHints":{"allow":["GET"]}}],"collection":[{"href":"https:\/\/myspainfood.com\/et\/wp-json\/wp\/v2\/product"}],"about":[{"href":"https:\/\/myspainfood.com\/et\/wp-json\/wp\/v2\/types\/product"}],"wp:featuredmedia":[{"embeddable":true,"href":"https:\/\/myspainfood.com\/et\/wp-json\/wp\/v2\/media\/33616"}],"wp:attachment":[{"href":"https:\/\/myspainfood.com\/et\/wp-json\/wp\/v2\/media?parent=33614"}],"wp:term":[{"taxonomy":"product_brand","embeddable":true,"href":"https:\/\/myspainfood.com\/et\/wp-json\/wp\/v2\/product_brand?post=33614"},{"taxonomy":"product_cat","embeddable":true,"href":"https:\/\/myspainfood.com\/et\/wp-json\/wp\/v2\/product_cat?post=33614"},{"taxonomy":"product_tag","embeddable":true,"href":"https:\/\/myspainfood.com\/et\/wp-json\/wp\/v2\/product_tag?post=33614"}],"curies":[{"name":"wp","href":"https:\/\/api.w.org\/{rel}","templated":true}]}}