{"id":33694,"date":"2025-04-10T12:09:55","date_gmt":"2025-04-10T10:09:55","guid":{"rendered":"https:\/\/myspainfood.com\/producto\/vermouth-los-cantabros-075l-igarmi-soleraga-60-uhikut\/"},"modified":"2025-04-10T12:09:55","modified_gmt":"2025-04-10T10:09:55","slug":"vermouth-los-cantabros-075l-igarmi-soleraga-60-uhikut","status":"publish","type":"product","link":"https:\/\/myspainfood.com\/et\/producto\/vermouth-los-cantabros-075l-igarmi-soleraga-60-uhikut\/","title":{"rendered":"Vermouth Los C\u00e1ntabros 0,75l Igarmi solera&#8217;ga 60 \u00fchikut"},"content":{"rendered":"<p>Verm\u00fa los C\u00e1ntabros on austusavaldus k\u00f5igile neile meestele ja naistele, kes on osanud meie kultuuri s\u00e4ilitada ja levitada.<\/p>\n<p>Samuti meie juured ja traditsioonid, millega kaasnevad laadalid, festivalid, m\u00e4ngud ja gastronoomia, alates merest kuni meie armastatud Kantaabria m\u00e4gedeni.<\/p>\n<p>Seda toodet villib <a href=\"https:\/\/bodegasigarmi.es\/mayoristas-de-bebidas-en-cantabria\/\" target=\"_blank\" rel=\"noopener noreferrer nofollow\">Bodegas Igarmi <\/a>.  <\/p>\n<p>Bodegas Igarmi on traditsioon, mida alates 1890. aastast on iseloomustanud kvaliteet ja klienditeenindus.<\/p>\n<p>Pereettev\u00f5te, mille kirg ja p\u00fchendumus veinile on v\u00f5imaldanud villida ja turustada veinid, mille hinna ja kvaliteedi suhe on \u00fcletamatu ning mida turul ja tarbijate poolt k\u00f5rgelt hinnatakse.<\/p>\n<p>Bodegas Igarmil on Herase linnas 3000 m\u00b2 suurused rajatised, mille ladustamisv\u00f5imsus on ligikaudu miljon liitrit.<\/p>\n<p>See on ka suurim veinikelder Kantaabrias.<\/p>\n<p>Nad on suurep\u00e4rane meeskond, mis koosneb enam kui 30 inimesest, kes on p\u00fchendunud sellele, et pakkuda kliendile parimat toodet ja parimat teenindust, mille poolest me eristume.<\/p>\n<p>&nbsp;<\/p>\n","protected":false},"excerpt":{"rendered":"<p>Verm\u00fa los C\u00e1ntabros on austusavaldus k\u00f5igile neile meestele ja naistele, kes on osanud meie kultuuri s\u00e4ilitada ja levitada. Samuti meie juured ja traditsioonid, millega kaasnevad laadalid, festivalid, m\u00e4ngud ja gastronoomia, alates merest kuni meie armastatud Kantaabria m\u00e4gedeni. Seda toodet villib Bodegas Igarmi . Bodegas Igarmi on traditsioon, mida alates 1890. aastast on iseloomustanud kvaliteet ja [&hellip;]<\/p>\n","protected":false},"featured_media":27301,"template":"","meta":{"_et_pb_use_builder":"","_et_pb_old_content":"","_et_gb_content_width":""},"product_brand":[1244,1245],"product_cat":[3016,7394],"product_tag":[5798],"class_list":{"0":"post-33694","1":"product","2":"type-product","3":"status-publish","4":"has-post-thumbnail","6":"product_brand-igarmi","7":"product_brand-los-cantabros","8":"product_cat-hulgimuuk","9":"product_cat-joogid-et","10":"product_tag-igarmi-et","12":"first","13":"instock","14":"taxable","15":"shipping-taxable","16":"purchasable","17":"product-type-simple"},"_links":{"self":[{"href":"https:\/\/myspainfood.com\/et\/wp-json\/wp\/v2\/product\/33694","targetHints":{"allow":["GET"]}}],"collection":[{"href":"https:\/\/myspainfood.com\/et\/wp-json\/wp\/v2\/product"}],"about":[{"href":"https:\/\/myspainfood.com\/et\/wp-json\/wp\/v2\/types\/product"}],"wp:featuredmedia":[{"embeddable":true,"href":"https:\/\/myspainfood.com\/et\/wp-json\/wp\/v2\/media\/27301"}],"wp:attachment":[{"href":"https:\/\/myspainfood.com\/et\/wp-json\/wp\/v2\/media?parent=33694"}],"wp:term":[{"taxonomy":"product_brand","embeddable":true,"href":"https:\/\/myspainfood.com\/et\/wp-json\/wp\/v2\/product_brand?post=33694"},{"taxonomy":"product_cat","embeddable":true,"href":"https:\/\/myspainfood.com\/et\/wp-json\/wp\/v2\/product_cat?post=33694"},{"taxonomy":"product_tag","embeddable":true,"href":"https:\/\/myspainfood.com\/et\/wp-json\/wp\/v2\/product_tag?post=33694"}],"curies":[{"name":"wp","href":"https:\/\/api.w.org\/{rel}","templated":true}]}}