{"id":33793,"date":"2025-04-10T12:10:18","date_gmt":"2025-04-10T10:10:18","guid":{"rendered":"https:\/\/myspainfood.com\/producto\/40-tk-cusumano-rannikuala-varske-bonito-18-kg\/"},"modified":"2025-04-10T12:10:18","modified_gmt":"2025-04-10T10:10:18","slug":"40-tk-cusumano-rannikuala-varske-bonito-18-kg","status":"publish","type":"product","link":"https:\/\/myspainfood.com\/et\/producto\/40-tk-cusumano-rannikuala-varske-bonito-18-kg\/","title":{"rendered":"40 tk. Cusumano rannikuala v\u00e4rske bonito 1&#8217;8 kg"},"content":{"rendered":"<div id=\"product-description-short-5\" class=\"rte-content\">\n<p style=\"text-align: left;\">Ranniku v\u00e4rske tuunikala Cusumano on valge tuunikala, mis on p\u00fc\u00fctud \u00fckshaaval Kantaabria merest ja <a href=\"https:\/\/es.wikipedia.org\/wiki\/Thunnus\" target=\"_blank\" rel=\"noopener noreferrer nofollow\">t\u00f6\u00f6deldud<\/a> FRESH.<\/p>\n<p>Sellel toidul on autentne maitse ja erakordne tekstuur.<\/p>\n<p>L\u00f5puks saate oma lauale traditsioonilise konservi.<\/p>\n<p>Fresco de Costera.<\/p>\n<p>Kuna tegemist on hooajalise p\u00fc\u00fcgiga, mis kestab juunist oktoobrini, tagab Cusumano, et see valge tuunikala ei ole l\u00e4binud mingit k\u00fclmutamisprotsessi alates p\u00fc\u00fcgist kuni tootmiseni.<\/p>\n<p>See tuunikala s\u00e4ilitab k\u00f5ik oma organoleptilised omadused, nagu v\u00e4rvus, maitse ja tekstuur.<\/p>\n<p>Conservas Cusumanol on uued ja moodsad rajatised, mis asuvad Mundakas ja mille pindala on peaaegu 6000 m\u00b2.<\/p>\n<p>Conservas Cusumano on ettev\u00f5te, mis on \u00fcle 60 aasta s\u00e4ilitanud armastuse traditsioonide ja oskusteabe vastu \u00fches maailma vanimas ja traditsioonilisemas ametis: ranniku v\u00e4rske valge tuuni p\u00fc\u00fcgis ja konserveerimises.<\/p>\n<p>V\u00f5rratu Urdaibai biosf\u00e4\u00e4ri kaitsealal, mis v\u00f5imaldab neil t\u00e4nu oma asukohale nii l\u00e4hedal merele, mis l\u00e4bib meie olemust, saada k\u00f5ige v\u00e4rskemat kala.<\/p>\n<p>Kui soovite osta Cusumano Coastal v\u00e4rsket tuunikala v\u00f5i mis tahes muud t\u00fc\u00fcpi <a href=\"https:\/\/latiendadesami.com\/categoria-producto\/conservas\/\" rel=\"noopener noreferrer nofollow\" target=\"_blank\">tuunikalakonserve<\/a>, siis \u00e4rge kartke vaadata kogu meie veebikataloogi, et n\u00e4ha meie <a href=\"https:\/\/latiendadesami.com\/categoria-producto\/conservas\/atun-y-bonito\/\" target=\"_blank\" rel=\"noopener noreferrer nofollow\">tuunikala<\/a> suurt valikut.<\/p>\n<p>Lisateabe saamiseks kirjutage meile.<\/p>\n<p>&nbsp;<\/p>\n<\/div>\n","protected":false},"excerpt":{"rendered":"<p>Ranniku v\u00e4rske tuunikala Cusumano on valge tuunikala, mis on p\u00fc\u00fctud \u00fckshaaval Kantaabria merest ja t\u00f6\u00f6deldud FRESH. Sellel toidul on autentne maitse ja erakordne tekstuur. L\u00f5puks saate oma lauale traditsioonilise konservi. Fresco de Costera. Kuna tegemist on hooajalise p\u00fc\u00fcgiga, mis kestab juunist oktoobrini, tagab Cusumano, et see valge tuunikala ei ole l\u00e4binud mingit k\u00fclmutamisprotsessi alates p\u00fc\u00fcgist [&hellip;]<\/p>\n","protected":false},"featured_media":33794,"template":"","meta":{"_et_pb_use_builder":"","_et_pb_old_content":"","_et_gb_content_width":""},"product_brand":[1272],"product_cat":[1938,4300],"product_tag":[],"class_list":{"0":"post-33793","1":"product","2":"type-product","3":"status-publish","4":"has-post-thumbnail","6":"product_brand-cusumano","7":"product_cat-sailitab","8":"product_cat-tuun-ja-bonito","10":"first","11":"instock","12":"taxable","13":"shipping-taxable","14":"purchasable","15":"product-type-simple"},"_links":{"self":[{"href":"https:\/\/myspainfood.com\/et\/wp-json\/wp\/v2\/product\/33793","targetHints":{"allow":["GET"]}}],"collection":[{"href":"https:\/\/myspainfood.com\/et\/wp-json\/wp\/v2\/product"}],"about":[{"href":"https:\/\/myspainfood.com\/et\/wp-json\/wp\/v2\/types\/product"}],"wp:featuredmedia":[{"embeddable":true,"href":"https:\/\/myspainfood.com\/et\/wp-json\/wp\/v2\/media\/33794"}],"wp:attachment":[{"href":"https:\/\/myspainfood.com\/et\/wp-json\/wp\/v2\/media?parent=33793"}],"wp:term":[{"taxonomy":"product_brand","embeddable":true,"href":"https:\/\/myspainfood.com\/et\/wp-json\/wp\/v2\/product_brand?post=33793"},{"taxonomy":"product_cat","embeddable":true,"href":"https:\/\/myspainfood.com\/et\/wp-json\/wp\/v2\/product_cat?post=33793"},{"taxonomy":"product_tag","embeddable":true,"href":"https:\/\/myspainfood.com\/et\/wp-json\/wp\/v2\/product_tag?post=33793"}],"curies":[{"name":"wp","href":"https:\/\/api.w.org\/{rel}","templated":true}]}}