{"id":33952,"date":"2025-04-10T12:10:21","date_gmt":"2025-04-10T10:10:21","guid":{"rendered":"https:\/\/myspainfood.com\/producto\/harilik-karbid-oliiviolis-areoso-115-g\/"},"modified":"2025-04-10T12:10:21","modified_gmt":"2025-04-10T10:10:21","slug":"harilik-karbid-oliiviolis-areoso-115-g","status":"publish","type":"product","link":"https:\/\/myspainfood.com\/et\/producto\/harilik-karbid-oliiviolis-areoso-115-g\/","title":{"rendered":"Harilik karbid oliivi\u00f5lis Areoso 115 g"},"content":{"rendered":"<p>Toode: Razor-karbid oliivi\u00f5lis<\/p>\n<p>Spetsifikatsioon: Galicia Rias&#8217;i piirkonnast p\u00e4rit \u00fchtlase suurusega harilikud karbid (Ensis arcuatus) oliivi\u00f5lis. Puhastatud ja k\u00e4sitsi valitud igas purgis. <\/p>\n<p>Koostisained: 56,5%, oliivi\u00f5li 43,5% ja sool.<\/p>\n<p>Tootmisprotsess: Nagu ka \u00fclej\u00e4\u00e4nud molluskid, l\u00e4bivad Galicia Rias&#8217;i piirkonnas kogutud rannakarbid kohe p\u00e4rast tehasesse j\u00f5udmist puhastusprotsessi. Seej\u00e4rel keedetakse neid vees, mis vastab h\u00fcgieenilistele ja sanitaarn\u00f5uetele; molluskid avatakse ja seej\u00e4rel kooritakse k\u00e4sitsi, j\u00e4lgides v\u00e4ga hoolikalt, et nad ei puruneks. Seej\u00e4rel pestakse neid uuesti soojas soolases vees ja pakendatakse. Seej\u00e4rel lisatakse oliivi\u00f5li, mis annab neile pehme tekstuuri ja intensiivse maitse. Mahutid suletakse ja steriliseeritakse sellele tootele iseloomulike ja sobivate parameetritega, luues seega t\u00e4iusliku atmosf\u00e4\u00e4ri, mis v\u00f5imaldab s\u00e4ilitada neid aastaid ilma igasuguste s\u00e4ilitusainete v\u00f5i kunstlike lisanditeta. Seej\u00e4rel on toode valmis ladustamiseks ja m\u00fc\u00fcgiks.     <\/p>\n","protected":false},"excerpt":{"rendered":"<p>Toode: Razor-karbid oliivi\u00f5lis Spetsifikatsioon: Galicia Rias&#8217;i piirkonnast p\u00e4rit \u00fchtlase suurusega harilikud karbid (Ensis arcuatus) oliivi\u00f5lis. Puhastatud ja k\u00e4sitsi valitud igas purgis. Koostisained: 56,5%, oliivi\u00f5li 43,5% ja sool. Tootmisprotsess: Nagu ka \u00fclej\u00e4\u00e4nud molluskid, l\u00e4bivad Galicia Rias&#8217;i piirkonnas kogutud rannakarbid kohe p\u00e4rast tehasesse j\u00f5udmist puhastusprotsessi. Seej\u00e4rel keedetakse neid vees, mis vastab h\u00fcgieenilistele ja sanitaarn\u00f5uetele; molluskid avatakse ja [&hellip;]<\/p>\n","protected":false},"featured_media":33956,"template":"","meta":{"_et_pb_use_builder":"","_et_pb_old_content":"","_et_gb_content_width":""},"product_brand":[1358],"product_cat":[7643,1938],"product_tag":[],"class_list":{"0":"post-33952","1":"product","2":"type-product","3":"status-publish","4":"has-post-thumbnail","6":"product_brand-areoso","7":"product_cat-razors","8":"product_cat-sailitab","10":"first","11":"outofstock","12":"taxable","13":"shipping-taxable","14":"product-type-variable"},"_links":{"self":[{"href":"https:\/\/myspainfood.com\/et\/wp-json\/wp\/v2\/product\/33952","targetHints":{"allow":["GET"]}}],"collection":[{"href":"https:\/\/myspainfood.com\/et\/wp-json\/wp\/v2\/product"}],"about":[{"href":"https:\/\/myspainfood.com\/et\/wp-json\/wp\/v2\/types\/product"}],"wp:featuredmedia":[{"embeddable":true,"href":"https:\/\/myspainfood.com\/et\/wp-json\/wp\/v2\/media\/33956"}],"wp:attachment":[{"href":"https:\/\/myspainfood.com\/et\/wp-json\/wp\/v2\/media?parent=33952"}],"wp:term":[{"taxonomy":"product_brand","embeddable":true,"href":"https:\/\/myspainfood.com\/et\/wp-json\/wp\/v2\/product_brand?post=33952"},{"taxonomy":"product_cat","embeddable":true,"href":"https:\/\/myspainfood.com\/et\/wp-json\/wp\/v2\/product_cat?post=33952"},{"taxonomy":"product_tag","embeddable":true,"href":"https:\/\/myspainfood.com\/et\/wp-json\/wp\/v2\/product_tag?post=33952"}],"curies":[{"name":"wp","href":"https:\/\/api.w.org\/{rel}","templated":true}]}}