{"id":34131,"date":"2025-04-10T12:09:58","date_gmt":"2025-04-10T10:09:58","guid":{"rendered":"https:\/\/myspainfood.com\/producto\/banderillas-extra-vurtsikas-chicon-900-grammi-pakend-6-uhikut\/"},"modified":"2025-04-10T12:09:58","modified_gmt":"2025-04-10T10:09:58","slug":"banderillas-extra-vurtsikas-chicon-900-grammi-pakend-6-uhikut","status":"publish","type":"product","link":"https:\/\/myspainfood.com\/et\/producto\/banderillas-extra-vurtsikas-chicon-900-grammi-pakend-6-uhikut\/","title":{"rendered":"Banderillas Extra (v\u00fcrtsikas) Chic\u00f3n 900 grammi pakend 6 \u00fchikut"},"content":{"rendered":"<p>Banderillas extra picantes on <a href=\"https:\/\/aceitunaschiconlebron.com\/catalogo\/banderillas-picantes\/\" target=\"_blank\" rel=\"noopener noreferrer nofollow\">hapukurgid<\/a>, mida tarbitakse iga p\u00e4ev eelroana paljudes meie riigi nurkades.<\/p>\n<p>Koostisosadest tulenev maitsesegu koos \u00e4\u00e4dikaga ja t\u0161illi v\u00fcrtsikusega annab meie v\u00fcrtsikate banderillade maitsele erilise maitse.<\/p>\n<p>V\u00fcrtsikad banderillad koosnevad tavaliselt kurkidest, t\u0161illist, sibulast, oliividest ja paprikast. Seet\u00f5ttu on nende maitsete segu nii peen. <\/p>\n<h3><strong>Ekstra v\u00fcrtsikate banderillade eelised<\/strong><\/h3>\n<p>Kas teadsid, et v\u00fcrtsikad banderillad ja hapukurgid \u00fcldiselt on kasulikud? Siin on nimekiri k\u00f5ige olulisematest: <\/p>\n<ul>\n<li>Rikkalikult probiootikume.<\/li>\n<li>Nad aitavad seedimist.<\/li>\n<li>Nad tugevdavad immuuns\u00fcsteemi.<\/li>\n<li>Nad v\u00e4hendavad suhkru isu.<\/li>\n<li>Soodne sapip\u00f5ie jaoks.<\/li>\n<\/ul>\n<p>&nbsp;<\/p>\n<p>Kui soovite osta oliive v\u00f5i mis tahes muud liiki <a href=\"https:\/\/latiendadesami.com\/categoria-producto\/encurtidos\/\" rel=\"noopener noreferrer nofollow\" target=\"_blank\">marineeritud toiduaineid<\/a>, siis vaadake julgelt meie veebikataloogi, et n\u00e4ha meie <a href=\"https:\/\/latiendadesami.com\/categoria-producto\/encurtidos\/aceitunas\/\" target=\"_blank\" rel=\"noopener noreferrer nofollow\">oliivide<\/a> suurt valikut.<\/p>\n","protected":false},"excerpt":{"rendered":"<p>banderillas picante<\/p>\n<p>S\u00f5ltub kogusest.<\/p>\n","protected":false},"featured_media":34137,"template":"","meta":{"_et_pb_use_builder":"","_et_pb_old_content":"","_et_gb_content_width":""},"product_brand":[1036],"product_cat":[3016,3149],"product_tag":[4121,2070],"class_list":{"0":"post-34131","1":"product","2":"type-product","3":"status-publish","4":"has-post-thumbnail","6":"product_brand-chicon","7":"product_cat-hulgimuuk","8":"product_cat-kurgid-et-2","9":"product_tag-extra-et","10":"product_tag-vurtsikas","12":"first","13":"instock","14":"taxable","15":"shipping-taxable","16":"purchasable","17":"product-type-variable"},"_links":{"self":[{"href":"https:\/\/myspainfood.com\/et\/wp-json\/wp\/v2\/product\/34131","targetHints":{"allow":["GET"]}}],"collection":[{"href":"https:\/\/myspainfood.com\/et\/wp-json\/wp\/v2\/product"}],"about":[{"href":"https:\/\/myspainfood.com\/et\/wp-json\/wp\/v2\/types\/product"}],"wp:featuredmedia":[{"embeddable":true,"href":"https:\/\/myspainfood.com\/et\/wp-json\/wp\/v2\/media\/34137"}],"wp:attachment":[{"href":"https:\/\/myspainfood.com\/et\/wp-json\/wp\/v2\/media?parent=34131"}],"wp:term":[{"taxonomy":"product_brand","embeddable":true,"href":"https:\/\/myspainfood.com\/et\/wp-json\/wp\/v2\/product_brand?post=34131"},{"taxonomy":"product_cat","embeddable":true,"href":"https:\/\/myspainfood.com\/et\/wp-json\/wp\/v2\/product_cat?post=34131"},{"taxonomy":"product_tag","embeddable":true,"href":"https:\/\/myspainfood.com\/et\/wp-json\/wp\/v2\/product_tag?post=34131"}],"curies":[{"name":"wp","href":"https:\/\/api.w.org\/{rel}","templated":true}]}}