{"id":34224,"date":"2025-04-10T12:09:58","date_gmt":"2025-04-10T10:09:58","guid":{"rendered":"https:\/\/myspainfood.com\/producto\/chicon-extra-oliivid-kurkitsad-900-grammi-pakend-6-uhikut\/"},"modified":"2025-04-10T12:09:58","modified_gmt":"2025-04-10T10:09:58","slug":"chicon-extra-oliivid-kurkitsad-900-grammi-pakend-6-uhikut","status":"publish","type":"product","link":"https:\/\/myspainfood.com\/et\/producto\/chicon-extra-oliivid-kurkitsad-900-grammi-pakend-6-uhikut\/","title":{"rendered":"Chic\u00f3n Extra oliivid kurkitsad 900 grammi pakend 6 \u00fchikut"},"content":{"rendered":"<p><a href=\"https:\/\/aceitunaschiconlebron.com\/\" target=\"_blank\" rel=\"noopener noreferrer nofollow\">Chic\u00f3n<\/a> Extra kurgid on valmistatud Antequeras, Malagas.<\/p>\n<p>Neid valmistatakse traditsioonilise retsepti j\u00e4rgi ja traditsioonilisel viisil.<\/p>\n<p>Need on eriti v\u00e4ikesed, \u00f5rnad korni\u0161onid, millel on see kerge ja isu\u00e4ratav \u00e4\u00e4dikapuudutus.<\/p>\n<p>Koostisosadest tulenev maitsesegu koos \u00e4\u00e4dikaga annab sellele erilise maitse, mis on maitsele v\u00e4ga meeldiv.<\/p>\n<p>Kurgid on suupiste, mis tugevdab immuuns\u00fcsteemi, mis t\u00e4hendab, et need toetavad organismi kaitsev\u00f5imet ja \u00fcldist tervist.<\/p>\n<h3><strong>Ekstra korni\u0161onite eelised<\/strong><\/h3>\n<p>Kas teadsid, et hapukurkide kasulikkus on \u00fcldiselt kasulik? Siin on nimekiri k\u00f5ige olulisematest: <\/p>\n<ul>\n<li>Rikkalikult probiootikume.<\/li>\n<li>Nad aitavad seedimist.<\/li>\n<li>Nad tugevdavad immuuns\u00fcsteemi.<\/li>\n<li>Nad v\u00e4hendavad suhkru isu.<\/li>\n<li>Soodne sapip\u00f5ie jaoks.<\/li>\n<\/ul>\n<p>Kui soovite osta oliive v\u00f5i mis tahes muud liiki <a href=\"https:\/\/latiendadesami.com\/categoria-producto\/encurtidos\/\" rel=\"noopener noreferrer nofollow\" target=\"_blank\">marineeritud toiduaineid<\/a>, siis vaadake julgelt meie veebikataloogi, et n\u00e4ha meie <a href=\"https:\/\/latiendadesami.com\/categoria-producto\/encurtidos\/pepinillos\/\" target=\"_blank\" rel=\"noopener noreferrer nofollow\">oliivide<\/a> suurt valikut.<\/p>\n","protected":false},"excerpt":{"rendered":"<p>Chic\u00f3n Extra kurgid on valmistatud Antequeras, Malagas. Neid valmistatakse traditsioonilise retsepti j\u00e4rgi ja traditsioonilisel viisil. Need on eriti v\u00e4ikesed, \u00f5rnad korni\u0161onid, millel on see kerge ja isu\u00e4ratav \u00e4\u00e4dikapuudutus. Koostisosadest tulenev maitsesegu koos \u00e4\u00e4dikaga annab sellele erilise maitse, mis on maitsele v\u00e4ga meeldiv. Kurgid on suupiste, mis tugevdab immuuns\u00fcsteemi, mis t\u00e4hendab, et need toetavad organismi kaitsev\u00f5imet [&hellip;]<\/p>\n","protected":false},"featured_media":34228,"template":"","meta":{"_et_pb_use_builder":"","_et_pb_old_content":"","_et_gb_content_width":""},"product_brand":[1036],"product_cat":[3016,3149],"product_tag":[4121],"class_list":{"0":"post-34224","1":"product","2":"type-product","3":"status-publish","4":"has-post-thumbnail","6":"product_brand-chicon","7":"product_cat-hulgimuuk","8":"product_cat-kurgid-et-2","9":"product_tag-extra-et","11":"first","12":"outofstock","13":"taxable","14":"shipping-taxable","15":"purchasable","16":"product-type-variable"},"_links":{"self":[{"href":"https:\/\/myspainfood.com\/et\/wp-json\/wp\/v2\/product\/34224","targetHints":{"allow":["GET"]}}],"collection":[{"href":"https:\/\/myspainfood.com\/et\/wp-json\/wp\/v2\/product"}],"about":[{"href":"https:\/\/myspainfood.com\/et\/wp-json\/wp\/v2\/types\/product"}],"wp:featuredmedia":[{"embeddable":true,"href":"https:\/\/myspainfood.com\/et\/wp-json\/wp\/v2\/media\/34228"}],"wp:attachment":[{"href":"https:\/\/myspainfood.com\/et\/wp-json\/wp\/v2\/media?parent=34224"}],"wp:term":[{"taxonomy":"product_brand","embeddable":true,"href":"https:\/\/myspainfood.com\/et\/wp-json\/wp\/v2\/product_brand?post=34224"},{"taxonomy":"product_cat","embeddable":true,"href":"https:\/\/myspainfood.com\/et\/wp-json\/wp\/v2\/product_cat?post=34224"},{"taxonomy":"product_tag","embeddable":true,"href":"https:\/\/myspainfood.com\/et\/wp-json\/wp\/v2\/product_tag?post=34224"}],"curies":[{"name":"wp","href":"https:\/\/api.w.org\/{rel}","templated":true}]}}