{"id":34356,"date":"2025-04-10T12:10:12","date_gmt":"2025-04-10T10:10:12","guid":{"rendered":"https:\/\/myspainfood.com\/producto\/norra-suitsulohe-port-faroe-600-g\/"},"modified":"2025-06-24T13:42:11","modified_gmt":"2025-06-24T11:42:11","slug":"norra-suitsulohe-port-faroe-600-g","status":"publish","type":"product","link":"https:\/\/myspainfood.com\/et\/producto\/norra-suitsulohe-port-faroe-600-g\/","title":{"rendered":"Norra suitsul\u00f5he Port Faroe 600 g"},"content":{"rendered":"<p>Suitsutamine on meetod, mida kasutatakse toidu s\u00e4ilitamiseks.<\/p>\n<p> See seisneb toidu allutamises suitsuallikale, mis p\u00e4rineb v\u00e4hese vaiguga puidust valmistatud tulest.<\/p>\n<p> See protsess, lisaks s\u00e4ilitamisele, annab toidule selle erilise suitsumaitse.<\/p>\n<p> Suitsul\u00f5he on toit, mis saadakse l\u00f5he allutamisel eespool kirjeldatud suitsule, mis annab sellele pikema s\u00e4ilitusaja ning teistsuguse ja iseloomuliku maitse.<\/p>\n<p>&nbsp;<\/p>\n","protected":false},"excerpt":{"rendered":"<p>Suitsutamine on meetod, mida kasutatakse toidu s\u00e4ilitamiseks. See seisneb toidu allutamises suitsuallikale, mis p\u00e4rineb v\u00e4hese vaiguga puidust valmistatud tulest. See protsess, lisaks s\u00e4ilitamisele, annab toidule selle erilise suitsumaitse. Suitsul\u00f5he on toit, mis saadakse l\u00f5he allutamisel eespool kirjeldatud suitsule, mis annab sellele pikema s\u00e4ilitusaja ning teistsuguse ja iseloomuliku maitse. &nbsp;<\/p>\n","protected":false},"featured_media":34363,"template":"","meta":{"_et_pb_use_builder":"","_et_pb_old_content":"","_et_gb_content_width":""},"product_brand":[1361],"product_cat":[1880,7774,7775],"product_tag":[],"class_list":{"0":"post-34356","1":"product","2":"type-product","3":"status-publish","4":"has-post-thumbnail","6":"product_brand-ahumados-fernandez-molina","7":"product_cat-cold-et","8":"product_cat-joulud-special","9":"product_cat-lohe","10":"product_shipping_class-kulmaveo-vedu","12":"first","13":"instock","14":"sale","15":"taxable","16":"shipping-taxable","17":"purchasable","18":"product-type-variable"},"_links":{"self":[{"href":"https:\/\/myspainfood.com\/et\/wp-json\/wp\/v2\/product\/34356","targetHints":{"allow":["GET"]}}],"collection":[{"href":"https:\/\/myspainfood.com\/et\/wp-json\/wp\/v2\/product"}],"about":[{"href":"https:\/\/myspainfood.com\/et\/wp-json\/wp\/v2\/types\/product"}],"wp:featuredmedia":[{"embeddable":true,"href":"https:\/\/myspainfood.com\/et\/wp-json\/wp\/v2\/media\/34363"}],"wp:attachment":[{"href":"https:\/\/myspainfood.com\/et\/wp-json\/wp\/v2\/media?parent=34356"}],"wp:term":[{"taxonomy":"product_brand","embeddable":true,"href":"https:\/\/myspainfood.com\/et\/wp-json\/wp\/v2\/product_brand?post=34356"},{"taxonomy":"product_cat","embeddable":true,"href":"https:\/\/myspainfood.com\/et\/wp-json\/wp\/v2\/product_cat?post=34356"},{"taxonomy":"product_tag","embeddable":true,"href":"https:\/\/myspainfood.com\/et\/wp-json\/wp\/v2\/product_tag?post=34356"}],"curies":[{"name":"wp","href":"https:\/\/api.w.org\/{rel}","templated":true}]}}