{"id":34756,"date":"2025-04-10T12:10:13","date_gmt":"2025-04-10T10:10:13","guid":{"rendered":"https:\/\/myspainfood.com\/producto\/flor-de-esgueva-viejo-juust-32-kg\/"},"modified":"2025-06-24T13:45:29","modified_gmt":"2025-06-24T11:45:29","slug":"flor-de-esgueva-viejo-juust-32-kg","status":"publish","type":"product","link":"https:\/\/myspainfood.com\/et\/producto\/flor-de-esgueva-viejo-juust-32-kg\/","title":{"rendered":"Flor de Esgueva Viejo juust 3,2 kg"},"content":{"rendered":"<div class=\"et_pb_blurb_container\">\n<div class=\"et_pb_blurb_container\">\n<h1 class=\"vc_custom_heading\">Esgueva Viejo lill<\/h1>\n<p class=\"vc_custom_heading us_custom_c587e30b\">Valmistatud ainult toorest lambapiimast ja laagerdunud v\u00e4hemalt 7 kuud naturaalses koorikus.<\/p>\n<div class=\"wpb_text_column us_custom_afe9a513\">\n<div class=\"wpb_wrapper\">\n<p>See on intensiivsuse ja tekstuuri poolest t\u00e4iuslik. See on v\u00e4ga sobilik juustus\u00f5brale, kellele meeldib elastne ja peaaegu sulav tekstuur, ilma et suus kaotataks puhas lambamaitse ja intensiivsus. Sellel on pikk ja p\u00fcsiv j\u00e4relmaitse, mis j\u00e4tab m\u00f5neks minutiks meeldiva tunde.  <\/p>\n<\/div>\n<\/div>\n<\/div>\n<\/div>\n","protected":false},"excerpt":{"rendered":"<p>Esgueva Viejo lill Valmistatud ainult toorest lambapiimast ja laagerdunud v\u00e4hemalt 7 kuud naturaalses koorikus. See on intensiivsuse ja tekstuuri poolest t\u00e4iuslik. See on v\u00e4ga sobilik juustus\u00f5brale, kellele meeldib elastne ja peaaegu sulav tekstuur, ilma et suus kaotataks puhas lambamaitse ja intensiivsus. Sellel on pikk ja p\u00fcsiv j\u00e4relmaitse, mis j\u00e4tab m\u00f5neks minutiks meeldiva tunde.<\/p>\n","protected":false},"featured_media":34769,"template":"","meta":{"_et_pb_use_builder":"","_et_pb_old_content":"","_et_gb_content_width":""},"product_brand":[1367],"product_cat":[1880,2261,2742],"product_tag":[],"class_list":{"0":"post-34756","1":"product","2":"type-product","3":"status-publish","4":"has-post-thumbnail","6":"product_brand-flor-de-esgueva","7":"product_cat-cold-et","8":"product_cat-juust-ja-vorst","9":"product_cat-ravimine","10":"product_shipping_class-kulmaveo-vedu","12":"first","13":"outofstock","14":"taxable","15":"shipping-taxable","16":"purchasable","17":"product-type-variable"},"_links":{"self":[{"href":"https:\/\/myspainfood.com\/et\/wp-json\/wp\/v2\/product\/34756","targetHints":{"allow":["GET"]}}],"collection":[{"href":"https:\/\/myspainfood.com\/et\/wp-json\/wp\/v2\/product"}],"about":[{"href":"https:\/\/myspainfood.com\/et\/wp-json\/wp\/v2\/types\/product"}],"wp:featuredmedia":[{"embeddable":true,"href":"https:\/\/myspainfood.com\/et\/wp-json\/wp\/v2\/media\/34769"}],"wp:attachment":[{"href":"https:\/\/myspainfood.com\/et\/wp-json\/wp\/v2\/media?parent=34756"}],"wp:term":[{"taxonomy":"product_brand","embeddable":true,"href":"https:\/\/myspainfood.com\/et\/wp-json\/wp\/v2\/product_brand?post=34756"},{"taxonomy":"product_cat","embeddable":true,"href":"https:\/\/myspainfood.com\/et\/wp-json\/wp\/v2\/product_cat?post=34756"},{"taxonomy":"product_tag","embeddable":true,"href":"https:\/\/myspainfood.com\/et\/wp-json\/wp\/v2\/product_tag?post=34756"}],"curies":[{"name":"wp","href":"https:\/\/api.w.org\/{rel}","templated":true}]}}