{"id":34826,"date":"2025-04-10T12:09:51","date_gmt":"2025-04-10T10:09:51","guid":{"rendered":"https:\/\/myspainfood.com\/producto\/vein-cucamonas-verdejo-de-rueda-2022-bodegas-gotica-120-pudelit\/"},"modified":"2025-04-10T12:09:51","modified_gmt":"2025-04-10T10:09:51","slug":"vein-cucamonas-verdejo-de-rueda-2022-bodegas-gotica-120-pudelit","status":"publish","type":"product","link":"https:\/\/myspainfood.com\/et\/producto\/vein-cucamonas-verdejo-de-rueda-2022-bodegas-gotica-120-pudelit\/","title":{"rendered":"Vein Cucamonas verdejo de Rueda 2022 bodegas G\u00f3tica 120 pudelit"},"content":{"rendered":"<p><strong>Verdejo - <em>100% Verdejo<\/em><\/strong><\/p>\n<p>100% Verdejo viinamarjadest, mis on DO peamine sort. Rueda. Sellest saadakse kvaliteetveine, mis on v\u00e4rsked, v\u00e4ga puuviljased, rohekaskollase v\u00e4rvusega, tsitruseliste aroomidega, t\u00e4idlased ja v\u00e4ga gl\u00fctserilised.  <\/p>\n<p>&nbsp;<\/p>\n","protected":false},"excerpt":{"rendered":"<p>Cucamonas Verdejo Rueda 2022<\/p>\n","protected":false},"featured_media":34827,"template":"","meta":{"_et_pb_use_builder":"","_et_pb_old_content":"","_et_gb_content_width":""},"product_brand":[1140],"product_cat":[3016,4915,4916],"product_tag":[7106,7107],"class_list":{"0":"post-34826","1":"product","2":"type-product","3":"status-publish","4":"has-post-thumbnail","6":"product_brand-ladera-de-los-obispos","7":"product_cat-hulgimuuk","8":"product_cat-joogid","9":"product_cat-vein","10":"product_tag-gothic-et","11":"product_tag-ratas","13":"first","14":"outofstock","15":"featured","16":"taxable","17":"shipping-taxable","18":"purchasable","19":"product-type-simple"},"_links":{"self":[{"href":"https:\/\/myspainfood.com\/et\/wp-json\/wp\/v2\/product\/34826","targetHints":{"allow":["GET"]}}],"collection":[{"href":"https:\/\/myspainfood.com\/et\/wp-json\/wp\/v2\/product"}],"about":[{"href":"https:\/\/myspainfood.com\/et\/wp-json\/wp\/v2\/types\/product"}],"wp:featuredmedia":[{"embeddable":true,"href":"https:\/\/myspainfood.com\/et\/wp-json\/wp\/v2\/media\/34827"}],"wp:attachment":[{"href":"https:\/\/myspainfood.com\/et\/wp-json\/wp\/v2\/media?parent=34826"}],"wp:term":[{"taxonomy":"product_brand","embeddable":true,"href":"https:\/\/myspainfood.com\/et\/wp-json\/wp\/v2\/product_brand?post=34826"},{"taxonomy":"product_cat","embeddable":true,"href":"https:\/\/myspainfood.com\/et\/wp-json\/wp\/v2\/product_cat?post=34826"},{"taxonomy":"product_tag","embeddable":true,"href":"https:\/\/myspainfood.com\/et\/wp-json\/wp\/v2\/product_tag?post=34826"}],"curies":[{"name":"wp","href":"https:\/\/api.w.org\/{rel}","templated":true}]}}