{"id":36784,"date":"2025-04-10T12:11:40","date_gmt":"2025-04-10T10:11:40","guid":{"rendered":"https:\/\/myspainfood.com\/producto\/andaluusia-gazpacho-ekstra-neitsioliivioliga-arteoliva-1-liiter\/"},"modified":"2026-01-29T12:31:44","modified_gmt":"2026-01-29T11:31:44","slug":"andaluusia-gazpacho-ekstra-neitsioliivioliga-arteoliva-1-liiter","status":"publish","type":"product","link":"https:\/\/myspainfood.com\/et\/producto\/andaluusia-gazpacho-ekstra-neitsioliivioliga-arteoliva-1-liiter\/","title":{"rendered":"Andaluusia Gazpacho ekstra neitsioliivi\u00f5liga ARTEOLIVA 1 liiter"},"content":{"rendered":"<p>See on toode, mis j\u00e4rgib t\u00e4pselt ehtsa andaluusia gazpacho traditsioonilist retsepti. See sisaldab kvaliteetseid v\u00e4rskeid k\u00f6\u00f6givilju, nagu tomat, kurk, pipar, k\u00fc\u00fcslauk, ekstra neitsioliivi\u00f5li ja leib, \u0161erri\u00e4\u00e4dikas, vesi ja meresool. Erinevalt teistest turul olevatest toodetest sisaldab &#8220;ArteOliva&#8221; gazpacho rohkem ekstra neitsioliivi\u00f5li ja leiba, mida peetakse traditsioonilise retsepti oluliseks koostisosaks.  <\/p>\n","protected":false},"excerpt":{"rendered":"<p>See on toode, mis j\u00e4rgib t\u00e4pselt ehtsa andaluusia gazpacho traditsioonilist retsepti. See sisaldab kvaliteetseid v\u00e4rskeid k\u00f6\u00f6givilju, nagu tomat, kurk, pipar, k\u00fc\u00fcslauk, ekstra neitsioliivi\u00f5li ja leib, \u0161erri\u00e4\u00e4dikas, vesi ja meresool. Erinevalt teistest turul olevatest toodetest sisaldab &#8220;ArteOliva&#8221; gazpacho rohkem ekstra neitsioliivi\u00f5li ja leiba, mida peetakse traditsioonilise retsepti oluliseks koostisosaks.<\/p>\n","protected":false},"featured_media":36785,"template":"","meta":{"_et_pb_use_builder":"","_et_pb_old_content":"","_et_gb_content_width":""},"product_brand":[1457],"product_cat":[2522,4915,1938],"product_tag":[],"class_list":{"0":"post-36784","1":"product","2":"type-product","3":"status-publish","4":"has-post-thumbnail","6":"product_brand-arteoliva","7":"product_cat-ekstra-neitsioliivi","8":"product_cat-joogid","9":"product_cat-sailitab","11":"first","12":"outofstock","13":"taxable","14":"shipping-taxable","15":"product-type-variable"},"_links":{"self":[{"href":"https:\/\/myspainfood.com\/et\/wp-json\/wp\/v2\/product\/36784","targetHints":{"allow":["GET"]}}],"collection":[{"href":"https:\/\/myspainfood.com\/et\/wp-json\/wp\/v2\/product"}],"about":[{"href":"https:\/\/myspainfood.com\/et\/wp-json\/wp\/v2\/types\/product"}],"wp:featuredmedia":[{"embeddable":true,"href":"https:\/\/myspainfood.com\/et\/wp-json\/wp\/v2\/media\/36785"}],"wp:attachment":[{"href":"https:\/\/myspainfood.com\/et\/wp-json\/wp\/v2\/media?parent=36784"}],"wp:term":[{"taxonomy":"product_brand","embeddable":true,"href":"https:\/\/myspainfood.com\/et\/wp-json\/wp\/v2\/product_brand?post=36784"},{"taxonomy":"product_cat","embeddable":true,"href":"https:\/\/myspainfood.com\/et\/wp-json\/wp\/v2\/product_cat?post=36784"},{"taxonomy":"product_tag","embeddable":true,"href":"https:\/\/myspainfood.com\/et\/wp-json\/wp\/v2\/product_tag?post=36784"}],"curies":[{"name":"wp","href":"https:\/\/api.w.org\/{rel}","templated":true}]}}