{"id":37548,"date":"2025-04-10T12:05:45","date_gmt":"2025-04-10T10:05:45","guid":{"rendered":"https:\/\/myspainfood.com\/producto\/munapuder-45-kg\/"},"modified":"2025-04-10T12:05:45","modified_gmt":"2025-04-10T10:05:45","slug":"munapuder-45-kg","status":"publish","type":"product","link":"https:\/\/myspainfood.com\/et\/producto\/munapuder-45-kg\/","title":{"rendered":"Munapuder 4,5 kg"},"content":{"rendered":"<p>See 4,5 kg vees, soolas ja \u00e4\u00e4dikas marineeritud hapukurkide segu sisaldab oliive, sibulat ja korniine.<\/p>\n<p>See oliivide ja hapukurkide <a href=\"https:\/\/www.google.com\/search?q=revuelto+aceitunas+s%C3%A1ngar&amp;sxsrf=APq-WBt1wkTZta0IAEDoueZPBxEuaY8Dtw:1644308614563&amp;source=lnms&amp;tbm=isch&amp;sa=X&amp;ved=2ahUKEwjouvz21u_1AhVV_rsIHacjBd0Q_AUoAXoECAEQAw&amp;biw=1577&amp;bih=780&amp;dpr=1\" target=\"_blank\" rel=\"noopener noreferrer nofollow\">kombinatsioon<\/a> v\u00f5imaldab nautida tapas- v\u00f5i eelroogades v\u00f5rratut maitset.<\/p>\n<p>See on v\u00e4ga tervislik t\u00e4iendus meie traditsioonilisele toitev\u00e4\u00e4rtuslikule Vahemere piirkonna toitumisele.<\/p>\n<p>Hispaanias leiame oliive, korni\u0161onge, bakla\u017eaane, porgandeid, sibulat, v\u00e4ga traditsioonilisi kappari, k\u00fc\u00fcslauku v\u00f5i isegi nende segu.<\/p>\n<p>Neid serveeritakse sageli tapasena \u00f5llega (mitte veiniga, kuna need sisaldavad \u00e4\u00e4dikat).<\/p>\n<p>Marineeritud hapukurgid on kogu maailmas muutunud iidsetest toidu s\u00e4ilitamise meetoditest \u00fcheks k\u00f5ige populaarsemaks tapaks v\u00f5i eelroaks Hispaania gastronoomias.<\/p>\n<h3><strong>Rannamunade eelised 4.5kg<\/strong><\/h3>\n<p>Kas teadsid, mis kasu on 4,5kg rammusast munast ja hapukurgist \u00fcldiselt? Siin on nimekiri k\u00f5ige olulisematest: <\/p>\n<ul>\n<li>Rikkalikult probiootikume.<\/li>\n<li>Nad aitavad seedimist.<\/li>\n<li>Nad tugevdavad immuuns\u00fcsteemi.<\/li>\n<li>Nad v\u00e4hendavad suhkru isu.<\/li>\n<li>Soodne sapip\u00f5ie jaoks.<\/li>\n<\/ul>\n<p>&nbsp;<\/p>\n<p>Kui soovite osta oliive v\u00f5i mis tahes muud t\u00fc\u00fcpi <a href=\"https:\/\/latiendadesami.com\/categoria-producto\/encurtidos\/\" rel=\"noopener noreferrer nofollow\" target=\"_blank\">hapukurgid<\/a>, siis vaadake julgelt meie veebikataloogi, et n\u00e4ha meie laia valikut <a href=\"https:\/\/latiendadesami.com\/categoria-producto\/encurtidos\/aceitunas\/\" target=\"_blank\" rel=\"noopener noreferrer nofollow\">oliive<\/a> v\u00f5i Revuelto 4,5kg.<\/p>\n<p>Lisateabe saamiseks kirjutage meile.<\/p>\n","protected":false},"excerpt":{"rendered":"<p>See 4,5 kg vees, soolas ja \u00e4\u00e4dikas marineeritud hapukurkide segu sisaldab oliive, sibulat ja korniine. See oliivide ja hapukurkide kombinatsioon v\u00f5imaldab nautida tapas- v\u00f5i eelroogades v\u00f5rratut maitset. See on v\u00e4ga tervislik t\u00e4iendus meie traditsioonilisele toitev\u00e4\u00e4rtuslikule Vahemere piirkonna toitumisele. Hispaanias leiame oliive, korni\u0161onge, bakla\u017eaane, porgandeid, sibulat, v\u00e4ga traditsioonilisi kappari, k\u00fc\u00fcslauku v\u00f5i isegi nende segu. Neid serveeritakse [&hellip;]<\/p>\n","protected":false},"featured_media":37550,"template":"","meta":{"_et_pb_use_builder":"","_et_pb_old_content":"","_et_gb_content_width":""},"product_brand":[1069],"product_cat":[1995,1790,1793],"product_tag":[8148],"class_list":{"0":"post-37548","1":"product","2":"type-product","3":"status-publish","4":"has-post-thumbnail","6":"product_brand-sangar","7":"product_cat-kurgid-et","8":"product_cat-kurgid","9":"product_cat-oliivid","10":"product_tag-ruubatud-munad","12":"first","13":"outofstock","14":"taxable","15":"shipping-taxable","16":"purchasable","17":"product-type-simple"},"_links":{"self":[{"href":"https:\/\/myspainfood.com\/et\/wp-json\/wp\/v2\/product\/37548","targetHints":{"allow":["GET"]}}],"collection":[{"href":"https:\/\/myspainfood.com\/et\/wp-json\/wp\/v2\/product"}],"about":[{"href":"https:\/\/myspainfood.com\/et\/wp-json\/wp\/v2\/types\/product"}],"wp:featuredmedia":[{"embeddable":true,"href":"https:\/\/myspainfood.com\/et\/wp-json\/wp\/v2\/media\/37550"}],"wp:attachment":[{"href":"https:\/\/myspainfood.com\/et\/wp-json\/wp\/v2\/media?parent=37548"}],"wp:term":[{"taxonomy":"product_brand","embeddable":true,"href":"https:\/\/myspainfood.com\/et\/wp-json\/wp\/v2\/product_brand?post=37548"},{"taxonomy":"product_cat","embeddable":true,"href":"https:\/\/myspainfood.com\/et\/wp-json\/wp\/v2\/product_cat?post=37548"},{"taxonomy":"product_tag","embeddable":true,"href":"https:\/\/myspainfood.com\/et\/wp-json\/wp\/v2\/product_tag?post=37548"}],"curies":[{"name":"wp","href":"https:\/\/api.w.org\/{rel}","templated":true}]}}