{"id":37559,"date":"2025-04-10T12:05:09","date_gmt":"2025-04-10T10:05:09","guid":{"rendered":"https:\/\/myspainfood.com\/producto\/valge-kuuslauk-900-gr-chicon\/"},"modified":"2025-04-10T12:05:09","modified_gmt":"2025-04-10T10:05:09","slug":"valge-kuuslauk-900-gr-chicon","status":"publish","type":"product","link":"https:\/\/myspainfood.com\/et\/producto\/valge-kuuslauk-900-gr-chicon\/","title":{"rendered":"Valge k\u00fc\u00fcslauk 900 gr Chic\u00f3n"},"content":{"rendered":"<p><strong>Valge k\u00fc\u00fcslauk \u00f5<\/strong>lis, kooritud, t\u00f6\u00f6deldud ja kuivatatud, et pehmendada selle loomulikku maitset, s\u00e4ilitades samal ajal selle algsed omadused.<\/p>\n<p>K\u00fc\u00fcslauk \u00f5lis on h\u00f5rgutis maitsele, kas eelroana v\u00f5i parimate roogade lisandina.<\/p>\n<h3><strong>Valge <a href=\"https:\/\/aceitunaschiconlebron.com\/catalogo\/ajos-en-aceite\/\" target=\"_blank\" rel=\"noopener noreferrer nofollow\">k\u00fc\u00fcslaugu\u00f5li<\/a> eelised<\/strong><\/h3>\n<p>Kas te teate, mis on k\u00fc\u00fcslaugu peamised eelised \u00f5lis marineeritud hapukurgina? Noh, paljude muude omaduste hulgas on need rikkalikult probiootikume, tugevdavad immuuns\u00fcsteemi ja isegi aitavad seedimist. <\/p>\n<p>Marineeritud hapukurgid on kogu maailmas muutunud iidsest toidu s\u00e4ilitamise tehnikast \u00fcheks k\u00f5ige hinnatumaks tapaks v\u00f5i eelroaks Hispaania gastronoomias. Lisaks meie maitsvale <strong>k\u00fc\u00fcslaugule \u00f5<\/strong>lis leiate meie veebikataloogist ka muud t\u00fc\u00fcpi hapukurkasid, nagu n\u00e4iteks kapparid, magusad banderillad v\u00f5i v\u00fcrtsikad banderillad. <\/p>\n<h3><strong>Omadused Marineeritud k\u00fc\u00fcslauk<\/strong><\/h3>\n<p>Sellel on <strong>antibiootilised omadused<\/strong>. K\u00fc\u00fcslaugu\u00f5li tapab mitmesuguseid mikroobe, nagu viirused, bakterid, seened ja parasiidid. <\/p>\n<p>See on <strong>dekongestantne<\/strong>, C-vitamiini, ens\u00fc\u00fcmide ja mineraalide allikas, mis aitavad tugevdada organismi kaitsev\u00f5imet ja immuunsust.<\/p>\n<p><strong>K\u00fc\u00fcslauk \u00f5lis kaitseb meie s\u00fcdant s\u00fcdame-<\/strong> ja veresoonkonnaprobleemide, n\u00e4iteks s\u00fcdameinfarkti ja ateroskleroosi eest.<\/p>\n<p>Veel \u00fcks <strong>marineeritud k\u00fc\u00fcslaugu omadus<\/strong> on see, et see v\u00e4hendab kolesterooli, kuna see on v\u00f5imeline m\u00f5\u00f5dukalt v\u00e4hendama vere trigl\u00fctseriidide ja \u00fcldkolesterooli taset, mis v\u00f5ib v\u00e4hendada arteriaalset naastu.<\/p>\n<p>L\u00fchidalt \u00f6eldes on \u00f5lis v\u00f5i <a href=\"https:\/\/latiendadesami.com\/categoria-producto\/encurtidos\/\" target=\"_blank\" rel=\"noopener noreferrer nofollow\">marineeritud<\/a> k\u00fc\u00fcslaugul mitmeid omadusi ja kasu inimese tervisele.<\/p>\n","protected":false},"excerpt":{"rendered":"<p>Valge k\u00fc\u00fcslauk \u00f5lis, kooritud, t\u00f6\u00f6deldud ja kuivatatud, et pehmendada selle loomulikku maitset, s\u00e4ilitades samal ajal selle algsed omadused. K\u00fc\u00fcslauk \u00f5lis on h\u00f5rgutis maitsele, kas eelroana v\u00f5i parimate roogade lisandina. Valge k\u00fc\u00fcslaugu\u00f5li eelised Kas te teate, mis on k\u00fc\u00fcslaugu peamised eelised \u00f5lis marineeritud hapukurgina? Noh, paljude muude omaduste hulgas on need rikkalikult probiootikume, tugevdavad immuuns\u00fcsteemi ja [&hellip;]<\/p>\n","protected":false},"featured_media":37560,"template":"","meta":{"_et_pb_use_builder":"","_et_pb_old_content":"","_et_gb_content_width":""},"product_brand":[1036],"product_cat":[1790,3916],"product_tag":[3917,4188],"class_list":{"0":"post-37559","1":"product","2":"type-product","3":"status-publish","4":"has-post-thumbnail","6":"product_brand-chicon","7":"product_cat-kurgid","8":"product_cat-kuuslauk","9":"product_tag-kuuslauk","10":"product_tag-valge","12":"first","13":"instock","14":"taxable","15":"shipping-taxable","16":"purchasable","17":"product-type-variable"},"_links":{"self":[{"href":"https:\/\/myspainfood.com\/et\/wp-json\/wp\/v2\/product\/37559","targetHints":{"allow":["GET"]}}],"collection":[{"href":"https:\/\/myspainfood.com\/et\/wp-json\/wp\/v2\/product"}],"about":[{"href":"https:\/\/myspainfood.com\/et\/wp-json\/wp\/v2\/types\/product"}],"wp:featuredmedia":[{"embeddable":true,"href":"https:\/\/myspainfood.com\/et\/wp-json\/wp\/v2\/media\/37560"}],"wp:attachment":[{"href":"https:\/\/myspainfood.com\/et\/wp-json\/wp\/v2\/media?parent=37559"}],"wp:term":[{"taxonomy":"product_brand","embeddable":true,"href":"https:\/\/myspainfood.com\/et\/wp-json\/wp\/v2\/product_brand?post=37559"},{"taxonomy":"product_cat","embeddable":true,"href":"https:\/\/myspainfood.com\/et\/wp-json\/wp\/v2\/product_cat?post=37559"},{"taxonomy":"product_tag","embeddable":true,"href":"https:\/\/myspainfood.com\/et\/wp-json\/wp\/v2\/product_tag?post=37559"}],"curies":[{"name":"wp","href":"https:\/\/api.w.org\/{rel}","templated":true}]}}